{"id":7575,"date":"2026-03-05T08:22:20","date_gmt":"2026-03-05T08:22:20","guid":{"rendered":"https:\/\/kimyasalevi.com\/?post_type=product&#038;p=7575"},"modified":"2026-04-03T10:04:08","modified_gmt":"2026-04-03T10:04:08","slug":"aloe-vera-extract-aloe-vera-ozu","status":"publish","type":"product","link":"https:\/\/kimyasalevi.com\/ar\/product\/aloe-vera-extract-aloe-vera-ozu\/","title":{"rendered":"Aloe vera extract \u2014 Aloe vera \u00f6z\u00fc"},"content":{"rendered":"<p>Aloe Vera Ekstresi kozmetik ve ki\u015fisel bak\u0131m \u00fcr\u00fcnlerinde en \u00e7ok kullan\u0131lan do\u011fal bitki \u00f6zlerinden biridir. Cilt \u00fczerinde g\u00fc\u00e7l\u00fc bir nemlendirici ve yat\u0131\u015ft\u0131r\u0131c\u0131 etkiye sahiptir. \u00d6zellikle hassas, tahri\u015f olmu\u015f veya g\u00fcne\u015fe maruz kalm\u0131\u015f ciltlerde rahatlat\u0131c\u0131 etki sa\u011flar. \u0130\u00e7eri\u011finde bulunan polisakkaritler, vitaminler ve mineraller sayesinde cildin nem dengesini korumaya yard\u0131mc\u0131 olur ve cildin daha sa\u011fl\u0131kl\u0131 g\u00f6r\u00fcnmesini destekler. Kozmetik form\u00fclasyonlarda y\u00fcz kremleri, serumlar, maskeler, g\u00fcne\u015f sonras\u0131 \u00fcr\u00fcnler, sa\u00e7 bak\u0131m \u00fcr\u00fcnleri, \u015fampuanlar ve v\u00fccut losyonlar\u0131nda yayg\u0131n olarak kullan\u0131l\u0131r. Ayr\u0131ca sa\u00e7 bak\u0131m \u00fcr\u00fcnlerinde sa\u00e7 derisini nemlendirmeye yard\u0131mc\u0131 olur, sa\u00e7\u0131n daha yumu\u015fak ve parlak g\u00f6r\u00fcnmesini destekler. Form\u00fclasyonlara genellikle s\u0131v\u0131 ekstrakt veya konsantre formda eklenir ve \u00fcr\u00fcn\u00fcn genel bak\u0131m ve yat\u0131\u015ft\u0131r\u0131c\u0131 etkisini art\u0131rmak amac\u0131yla tercih edilir.<\/p>\n","protected":false},"excerpt":{"rendered":"<p>&#8230;<\/p>\n","protected":false},"featured_media":7584,"comment_status":"closed","ping_status":"closed","template":"","meta":[],"etheme_brands":[],"product_brand":[],"product_cat":[275],"product_tag":[],"class_list":{"0":"post-7575","1":"product","2":"type-product","3":"status-publish","4":"has-post-thumbnail","6":"product_cat-bitkisel-ekstraktlar","8":"first","9":"instock","10":"taxable","11":"shipping-taxable","12":"purchasable","13":"product-type-variable"},"_links":{"self":[{"href":"https:\/\/kimyasalevi.com\/ar\/wp-json\/wp\/v2\/product\/7575","targetHints":{"allow":["GET"]}}],"collection":[{"href":"https:\/\/kimyasalevi.com\/ar\/wp-json\/wp\/v2\/product"}],"about":[{"href":"https:\/\/kimyasalevi.com\/ar\/wp-json\/wp\/v2\/types\/product"}],"replies":[{"embeddable":true,"href":"https:\/\/kimyasalevi.com\/ar\/wp-json\/wp\/v2\/comments?post=7575"}],"version-history":[{"count":1,"href":"https:\/\/kimyasalevi.com\/ar\/wp-json\/wp\/v2\/product\/7575\/revisions"}],"predecessor-version":[{"id":7585,"href":"https:\/\/kimyasalevi.com\/ar\/wp-json\/wp\/v2\/product\/7575\/revisions\/7585"}],"wp:featuredmedia":[{"embeddable":true,"href":"https:\/\/kimyasalevi.com\/ar\/wp-json\/wp\/v2\/media\/7584"}],"wp:attachment":[{"href":"https:\/\/kimyasalevi.com\/ar\/wp-json\/wp\/v2\/media?parent=7575"}],"wp:term":[{"taxonomy":"brand","embeddable":true,"href":"https:\/\/kimyasalevi.com\/ar\/wp-json\/wp\/v2\/etheme_brands?post=7575"},{"taxonomy":"product_brand","embeddable":true,"href":"https:\/\/kimyasalevi.com\/ar\/wp-json\/wp\/v2\/product_brand?post=7575"},{"taxonomy":"product_cat","embeddable":true,"href":"https:\/\/kimyasalevi.com\/ar\/wp-json\/wp\/v2\/product_cat?post=7575"},{"taxonomy":"product_tag","embeddable":true,"href":"https:\/\/kimyasalevi.com\/ar\/wp-json\/wp\/v2\/product_tag?post=7575"}],"curies":[{"name":"wp","href":"https:\/\/api.w.org\/{rel}","templated":true}]}}