{"id":7609,"date":"2026-03-06T11:45:56","date_gmt":"2026-03-06T11:45:56","guid":{"rendered":"https:\/\/kimyasalevi.com\/?post_type=product&#038;p=7609"},"modified":"2026-04-03T10:04:34","modified_gmt":"2026-04-03T10:04:34","slug":"rose-extract-gul-ozu","status":"publish","type":"product","link":"https:\/\/kimyasalevi.com\/ar\/product\/rose-extract-gul-ozu\/","title":{"rendered":"Rose extract \u2014 G\u00fcl \u00f6z\u00fc"},"content":{"rendered":"<p>G\u00fcl Ekstresi kozmetik ve ki\u015fisel bak\u0131m \u00fcr\u00fcnlerinde en \u00e7ok tercih edilen bitkisel \u00f6zlerden biridir. Cildi nemlendirmeye, yat\u0131\u015ft\u0131rmaya ve canland\u0131rmaya yard\u0131mc\u0131 olan do\u011fal bile\u015fenler i\u00e7erir. \u00d6zellikle hassas ve kuru ciltler i\u00e7in geli\u015ftirilen \u00fcr\u00fcnlerde s\u0131k\u00e7a kullan\u0131l\u0131r \u00e7\u00fcnk\u00fc ciltte ferahlat\u0131c\u0131 ve rahatlat\u0131c\u0131 bir etki sa\u011flayabilir. G\u00fcl ekstrakt\u0131 ayn\u0131 zamanda cilt tonunun daha dengeli ve canl\u0131 g\u00f6r\u00fcnmesine katk\u0131da bulunabilir. Antioksidan \u00f6zellikleri sayesinde cildi \u00e7evresel fakt\u00f6rlerin olumsuz etkilerine kar\u015f\u0131 destekleyebilir. Bu nedenle y\u00fcz tonikleri, serumlar, nemlendirici kremler, maskeler ve y\u00fcz temizleme \u00fcr\u00fcnlerinde yayg\u0131n olarak kullan\u0131l\u0131r. Ayr\u0131ca v\u00fccut bak\u0131m \u00fcr\u00fcnlerinde ve do\u011fal kozmetik form\u00fclasyonlar\u0131nda da tercih edilir. Sa\u00e7 bak\u0131m \u00fcr\u00fcnlerinde ise sa\u00e7 derisini yat\u0131\u015ft\u0131rmaya yard\u0131mc\u0131 olabilir ve sa\u00e7\u0131n daha parlak ve canl\u0131 g\u00f6r\u00fcnmesini destekleyebilir. Ayn\u0131 zamanda kozmetik \u00fcr\u00fcnlere ho\u015f ve do\u011fal bir \u00e7i\u00e7ek aromas\u0131 kazand\u0131r\u0131r.<\/p>\n","protected":false},"excerpt":{"rendered":"<p>&#8230;<\/p>\n","protected":false},"featured_media":7578,"comment_status":"closed","ping_status":"closed","template":"","meta":[],"etheme_brands":[],"product_brand":[],"product_cat":[275],"product_tag":[],"class_list":{"0":"post-7609","1":"product","2":"type-product","3":"status-publish","4":"has-post-thumbnail","6":"product_cat-bitkisel-ekstraktlar","8":"first","9":"instock","10":"taxable","11":"shipping-taxable","12":"purchasable","13":"product-type-variable","14":"has-default-attributes"},"_links":{"self":[{"href":"https:\/\/kimyasalevi.com\/ar\/wp-json\/wp\/v2\/product\/7609","targetHints":{"allow":["GET"]}}],"collection":[{"href":"https:\/\/kimyasalevi.com\/ar\/wp-json\/wp\/v2\/product"}],"about":[{"href":"https:\/\/kimyasalevi.com\/ar\/wp-json\/wp\/v2\/types\/product"}],"replies":[{"embeddable":true,"href":"https:\/\/kimyasalevi.com\/ar\/wp-json\/wp\/v2\/comments?post=7609"}],"version-history":[{"count":1,"href":"https:\/\/kimyasalevi.com\/ar\/wp-json\/wp\/v2\/product\/7609\/revisions"}],"predecessor-version":[{"id":7611,"href":"https:\/\/kimyasalevi.com\/ar\/wp-json\/wp\/v2\/product\/7609\/revisions\/7611"}],"wp:featuredmedia":[{"embeddable":true,"href":"https:\/\/kimyasalevi.com\/ar\/wp-json\/wp\/v2\/media\/7578"}],"wp:attachment":[{"href":"https:\/\/kimyasalevi.com\/ar\/wp-json\/wp\/v2\/media?parent=7609"}],"wp:term":[{"taxonomy":"brand","embeddable":true,"href":"https:\/\/kimyasalevi.com\/ar\/wp-json\/wp\/v2\/etheme_brands?post=7609"},{"taxonomy":"product_brand","embeddable":true,"href":"https:\/\/kimyasalevi.com\/ar\/wp-json\/wp\/v2\/product_brand?post=7609"},{"taxonomy":"product_cat","embeddable":true,"href":"https:\/\/kimyasalevi.com\/ar\/wp-json\/wp\/v2\/product_cat?post=7609"},{"taxonomy":"product_tag","embeddable":true,"href":"https:\/\/kimyasalevi.com\/ar\/wp-json\/wp\/v2\/product_tag?post=7609"}],"curies":[{"name":"wp","href":"https:\/\/api.w.org\/{rel}","templated":true}]}}