{"id":7664,"date":"2026-03-10T06:46:34","date_gmt":"2026-03-10T06:46:34","guid":{"rendered":"https:\/\/kimyasalevi.com\/?post_type=product&#038;p=7664"},"modified":"2026-04-03T10:05:21","modified_gmt":"2026-04-03T10:05:21","slug":"adacayi-yagi-sage-oil","status":"publish","type":"product","link":"https:\/\/kimyasalevi.com\/ar\/product\/adacayi-yagi-sage-oil\/","title":{"rendered":"Ada\u00e7ay\u0131 ya\u011f\u0131 \u2014 Sage Oil"},"content":{"rendered":"<p>Ada\u00e7ay\u0131 Ya\u011f\u0131 (Sage Oil) kozmetik ve ki\u015fisel bak\u0131m \u00fcr\u00fcnlerinde kullan\u0131lan aromatik bitkisel ya\u011flardan biridir. \u0130\u00e7eri\u011finde bulunan do\u011fal aktif bile\u015fenler sayesinde \u00f6zellikle cilt ve sa\u00e7 bak\u0131m \u00fcr\u00fcnlerinde tercih edilir. Cilt bak\u0131m\u0131nda cildin daha dengeli g\u00f6r\u00fcnmesine yard\u0131mc\u0131 olabilir ve \u00f6zellikle ya\u011fl\u0131 veya akneye e\u011filimli ciltler i\u00e7in geli\u015ftirilen \u00fcr\u00fcnlerde kullan\u0131labilir. Ayn\u0131 zamanda cildi ferahlat\u0131c\u0131 ve canland\u0131r\u0131c\u0131 bir etki sa\u011flayabilir. Bu nedenle y\u00fcz tonikleri, temizleyiciler, maskeler ve do\u011fal cilt bak\u0131m \u00fcr\u00fcnlerinde yer alabilir. Sa\u00e7 bak\u0131m \u00fcr\u00fcnlerinde ise sa\u00e7 derisini desteklemeye ve sa\u00e7\u0131n daha sa\u011fl\u0131kl\u0131 g\u00f6r\u00fcnmesine katk\u0131 sa\u011flayabilir. Sa\u00e7 derisinin dengelenmesine yard\u0131mc\u0131 olabilece\u011fi i\u00e7in \u015fampuanlar, sa\u00e7 tonikleri ve sa\u00e7 bak\u0131m ya\u011flar\u0131nda kullan\u0131labilir. Ayr\u0131ca kozmetik \u00fcr\u00fcnlere do\u011fal, bitkisel ve ferah bir aroma kazand\u0131r\u0131r. Kozmetik form\u00fclasyonlarda genellikle aromatik ya\u011f olarak d\u00fc\u015f\u00fck oranlarda eklenir ve \u00fcr\u00fcn\u00fcn bak\u0131m etkisini ve duyusal \u00f6zelliklerini desteklemek amac\u0131yla tercih edilir.<\/p>\n","protected":false},"excerpt":{"rendered":"<p>&#8230;<\/p>\n","protected":false},"featured_media":7639,"comment_status":"closed","ping_status":"closed","template":"","meta":[],"etheme_brands":[],"product_brand":[],"product_cat":[264],"product_tag":[],"class_list":{"0":"post-7664","1":"product","2":"type-product","3":"status-publish","4":"has-post-thumbnail","6":"product_cat-ucucu-yaglar","8":"first","9":"instock","10":"taxable","11":"shipping-taxable","12":"purchasable","13":"product-type-variable"},"_links":{"self":[{"href":"https:\/\/kimyasalevi.com\/ar\/wp-json\/wp\/v2\/product\/7664","targetHints":{"allow":["GET"]}}],"collection":[{"href":"https:\/\/kimyasalevi.com\/ar\/wp-json\/wp\/v2\/product"}],"about":[{"href":"https:\/\/kimyasalevi.com\/ar\/wp-json\/wp\/v2\/types\/product"}],"replies":[{"embeddable":true,"href":"https:\/\/kimyasalevi.com\/ar\/wp-json\/wp\/v2\/comments?post=7664"}],"version-history":[{"count":1,"href":"https:\/\/kimyasalevi.com\/ar\/wp-json\/wp\/v2\/product\/7664\/revisions"}],"predecessor-version":[{"id":7666,"href":"https:\/\/kimyasalevi.com\/ar\/wp-json\/wp\/v2\/product\/7664\/revisions\/7666"}],"wp:featuredmedia":[{"embeddable":true,"href":"https:\/\/kimyasalevi.com\/ar\/wp-json\/wp\/v2\/media\/7639"}],"wp:attachment":[{"href":"https:\/\/kimyasalevi.com\/ar\/wp-json\/wp\/v2\/media?parent=7664"}],"wp:term":[{"taxonomy":"brand","embeddable":true,"href":"https:\/\/kimyasalevi.com\/ar\/wp-json\/wp\/v2\/etheme_brands?post=7664"},{"taxonomy":"product_brand","embeddable":true,"href":"https:\/\/kimyasalevi.com\/ar\/wp-json\/wp\/v2\/product_brand?post=7664"},{"taxonomy":"product_cat","embeddable":true,"href":"https:\/\/kimyasalevi.com\/ar\/wp-json\/wp\/v2\/product_cat?post=7664"},{"taxonomy":"product_tag","embeddable":true,"href":"https:\/\/kimyasalevi.com\/ar\/wp-json\/wp\/v2\/product_tag?post=7664"}],"curies":[{"name":"wp","href":"https:\/\/api.w.org\/{rel}","templated":true}]}}