{"id":7676,"date":"2026-03-10T07:11:07","date_gmt":"2026-03-10T07:11:07","guid":{"rendered":"https:\/\/kimyasalevi.com\/?post_type=product&#038;p=7676"},"modified":"2026-04-03T10:05:47","modified_gmt":"2026-04-03T10:05:47","slug":"zencefil-yagi-ginger-oil","status":"publish","type":"product","link":"https:\/\/kimyasalevi.com\/ar\/product\/zencefil-yagi-ginger-oil\/","title":{"rendered":"Zencefil ya\u011f\u0131 \u2014 Ginger Oil"},"content":{"rendered":"<p>Zencefil Ya\u011f\u0131 kozmetik ve ki\u015fisel bak\u0131m \u00fcr\u00fcnlerinde kullan\u0131lan aromatik bitkisel ya\u011flardan biridir. \u0130\u00e7eri\u011finde bulunan do\u011fal aktif bile\u015fenler sayesinde cilt bak\u0131m ve sa\u00e7 bak\u0131m form\u00fclasyonlar\u0131nda tercih edilir. Cilt bak\u0131m\u0131nda cildi canland\u0131rmaya ve daha sa\u011fl\u0131kl\u0131 bir g\u00f6r\u00fcn\u00fcm kazanmas\u0131na yard\u0131mc\u0131 olabilir. Ayn\u0131 zamanda cilde hafif bir \u0131s\u0131nma ve ferahl\u0131k hissi verebilir, bu nedenle masaj ya\u011flar\u0131 ve v\u00fccut bak\u0131m \u00fcr\u00fcnlerinde de kullan\u0131labilir. Do\u011fal kozmetik \u00fcr\u00fcnlerinde cilt bak\u0131m ya\u011flar\u0131, kremler, losyonlar ve aromatik bak\u0131m \u00fcr\u00fcnlerinde yer alabilir. Sa\u00e7 bak\u0131m \u00fcr\u00fcnlerinde ise sa\u00e7 derisini desteklemeye yard\u0131mc\u0131 olabilir ve sa\u00e7\u0131n daha canl\u0131 g\u00f6r\u00fcnmesine katk\u0131 sa\u011flayabilir. Bu nedenle \u015fampuanlar, sa\u00e7 bak\u0131m ya\u011flar\u0131 ve sa\u00e7 toniklerinde kullan\u0131labilir. Ayr\u0131ca kozmetik \u00fcr\u00fcnlere s\u0131cak, baharatl\u0131 ve karakteristik bir aroma kazand\u0131r\u0131r. Kozmetik form\u00fclasyonlarda genellikle u\u00e7ucu ya\u011f olarak d\u00fc\u015f\u00fck oranlarda eklenir ve \u00fcr\u00fcn\u00fcn aromatik ve duyusal \u00f6zelliklerini geli\u015ftirmek amac\u0131yla tercih edilir.<\/p>\n","protected":false},"excerpt":{"rendered":"<p>&#8230;<\/p>\n","protected":false},"featured_media":7635,"comment_status":"closed","ping_status":"closed","template":"","meta":[],"etheme_brands":[],"product_brand":[],"product_cat":[264],"product_tag":[],"class_list":{"0":"post-7676","1":"product","2":"type-product","3":"status-publish","4":"has-post-thumbnail","6":"product_cat-ucucu-yaglar","8":"first","9":"instock","10":"taxable","11":"shipping-taxable","12":"purchasable","13":"product-type-variable","14":"has-default-attributes"},"_links":{"self":[{"href":"https:\/\/kimyasalevi.com\/ar\/wp-json\/wp\/v2\/product\/7676","targetHints":{"allow":["GET"]}}],"collection":[{"href":"https:\/\/kimyasalevi.com\/ar\/wp-json\/wp\/v2\/product"}],"about":[{"href":"https:\/\/kimyasalevi.com\/ar\/wp-json\/wp\/v2\/types\/product"}],"replies":[{"embeddable":true,"href":"https:\/\/kimyasalevi.com\/ar\/wp-json\/wp\/v2\/comments?post=7676"}],"version-history":[{"count":1,"href":"https:\/\/kimyasalevi.com\/ar\/wp-json\/wp\/v2\/product\/7676\/revisions"}],"predecessor-version":[{"id":7678,"href":"https:\/\/kimyasalevi.com\/ar\/wp-json\/wp\/v2\/product\/7676\/revisions\/7678"}],"wp:featuredmedia":[{"embeddable":true,"href":"https:\/\/kimyasalevi.com\/ar\/wp-json\/wp\/v2\/media\/7635"}],"wp:attachment":[{"href":"https:\/\/kimyasalevi.com\/ar\/wp-json\/wp\/v2\/media?parent=7676"}],"wp:term":[{"taxonomy":"brand","embeddable":true,"href":"https:\/\/kimyasalevi.com\/ar\/wp-json\/wp\/v2\/etheme_brands?post=7676"},{"taxonomy":"product_brand","embeddable":true,"href":"https:\/\/kimyasalevi.com\/ar\/wp-json\/wp\/v2\/product_brand?post=7676"},{"taxonomy":"product_cat","embeddable":true,"href":"https:\/\/kimyasalevi.com\/ar\/wp-json\/wp\/v2\/product_cat?post=7676"},{"taxonomy":"product_tag","embeddable":true,"href":"https:\/\/kimyasalevi.com\/ar\/wp-json\/wp\/v2\/product_tag?post=7676"}],"curies":[{"name":"wp","href":"https:\/\/api.w.org\/{rel}","templated":true}]}}