{"id":7695,"date":"2026-03-10T08:04:02","date_gmt":"2026-03-10T08:04:02","guid":{"rendered":"https:\/\/kimyasalevi.com\/?post_type=product&#038;p=7695"},"modified":"2026-04-01T09:59:07","modified_gmt":"2026-04-01T09:59:07","slug":"roka-yagi-arugula-oil","status":"publish","type":"product","link":"https:\/\/kimyasalevi.com\/ar\/product\/roka-yagi-arugula-oil\/","title":{"rendered":"Roka ya\u011f\u0131 \u2014 Arugula Oil"},"content":{"rendered":"<p>Roka Ya\u011f\u0131 kozmetik ve ki\u015fisel bak\u0131m \u00fcr\u00fcnlerinde kullan\u0131lan bitkisel ya\u011flardan biridir. Roka bitkisi do\u011fal olarak vitaminler, mineraller ve antioksidan bile\u015fenler a\u00e7\u0131s\u0131ndan zengin bir bitkidir. Bu nedenle \u00f6zellikle sa\u00e7 bak\u0131m \u00fcr\u00fcnlerinde tercih edilir. Sa\u00e7 bak\u0131m\u0131nda sa\u00e7 derisini beslemeye ve sa\u00e7\u0131n daha g\u00fc\u00e7l\u00fc g\u00f6r\u00fcnmesine yard\u0131mc\u0131 olabilir. Ayn\u0131 zamanda sa\u00e7\u0131n daha parlak ve canl\u0131 g\u00f6r\u00fcnmesine katk\u0131 sa\u011flayabilir. Bu nedenle sa\u00e7 ya\u011flar\u0131, sa\u00e7 serumlar\u0131, sa\u00e7 maskeleri ve sa\u00e7 bak\u0131m k\u00fcrlerinde kullan\u0131labilir. Cilt bak\u0131m \u00fcr\u00fcnlerinde ise cildi beslemeye ve daha sa\u011fl\u0131kl\u0131 bir g\u00f6r\u00fcn\u00fcm kazanmas\u0131na destek olabilir. Bu y\u00fczden baz\u0131 do\u011fal kozmetik form\u00fclasyonlar\u0131nda ve bak\u0131m ya\u011flar\u0131nda yer alabilir. Kozmetik \u00fcr\u00fcnlerde genellikle bitkisel ya\u011f veya bitki ekstrakt\u0131 formunda kullan\u0131l\u0131r ve \u00fcr\u00fcn\u00fcn besleyici ve bak\u0131m \u00f6zelliklerini art\u0131rmak amac\u0131yla tercih edilir.<\/p>\n","protected":false},"excerpt":{"rendered":"<p>&#8230;<\/p>\n","protected":false},"featured_media":7629,"comment_status":"closed","ping_status":"closed","template":"","meta":[],"etheme_brands":[],"product_brand":[],"product_cat":[264],"product_tag":[],"class_list":{"0":"post-7695","1":"product","2":"type-product","3":"status-publish","4":"has-post-thumbnail","6":"product_cat-ucucu-yaglar","8":"first","9":"instock","10":"taxable","11":"shipping-taxable","12":"purchasable","13":"product-type-variable","14":"has-default-attributes"},"_links":{"self":[{"href":"https:\/\/kimyasalevi.com\/ar\/wp-json\/wp\/v2\/product\/7695","targetHints":{"allow":["GET"]}}],"collection":[{"href":"https:\/\/kimyasalevi.com\/ar\/wp-json\/wp\/v2\/product"}],"about":[{"href":"https:\/\/kimyasalevi.com\/ar\/wp-json\/wp\/v2\/types\/product"}],"replies":[{"embeddable":true,"href":"https:\/\/kimyasalevi.com\/ar\/wp-json\/wp\/v2\/comments?post=7695"}],"version-history":[{"count":1,"href":"https:\/\/kimyasalevi.com\/ar\/wp-json\/wp\/v2\/product\/7695\/revisions"}],"predecessor-version":[{"id":7697,"href":"https:\/\/kimyasalevi.com\/ar\/wp-json\/wp\/v2\/product\/7695\/revisions\/7697"}],"wp:featuredmedia":[{"embeddable":true,"href":"https:\/\/kimyasalevi.com\/ar\/wp-json\/wp\/v2\/media\/7629"}],"wp:attachment":[{"href":"https:\/\/kimyasalevi.com\/ar\/wp-json\/wp\/v2\/media?parent=7695"}],"wp:term":[{"taxonomy":"brand","embeddable":true,"href":"https:\/\/kimyasalevi.com\/ar\/wp-json\/wp\/v2\/etheme_brands?post=7695"},{"taxonomy":"product_brand","embeddable":true,"href":"https:\/\/kimyasalevi.com\/ar\/wp-json\/wp\/v2\/product_brand?post=7695"},{"taxonomy":"product_cat","embeddable":true,"href":"https:\/\/kimyasalevi.com\/ar\/wp-json\/wp\/v2\/product_cat?post=7695"},{"taxonomy":"product_tag","embeddable":true,"href":"https:\/\/kimyasalevi.com\/ar\/wp-json\/wp\/v2\/product_tag?post=7695"}],"curies":[{"name":"wp","href":"https:\/\/api.w.org\/{rel}","templated":true}]}}