{"id":7900,"date":"2026-03-31T09:08:24","date_gmt":"2026-03-31T09:08:24","guid":{"rendered":"https:\/\/kimyasalevi.com\/product\/005-setil-alkol-cetyl-alcohol-lanette-16\/"},"modified":"2026-03-31T11:13:39","modified_gmt":"2026-03-31T11:13:39","slug":"005-setil-alkol-cetyl-alcohol-lanette-16","status":"publish","type":"product","link":"https:\/\/kimyasalevi.com\/ar\/product\/005-setil-alkol-cetyl-alcohol-lanette-16\/","title":{"rendered":"005 Setil Alkol &#8211; Cetyl Alcohol (Lanette 16)"},"content":{"rendered":"<p>Setil Alkol (Cetyl Alcohol) kozmetikte krem, losyon ve sa\u00e7 kreminde s\u0131k\u00e7a kullan\u0131lan ya\u011f alkol\u00fcd\u00fcr. K\u0131vam art\u0131r\u0131c\u0131 ve stabilizat\u00f6r olarak g\u00f6rev yapar, \u00fcr\u00fcnlere yumu\u015fak ve kremams\u0131 bir doku kazand\u0131r\u0131r. Nemlendirici ve yumu\u015fat\u0131c\u0131 (Emollient) etkisi vard\u0131r, sa\u00e7taki dola\u015fmay\u0131 azalt\u0131r ve taramay\u0131 kolayla\u015ft\u0131r\u0131r. Kullan\u0131m oran\u0131 genellikle %1\u20135 aras\u0131d\u0131r. Ya\u011f faz\u0131nda eklenir, 60\u201370\u00b0C\u2019de eritildikten sonra form\u00fclasyona kat\u0131l\u0131r. T\u00fcm cilt tipleri i\u00e7in g\u00fcvenlidir ve \u00e7o\u011fu ya\u011f ile em\u00fclgat\u00f6rle uyumludur.<\/p>\n<p>&nbsp;<\/p>\n","protected":false},"excerpt":{"rendered":"<p>&#8230;<\/p>\n","protected":false},"featured_media":4295,"comment_status":"closed","ping_status":"closed","template":"","meta":[],"etheme_brands":[],"product_brand":[],"product_cat":[259],"product_tag":[],"class_list":{"0":"post-7900","1":"product","2":"type-product","3":"status-publish","4":"has-post-thumbnail","6":"product_cat-ham-maddeler","8":"first","9":"instock","10":"taxable","11":"shipping-taxable","12":"purchasable","13":"product-type-variable"},"_links":{"self":[{"href":"https:\/\/kimyasalevi.com\/ar\/wp-json\/wp\/v2\/product\/7900","targetHints":{"allow":["GET"]}}],"collection":[{"href":"https:\/\/kimyasalevi.com\/ar\/wp-json\/wp\/v2\/product"}],"about":[{"href":"https:\/\/kimyasalevi.com\/ar\/wp-json\/wp\/v2\/types\/product"}],"replies":[{"embeddable":true,"href":"https:\/\/kimyasalevi.com\/ar\/wp-json\/wp\/v2\/comments?post=7900"}],"version-history":[{"count":3,"href":"https:\/\/kimyasalevi.com\/ar\/wp-json\/wp\/v2\/product\/7900\/revisions"}],"predecessor-version":[{"id":7908,"href":"https:\/\/kimyasalevi.com\/ar\/wp-json\/wp\/v2\/product\/7900\/revisions\/7908"}],"wp:featuredmedia":[{"embeddable":true,"href":"https:\/\/kimyasalevi.com\/ar\/wp-json\/wp\/v2\/media\/4295"}],"wp:attachment":[{"href":"https:\/\/kimyasalevi.com\/ar\/wp-json\/wp\/v2\/media?parent=7900"}],"wp:term":[{"taxonomy":"brand","embeddable":true,"href":"https:\/\/kimyasalevi.com\/ar\/wp-json\/wp\/v2\/etheme_brands?post=7900"},{"taxonomy":"product_brand","embeddable":true,"href":"https:\/\/kimyasalevi.com\/ar\/wp-json\/wp\/v2\/product_brand?post=7900"},{"taxonomy":"product_cat","embeddable":true,"href":"https:\/\/kimyasalevi.com\/ar\/wp-json\/wp\/v2\/product_cat?post=7900"},{"taxonomy":"product_tag","embeddable":true,"href":"https:\/\/kimyasalevi.com\/ar\/wp-json\/wp\/v2\/product_tag?post=7900"}],"curies":[{"name":"wp","href":"https:\/\/api.w.org\/{rel}","templated":true}]}}