{"id":4040,"date":"2026-02-09T10:30:58","date_gmt":"2026-02-09T10:30:58","guid":{"rendered":"https:\/\/kimyasalevi.com\/?post_type=product&#038;p=4040"},"modified":"2026-04-03T09:33:16","modified_gmt":"2026-04-03T09:33:16","slug":"003-d-pantenol","status":"publish","type":"product","link":"https:\/\/kimyasalevi.com\/en\/product\/003-d-pantenol\/","title":{"rendered":"003 D-PANTENOL &#8211; D-PANTHENOL"},"content":{"rendered":"<p>D-Panthenol \u2013 Provitamin B5<br \/>\nD-Panthenol, Provitamin B5\u2019in stabil formudur ve nemlendirici ile besleyici \u00f6zellikleri sayesinde cilt ve sa\u00e7 bak\u0131m\u0131nda en \u00e7ok tercih edilen aktiflerden biridir. Cildin nemini koruyarak yumu\u015fakl\u0131k ve esneklik kazand\u0131r\u0131r, kuruluk ve gerginlik hissini azalt\u0131r. Sa\u00e7ta ise k\u0131r\u0131lmay\u0131 ve cans\u0131zl\u0131\u011f\u0131 \u00f6nlemeye yard\u0131mc\u0131 olur ve parlakl\u0131k sa\u011flar. Genellikle %1 \u2013 %5 oran\u0131nda kullan\u0131l\u0131r, yo\u011fun bak\u0131m form\u00fcllerinde %10\u2019a kadar \u00e7\u0131kabilir. Suda \u00e7\u00f6z\u00fcn\u00fcr ve form\u00fcl\u00fcn su faz\u0131na eklenir, 40\u00b0C\u2019nin alt\u0131nda ilave edilmesi tavsiye edilir. T\u00fcm cilt tipleri i\u00e7in g\u00fcvenlidir ve g\u00fcnl\u00fck kullan\u0131ma uygundur.<br \/>\n\u2e3b\u2e3b\u2e3b\u2e3b\u2e3b\u2e3b\u2e3b\u2e3b\u2e3b\u2e3b\u2e3b\u2e3b\u2e3b\u2e3b\u2e3b\u2e3b\u2e3b\u2e3b\u2e3b\u2e3b\u2e3b\u2e3b\u2e3b\u2e3b\u2e3b\u2e3b\u2e3b\u2e3b\u2e3b\u2e3b\u2e3b<\/p>\n<p>D-Panthenol \u2013 Provitamin B5<br \/>\nD-Panthenol is the stable form of Provitamin B5 and is widely used in cosmetic formulations for its moisturizing and conditioning effects on skin and hair. It helps attract and retain moisture, leaving the skin soft, smooth, and more elastic while reducing dryness and tightness. In hair care, it minimizes breakage and frizz and enhances natural shine. It is typically used at concentrations between 1% and 5% in creams, lotions, shampoos, and conditioners, and can be applied up to 10% in intensive care products. Being water-soluble, it is added to the aqueous phase of formulations preferably below 40\u00b0C to maintain stability. It is safe for all skin types and suitable for daily use<\/p>\n","protected":false},"excerpt":{"rendered":"<p>&#8230;<\/p>\n","protected":false},"featured_media":4088,"comment_status":"closed","ping_status":"closed","template":"","meta":[],"etheme_brands":[],"product_brand":[],"product_cat":[67],"product_tag":[],"class_list":{"0":"post-4040","1":"product","2":"type-product","3":"status-publish","4":"has-post-thumbnail","6":"product_cat-raw-materials","8":"first","9":"instock","10":"taxable","11":"shipping-taxable","12":"purchasable","13":"product-type-variable"},"_links":{"self":[{"href":"https:\/\/kimyasalevi.com\/en\/wp-json\/wp\/v2\/product\/4040","targetHints":{"allow":["GET"]}}],"collection":[{"href":"https:\/\/kimyasalevi.com\/en\/wp-json\/wp\/v2\/product"}],"about":[{"href":"https:\/\/kimyasalevi.com\/en\/wp-json\/wp\/v2\/types\/product"}],"replies":[{"embeddable":true,"href":"https:\/\/kimyasalevi.com\/en\/wp-json\/wp\/v2\/comments?post=4040"}],"version-history":[{"count":3,"href":"https:\/\/kimyasalevi.com\/en\/wp-json\/wp\/v2\/product\/4040\/revisions"}],"predecessor-version":[{"id":4302,"href":"https:\/\/kimyasalevi.com\/en\/wp-json\/wp\/v2\/product\/4040\/revisions\/4302"}],"wp:featuredmedia":[{"embeddable":true,"href":"https:\/\/kimyasalevi.com\/en\/wp-json\/wp\/v2\/media\/4088"}],"wp:attachment":[{"href":"https:\/\/kimyasalevi.com\/en\/wp-json\/wp\/v2\/media?parent=4040"}],"wp:term":[{"taxonomy":"brand","embeddable":true,"href":"https:\/\/kimyasalevi.com\/en\/wp-json\/wp\/v2\/etheme_brands?post=4040"},{"taxonomy":"product_brand","embeddable":true,"href":"https:\/\/kimyasalevi.com\/en\/wp-json\/wp\/v2\/product_brand?post=4040"},{"taxonomy":"product_cat","embeddable":true,"href":"https:\/\/kimyasalevi.com\/en\/wp-json\/wp\/v2\/product_cat?post=4040"},{"taxonomy":"product_tag","embeddable":true,"href":"https:\/\/kimyasalevi.com\/en\/wp-json\/wp\/v2\/product_tag?post=4040"}],"curies":[{"name":"wp","href":"https:\/\/api.w.org\/{rel}","templated":true}]}}