{"id":4119,"date":"2026-02-09T12:24:02","date_gmt":"2026-02-09T12:24:02","guid":{"rendered":"https:\/\/kimyasalevi.com\/?post_type=product&#038;p=4119"},"modified":"2026-04-01T05:07:29","modified_gmt":"2026-04-01T05:07:29","slug":"025-tetrasodium-edta-tetrasodyum-edta","status":"publish","type":"product","link":"https:\/\/kimyasalevi.com\/en\/product\/025-tetrasodium-edta-tetrasodyum-edta\/","title":{"rendered":"025 TETRASODIUM EDTA &#8211; TETRASODYUM EDTA"},"content":{"rendered":"<p>EDTA (Etilendiamintetraasetik Asit), kozmetikte krem, \u015fampuan, losyon ve bak\u0131m \u00fcr\u00fcnlerinde kullan\u0131lan bir \u015felatlay\u0131c\u0131 ajand\u0131r. Sudaki ve form\u00fcldeki metal iyonlar\u0131n\u0131 ba\u011flayarak \u00fcr\u00fcn\u00fcn stabilitesini art\u0131r\u0131r, aktif maddelerin etkinli\u011fini korur ve \u00f6zellikle \u015fampuanlarda k\u00f6p\u00fck kalitesini iyile\u015ftirir. Kozmetik \u00fcr\u00fcnlerde genellikle %0,05 \u2013 %0,2 oran\u0131nda kullan\u0131l\u0131r ve sert su ko\u015fullar\u0131nda \u00fcr\u00fcn \u00f6mr\u00fcn\u00fc uzatmaya yard\u0131mc\u0131 olur.<\/p>\n","protected":false},"excerpt":{"rendered":"<p>&#8230;<\/p>\n","protected":false},"featured_media":4132,"comment_status":"closed","ping_status":"closed","template":"","meta":[],"etheme_brands":[],"product_brand":[],"product_cat":[259],"product_tag":[],"class_list":{"0":"post-4119","1":"product","2":"type-product","3":"status-publish","4":"has-post-thumbnail","6":"product_cat-ham-maddeler","8":"first","9":"instock","10":"taxable","11":"shipping-taxable","12":"purchasable","13":"product-type-variable"},"_links":{"self":[{"href":"https:\/\/kimyasalevi.com\/en\/wp-json\/wp\/v2\/product\/4119","targetHints":{"allow":["GET"]}}],"collection":[{"href":"https:\/\/kimyasalevi.com\/en\/wp-json\/wp\/v2\/product"}],"about":[{"href":"https:\/\/kimyasalevi.com\/en\/wp-json\/wp\/v2\/types\/product"}],"replies":[{"embeddable":true,"href":"https:\/\/kimyasalevi.com\/en\/wp-json\/wp\/v2\/comments?post=4119"}],"version-history":[{"count":4,"href":"https:\/\/kimyasalevi.com\/en\/wp-json\/wp\/v2\/product\/4119\/revisions"}],"predecessor-version":[{"id":6929,"href":"https:\/\/kimyasalevi.com\/en\/wp-json\/wp\/v2\/product\/4119\/revisions\/6929"}],"wp:featuredmedia":[{"embeddable":true,"href":"https:\/\/kimyasalevi.com\/en\/wp-json\/wp\/v2\/media\/4132"}],"wp:attachment":[{"href":"https:\/\/kimyasalevi.com\/en\/wp-json\/wp\/v2\/media?parent=4119"}],"wp:term":[{"taxonomy":"brand","embeddable":true,"href":"https:\/\/kimyasalevi.com\/en\/wp-json\/wp\/v2\/etheme_brands?post=4119"},{"taxonomy":"product_brand","embeddable":true,"href":"https:\/\/kimyasalevi.com\/en\/wp-json\/wp\/v2\/product_brand?post=4119"},{"taxonomy":"product_cat","embeddable":true,"href":"https:\/\/kimyasalevi.com\/en\/wp-json\/wp\/v2\/product_cat?post=4119"},{"taxonomy":"product_tag","embeddable":true,"href":"https:\/\/kimyasalevi.com\/en\/wp-json\/wp\/v2\/product_tag?post=4119"}],"curies":[{"name":"wp","href":"https:\/\/api.w.org\/{rel}","templated":true}]}}