{"id":4234,"date":"2026-02-10T05:17:18","date_gmt":"2026-02-10T05:17:18","guid":{"rendered":"https:\/\/kimyasalevi.com\/?post_type=product&#038;p=4234"},"modified":"2026-04-01T05:12:49","modified_gmt":"2026-04-01T05:12:49","slug":"027-ksantan-gam-xanthan-gum","status":"publish","type":"product","link":"https:\/\/kimyasalevi.com\/en\/product\/027-ksantan-gam-xanthan-gum\/","title":{"rendered":"027 KSANTAN GAM &#8211; XANTHAN GUM"},"content":{"rendered":"<p style=\"text-align: left;\">Ksantan Sak\u0131z\u0131 (Xanthan Gum) kozmetikte k\u0131vam art\u0131r\u0131c\u0131 ve stabilizat\u00f6r olarak kullan\u0131l\u0131r; krem, losyon, du\u015f jeli ve sa\u00e7 bak\u0131m \u00fcr\u00fcnlerinde \u00fcr\u00fcn\u00fcn viskozitesini art\u0131r\u0131r, ya\u011f ve su faz\u0131n\u0131n ayr\u0131lmas\u0131n\u0131 \u00f6nler, \u00fcr\u00fcne yumu\u015fak ve p\u00fcr\u00fczs\u00fcz bir doku kazand\u0131r\u0131r, t\u00fcm cilt tipleri ve ya\u015f gruplar\u0131 i\u00e7in g\u00fcvenlidir, kullan\u0131m oran\u0131 genellikle %0,1\u2013%1 aras\u0131ndad\u0131r, su faz\u0131nda topaklanmay\u0131 \u00f6nleyecek \u015fekilde iyi kar\u0131\u015ft\u0131r\u0131larak \u00e7\u00f6z\u00fcl\u00fcr ve ya\u011f faz\u0131 eklenmeden \u00f6nce form\u00fclasyona dahil edilmesi homojen k\u0131vam sa\u011flar, \u00e7o\u011fu aktif madde ve ya\u011f ile uyumludur ve \u00fcr\u00fcn stabilitesini art\u0131r\u0131r.<\/p>\n","protected":false},"excerpt":{"rendered":"<p>&#8230;<\/p>\n","protected":false},"featured_media":4266,"comment_status":"closed","ping_status":"closed","template":"","meta":[],"etheme_brands":[],"product_brand":[],"product_cat":[259],"product_tag":[],"class_list":{"0":"post-4234","1":"product","2":"type-product","3":"status-publish","4":"has-post-thumbnail","6":"product_cat-ham-maddeler","8":"first","9":"instock","10":"taxable","11":"shipping-taxable","12":"purchasable","13":"product-type-variable"},"_links":{"self":[{"href":"https:\/\/kimyasalevi.com\/en\/wp-json\/wp\/v2\/product\/4234","targetHints":{"allow":["GET"]}}],"collection":[{"href":"https:\/\/kimyasalevi.com\/en\/wp-json\/wp\/v2\/product"}],"about":[{"href":"https:\/\/kimyasalevi.com\/en\/wp-json\/wp\/v2\/types\/product"}],"replies":[{"embeddable":true,"href":"https:\/\/kimyasalevi.com\/en\/wp-json\/wp\/v2\/comments?post=4234"}],"version-history":[{"count":3,"href":"https:\/\/kimyasalevi.com\/en\/wp-json\/wp\/v2\/product\/4234\/revisions"}],"predecessor-version":[{"id":7072,"href":"https:\/\/kimyasalevi.com\/en\/wp-json\/wp\/v2\/product\/4234\/revisions\/7072"}],"wp:featuredmedia":[{"embeddable":true,"href":"https:\/\/kimyasalevi.com\/en\/wp-json\/wp\/v2\/media\/4266"}],"wp:attachment":[{"href":"https:\/\/kimyasalevi.com\/en\/wp-json\/wp\/v2\/media?parent=4234"}],"wp:term":[{"taxonomy":"brand","embeddable":true,"href":"https:\/\/kimyasalevi.com\/en\/wp-json\/wp\/v2\/etheme_brands?post=4234"},{"taxonomy":"product_brand","embeddable":true,"href":"https:\/\/kimyasalevi.com\/en\/wp-json\/wp\/v2\/product_brand?post=4234"},{"taxonomy":"product_cat","embeddable":true,"href":"https:\/\/kimyasalevi.com\/en\/wp-json\/wp\/v2\/product_cat?post=4234"},{"taxonomy":"product_tag","embeddable":true,"href":"https:\/\/kimyasalevi.com\/en\/wp-json\/wp\/v2\/product_tag?post=4234"}],"curies":[{"name":"wp","href":"https:\/\/api.w.org\/{rel}","templated":true}]}}