{"id":4279,"date":"2026-02-10T05:35:17","date_gmt":"2026-02-10T05:35:17","guid":{"rendered":"https:\/\/kimyasalevi.com\/?post_type=product&#038;p=4279"},"modified":"2026-03-24T11:30:10","modified_gmt":"2026-03-24T11:30:10","slug":"028-parafin-yagi","status":"publish","type":"product","link":"https:\/\/kimyasalevi.com\/en\/product\/028-parafin-yagi\/","title":{"rendered":"028 Parafin Ya\u011f\u0131 &#8211; Likit Parafin oil"},"content":{"rendered":"<p>S\u0131v\u0131 Parafin (Liquid Paraffin \u2013 Mineral Oil) kozmetikte nemlendirici ve yumu\u015fat\u0131c\u0131 (emollient) olarak krem, losyon ve v\u00fccut ya\u011flar\u0131nda kullan\u0131l\u0131r. Cildi nemlendirir, su kayb\u0131n\u0131 \u00f6nler, uygulama sonras\u0131 yumu\u015fak ve ipeksi bir his b\u0131rak\u0131r, \u00fcr\u00fcn\u00fcn dokusunu ve yay\u0131lmas\u0131n\u0131 iyile\u015ftirir. Tavsiye edilen oranlarda t\u00fcm cilt tipleri i\u00e7in g\u00fcvenlidir. Kullan\u0131m oran\u0131, \u00fcr\u00fcn tipine ve istenen nemlendirme seviyesine ba\u011fl\u0131 olarak genellikle %1 \u2013 %20 aras\u0131ndad\u0131r. Form\u00fclasyonda ya\u011f faz\u0131na eklenir, di\u011fer ya\u011flar ve esansiyel ya\u011flarla homojen hale getirildikten sonra su faz\u0131 ile birle\u015ftirilir. G\u00fcnl\u00fck kullan\u0131m i\u00e7in uygundur, cilt tahri\u015fine neden olmaz, \u00e7ocuk ve yeti\u015fkin \u00fcr\u00fcnlerinde kullan\u0131labilir ve \u00e7o\u011fu ya\u011f bazl\u0131 \u00fcr\u00fcn ile em\u00fclsiyonlarla uyumludur.<\/p>\n<p>Liquid Paraffin (Mineral Oil) is used in cosmetics as an emollient and skin-conditioning agent in creams, lotions, and body oils. It helps moisturize the skin, prevents moisture loss, provides a smooth and silky skin feel, and improves product texture and spreadability. It is safe for all skin types when used at recommended levels. The typical usage level ranges from 1% to 20% depending on the product type and desired moisturizing effect. It is added to the oil phase and blended well with other oils and essential oils before being combined with the water phase. Suitable for daily use, non-irritating, appropriate for both children\u2019s and adult products, and compatible with most oil-based formulations and emulsions.<\/p>\n","protected":false},"excerpt":{"rendered":"<p>&#8230;<\/p>\n","protected":false},"featured_media":4305,"comment_status":"closed","ping_status":"closed","template":"","meta":[],"etheme_brands":[],"product_brand":[],"product_cat":[67],"product_tag":[],"class_list":{"0":"post-4279","1":"product","2":"type-product","3":"status-publish","4":"has-post-thumbnail","6":"product_cat-raw-materials","8":"first","9":"instock","10":"taxable","11":"shipping-taxable","12":"purchasable","13":"product-type-variable"},"_links":{"self":[{"href":"https:\/\/kimyasalevi.com\/en\/wp-json\/wp\/v2\/product\/4279","targetHints":{"allow":["GET"]}}],"collection":[{"href":"https:\/\/kimyasalevi.com\/en\/wp-json\/wp\/v2\/product"}],"about":[{"href":"https:\/\/kimyasalevi.com\/en\/wp-json\/wp\/v2\/types\/product"}],"replies":[{"embeddable":true,"href":"https:\/\/kimyasalevi.com\/en\/wp-json\/wp\/v2\/comments?post=4279"}],"version-history":[{"count":2,"href":"https:\/\/kimyasalevi.com\/en\/wp-json\/wp\/v2\/product\/4279\/revisions"}],"predecessor-version":[{"id":4436,"href":"https:\/\/kimyasalevi.com\/en\/wp-json\/wp\/v2\/product\/4279\/revisions\/4436"}],"wp:featuredmedia":[{"embeddable":true,"href":"https:\/\/kimyasalevi.com\/en\/wp-json\/wp\/v2\/media\/4305"}],"wp:attachment":[{"href":"https:\/\/kimyasalevi.com\/en\/wp-json\/wp\/v2\/media?parent=4279"}],"wp:term":[{"taxonomy":"brand","embeddable":true,"href":"https:\/\/kimyasalevi.com\/en\/wp-json\/wp\/v2\/etheme_brands?post=4279"},{"taxonomy":"product_brand","embeddable":true,"href":"https:\/\/kimyasalevi.com\/en\/wp-json\/wp\/v2\/product_brand?post=4279"},{"taxonomy":"product_cat","embeddable":true,"href":"https:\/\/kimyasalevi.com\/en\/wp-json\/wp\/v2\/product_cat?post=4279"},{"taxonomy":"product_tag","embeddable":true,"href":"https:\/\/kimyasalevi.com\/en\/wp-json\/wp\/v2\/product_tag?post=4279"}],"curies":[{"name":"wp","href":"https:\/\/api.w.org\/{rel}","templated":true}]}}