{"id":4451,"date":"2026-02-10T06:59:41","date_gmt":"2026-02-10T06:59:41","guid":{"rendered":"https:\/\/kimyasalevi.com\/?post_type=product&#038;p=4451"},"modified":"2026-04-01T05:16:43","modified_gmt":"2026-04-01T05:16:43","slug":"030-vaseline-vazelin","status":"publish","type":"product","link":"https:\/\/kimyasalevi.com\/en\/product\/030-vaseline-vazelin\/","title":{"rendered":"030 VASEL\u0130NE &#8211; VAZELIN"},"content":{"rendered":"<p>Vazelin (Petrolatum \u2013 Vaseline) kozmetikte krem, merhem ve v\u00fccut ya\u011flar\u0131nda yo\u011fun nemlendirici ve koruyucu (occlusive emollient) olarak kullan\u0131l\u0131r. Cilt \u00fczerinde su kayb\u0131n\u0131 \u00f6nleyen koruyucu bir bariyer olu\u015fturur, cildi yumu\u015fak ve esnek tutar, kuruluk ve \u00e7atlaklara kar\u015f\u0131 etkili koruma sa\u011flar. Hem kozmetik hem de medikal \u00fcr\u00fcnlerde, \u00e7ocuklar ve yeti\u015fkinler i\u00e7in g\u00fcvenle tercih edilir. Kullan\u0131m oran\u0131 \u00fcr\u00fcn tipine ve istenen nemlendirme seviyesine ba\u011fl\u0131 olarak genellikle %1 \u2013 %20 aras\u0131ndad\u0131r. Form\u00fclasyonda ya\u011f faz\u0131na eklenir ve di\u011fer ya\u011flarla homojen hale getirildikten sonra, varsa, su faz\u0131 ile birle\u015ftirilir. T\u00fcm cilt tipleri i\u00e7in g\u00fcvenlidir, tahri\u015f etmez ve cilde uzun s\u00fcreli nemlilik ile koruma sa\u011flar.<\/p>\n","protected":false},"excerpt":{"rendered":"<p>&#8230;<\/p>\n","protected":false},"featured_media":4462,"comment_status":"closed","ping_status":"closed","template":"","meta":[],"etheme_brands":[],"product_brand":[],"product_cat":[262,267,275,278,259,277,274,280,276,264],"product_tag":[],"class_list":{"0":"post-4451","1":"product","2":"type-product","3":"status-publish","4":"has-post-thumbnail","6":"product_cat-analitik-reaktifler-ve-standartlar","7":"product_cat-aroma-vericiler","8":"product_cat-bitkisel-ekstraktlar","9":"product_cat-guvenlik-ve-koruyucu-ekipmanlar","10":"product_cat-ham-maddeler","11":"product_cat-laboratuvar-cihazlari","12":"product_cat-laboratuvar-malzemeleri","13":"product_cat-parfumler","14":"product_cat-renklendiriciler-boyalar","15":"product_cat-ucucu-yaglar","17":"first","18":"instock","19":"taxable","20":"shipping-taxable","21":"purchasable","22":"product-type-variable"},"_links":{"self":[{"href":"https:\/\/kimyasalevi.com\/en\/wp-json\/wp\/v2\/product\/4451","targetHints":{"allow":["GET"]}}],"collection":[{"href":"https:\/\/kimyasalevi.com\/en\/wp-json\/wp\/v2\/product"}],"about":[{"href":"https:\/\/kimyasalevi.com\/en\/wp-json\/wp\/v2\/types\/product"}],"replies":[{"embeddable":true,"href":"https:\/\/kimyasalevi.com\/en\/wp-json\/wp\/v2\/comments?post=4451"}],"version-history":[{"count":4,"href":"https:\/\/kimyasalevi.com\/en\/wp-json\/wp\/v2\/product\/4451\/revisions"}],"predecessor-version":[{"id":7068,"href":"https:\/\/kimyasalevi.com\/en\/wp-json\/wp\/v2\/product\/4451\/revisions\/7068"}],"wp:featuredmedia":[{"embeddable":true,"href":"https:\/\/kimyasalevi.com\/en\/wp-json\/wp\/v2\/media\/4462"}],"wp:attachment":[{"href":"https:\/\/kimyasalevi.com\/en\/wp-json\/wp\/v2\/media?parent=4451"}],"wp:term":[{"taxonomy":"brand","embeddable":true,"href":"https:\/\/kimyasalevi.com\/en\/wp-json\/wp\/v2\/etheme_brands?post=4451"},{"taxonomy":"product_brand","embeddable":true,"href":"https:\/\/kimyasalevi.com\/en\/wp-json\/wp\/v2\/product_brand?post=4451"},{"taxonomy":"product_cat","embeddable":true,"href":"https:\/\/kimyasalevi.com\/en\/wp-json\/wp\/v2\/product_cat?post=4451"},{"taxonomy":"product_tag","embeddable":true,"href":"https:\/\/kimyasalevi.com\/en\/wp-json\/wp\/v2\/product_tag?post=4451"}],"curies":[{"name":"wp","href":"https:\/\/api.w.org\/{rel}","templated":true}]}}