{"id":4470,"date":"2026-02-10T07:04:13","date_gmt":"2026-02-10T07:04:13","guid":{"rendered":"https:\/\/kimyasalevi.com\/?post_type=product&#038;p=4470"},"modified":"2026-03-24T11:30:14","modified_gmt":"2026-03-24T11:30:14","slug":"031-trietanolamin","status":"publish","type":"product","link":"https:\/\/kimyasalevi.com\/en\/product\/031-trietanolamin\/","title":{"rendered":"031 TR\u0130ETANOLAM\u0130N &#8211; TRIETHANOL AMINE TEA"},"content":{"rendered":"<p>Triethanolamine (TEA) kozmetikte krem ve losyonlarda pH dengeleyici ve em\u00fclsiyon stabilizat\u00f6r\u00fc olarak kullan\u0131l\u0131r. Ya\u011f ve su fazlar\u0131n\u0131 stabilize ederek ayr\u0131lmay\u0131 \u00f6nler, \u00fcr\u00fcn\u00fcn pH dengesini korur ve krem ile losyonlar\u0131n dokusunu iyile\u015ftirir. \u00d6nerilen oranlarda kullan\u0131ld\u0131\u011f\u0131nda g\u00fcvenlidir. Kullan\u0131m oran\u0131 genellikle %0.5 \u2013 %2 aras\u0131ndad\u0131r. Form\u00fclasyonda su faz\u0131na eklenir ve tamamen \u00e7\u00f6z\u00fcn\u00fcp homojen da\u011f\u0131lana kadar iyi \u015fekilde kar\u0131\u015ft\u0131r\u0131l\u0131r. \u00c7o\u011fu ya\u011f, su ve em\u00fclsiyon sistemi ile uyumludur ve tavsiye edilen konsantrasyonlarda ciltte tahri\u015fe neden olmaz.<\/p>\n<p>&#8212;&#8212;&#8212;&#8212;&#8212;&#8212;&#8212;&#8212;&#8212;&#8212;&#8212;&#8212;&#8212;&#8212;&#8212;&#8212;&#8212;&#8212;&#8212;&#8212;&#8212;&#8212;&#8212;&#8212;&#8212;&#8212;&#8212;&#8212;&#8212;&#8212;&#8212;&#8212;&#8212;&#8212;&#8212;&#8212;&#8212;&#8212;&#8212;&#8211;<\/p>\n<p>Triethanolamine (TEA) is used in cosmetics as a pH adjuster and emulsion stabilizer in creams and lotions. It helps stabilize oil and water phases, preventing separation, maintaining product pH balance, and improving the texture of creams and lotions. It is safe when used within recommended levels. The typical usage level ranges from 0.5% to 2% depending on the formulation. It is usually added to the water phase and mixed thoroughly until fully dissolved and evenly distributed. It is compatible with most oils, water, and emulsion systems and is non-irritating at recommended concentrations.<\/p>\n","protected":false},"excerpt":{"rendered":"<p>&#8230;<\/p>\n","protected":false},"featured_media":4484,"comment_status":"closed","ping_status":"closed","template":"","meta":[],"etheme_brands":[],"product_brand":[],"product_cat":[67],"product_tag":[],"class_list":{"0":"post-4470","1":"product","2":"type-product","3":"status-publish","4":"has-post-thumbnail","6":"product_cat-raw-materials","8":"first","9":"instock","10":"taxable","11":"shipping-taxable","12":"purchasable","13":"product-type-variable"},"_links":{"self":[{"href":"https:\/\/kimyasalevi.com\/en\/wp-json\/wp\/v2\/product\/4470","targetHints":{"allow":["GET"]}}],"collection":[{"href":"https:\/\/kimyasalevi.com\/en\/wp-json\/wp\/v2\/product"}],"about":[{"href":"https:\/\/kimyasalevi.com\/en\/wp-json\/wp\/v2\/types\/product"}],"replies":[{"embeddable":true,"href":"https:\/\/kimyasalevi.com\/en\/wp-json\/wp\/v2\/comments?post=4470"}],"version-history":[{"count":1,"href":"https:\/\/kimyasalevi.com\/en\/wp-json\/wp\/v2\/product\/4470\/revisions"}],"predecessor-version":[{"id":4502,"href":"https:\/\/kimyasalevi.com\/en\/wp-json\/wp\/v2\/product\/4470\/revisions\/4502"}],"wp:featuredmedia":[{"embeddable":true,"href":"https:\/\/kimyasalevi.com\/en\/wp-json\/wp\/v2\/media\/4484"}],"wp:attachment":[{"href":"https:\/\/kimyasalevi.com\/en\/wp-json\/wp\/v2\/media?parent=4470"}],"wp:term":[{"taxonomy":"brand","embeddable":true,"href":"https:\/\/kimyasalevi.com\/en\/wp-json\/wp\/v2\/etheme_brands?post=4470"},{"taxonomy":"product_brand","embeddable":true,"href":"https:\/\/kimyasalevi.com\/en\/wp-json\/wp\/v2\/product_brand?post=4470"},{"taxonomy":"product_cat","embeddable":true,"href":"https:\/\/kimyasalevi.com\/en\/wp-json\/wp\/v2\/product_cat?post=4470"},{"taxonomy":"product_tag","embeddable":true,"href":"https:\/\/kimyasalevi.com\/en\/wp-json\/wp\/v2\/product_tag?post=4470"}],"curies":[{"name":"wp","href":"https:\/\/api.w.org\/{rel}","templated":true}]}}