{"id":4503,"date":"2026-02-10T07:19:24","date_gmt":"2026-02-10T07:19:24","guid":{"rendered":"https:\/\/kimyasalevi.com\/?post_type=product&#038;p=4503"},"modified":"2026-03-24T11:30:14","modified_gmt":"2026-03-24T11:30:14","slug":"032-sorbitol-sorbitol","status":"publish","type":"product","link":"https:\/\/kimyasalevi.com\/en\/product\/032-sorbitol-sorbitol\/","title":{"rendered":"032 SORB\u0130TOL &#8211; SORBITOL"},"content":{"rendered":"<p>Sorbitol kozmetikte nem tutucu (humectant) olarak kullan\u0131lan bir bile\u015fendir; cilde nem \u00e7eker ve nemin korunmas\u0131na yard\u0131mc\u0131 olur. Kremler, losyonlar, di\u015f macunlar\u0131 ve a\u011f\u0131z bak\u0131m \u00fcr\u00fcnlerinde yayg\u0131n \u015fekilde kullan\u0131l\u0131r, ayr\u0131ca baz\u0131 form\u00fclasyonlarda do\u011fal tatland\u0131r\u0131c\u0131 olarak da tercih edilebilir. Cildin nem dengesini korur, kurulu\u011fu \u00f6nler, \u00fcr\u00fcn\u00fcn dokusunu iyile\u015ftirir ve kolay uygulanmas\u0131n\u0131 sa\u011flar. \u00d6nerilen oranlarda kullan\u0131ld\u0131\u011f\u0131nda g\u00fcvenlidir. Kullan\u0131m oran\u0131 genellikle %2 \u2013 %10 aras\u0131ndad\u0131r. Form\u00fclasyonda su faz\u0131nda \u00e7\u00f6z\u00fcl\u00fcr ve tamamen homojen olana kadar iyi \u015fekilde kar\u0131\u015ft\u0131r\u0131l\u0131r. \u00c7o\u011fu ya\u011f, su ve em\u00fclsiyon sistemi ile uyumludur ve tavsiye edilen konsantrasyonlarda tahri\u015fe neden olmaz.<\/p>\n<p>&#8212;&#8212;&#8212;&#8212;&#8212;&#8212;&#8212;&#8212;&#8212;&#8212;&#8212;&#8212;&#8212;&#8212;&#8212;&#8212;&#8212;&#8212;&#8212;&#8212;&#8212;&#8212;&#8212;&#8212;&#8212;&#8212;&#8212;&#8212;&#8212;&#8212;&#8212;&#8212;&#8212;&#8212;&#8212;&#8212;&#8212;&#8212;&#8212;&#8211;<\/p>\n<p>Sorbitol is used in cosmetics as a humectant that attracts and retains moisture in the skin. It is widely used in creams, lotions, toothpaste, and oral care products, and can also serve as a natural sweetener in certain formulations. It helps maintain skin hydration, prevents dryness, improves product texture, and ensures smooth and easy application. It is safe for the skin when used at recommended levels. The typical usage level ranges from 2% to 10% depending on the product type. It dissolves in the water phase and should be mixed thoroughly until evenly distributed. It is compatible with most oils, water, and emulsion systems and is non-irritating at recommended concentrations.<\/p>\n","protected":false},"excerpt":{"rendered":"<p>&#8230;<\/p>\n","protected":false},"featured_media":4515,"comment_status":"closed","ping_status":"closed","template":"","meta":[],"etheme_brands":[],"product_brand":[],"product_cat":[67],"product_tag":[],"class_list":{"0":"post-4503","1":"product","2":"type-product","3":"status-publish","4":"has-post-thumbnail","6":"product_cat-raw-materials","8":"first","9":"instock","10":"taxable","11":"shipping-taxable","12":"purchasable","13":"product-type-variable"},"_links":{"self":[{"href":"https:\/\/kimyasalevi.com\/en\/wp-json\/wp\/v2\/product\/4503","targetHints":{"allow":["GET"]}}],"collection":[{"href":"https:\/\/kimyasalevi.com\/en\/wp-json\/wp\/v2\/product"}],"about":[{"href":"https:\/\/kimyasalevi.com\/en\/wp-json\/wp\/v2\/types\/product"}],"replies":[{"embeddable":true,"href":"https:\/\/kimyasalevi.com\/en\/wp-json\/wp\/v2\/comments?post=4503"}],"version-history":[{"count":1,"href":"https:\/\/kimyasalevi.com\/en\/wp-json\/wp\/v2\/product\/4503\/revisions"}],"predecessor-version":[{"id":4535,"href":"https:\/\/kimyasalevi.com\/en\/wp-json\/wp\/v2\/product\/4503\/revisions\/4535"}],"wp:featuredmedia":[{"embeddable":true,"href":"https:\/\/kimyasalevi.com\/en\/wp-json\/wp\/v2\/media\/4515"}],"wp:attachment":[{"href":"https:\/\/kimyasalevi.com\/en\/wp-json\/wp\/v2\/media?parent=4503"}],"wp:term":[{"taxonomy":"brand","embeddable":true,"href":"https:\/\/kimyasalevi.com\/en\/wp-json\/wp\/v2\/etheme_brands?post=4503"},{"taxonomy":"product_brand","embeddable":true,"href":"https:\/\/kimyasalevi.com\/en\/wp-json\/wp\/v2\/product_brand?post=4503"},{"taxonomy":"product_cat","embeddable":true,"href":"https:\/\/kimyasalevi.com\/en\/wp-json\/wp\/v2\/product_cat?post=4503"},{"taxonomy":"product_tag","embeddable":true,"href":"https:\/\/kimyasalevi.com\/en\/wp-json\/wp\/v2\/product_tag?post=4503"}],"curies":[{"name":"wp","href":"https:\/\/api.w.org\/{rel}","templated":true}]}}