{"id":5042,"date":"2026-02-11T05:48:52","date_gmt":"2026-02-11T05:48:52","guid":{"rendered":"https:\/\/kimyasalevi.com\/?post_type=product&#038;p=5042"},"modified":"2026-03-24T11:30:31","modified_gmt":"2026-03-24T11:30:31","slug":"044-hidrolize-kolajen-hydrolyzed-collagen","status":"publish","type":"product","link":"https:\/\/kimyasalevi.com\/en\/product\/044-hidrolize-kolajen-hydrolyzed-collagen\/","title":{"rendered":"044 HIDROL\u0130ZE KOLAJEN &#8211; HYDROLYZED COLLAGEN"},"content":{"rendered":"<p>Hydrolyzed Collagen (Hidrolize Kolajen) kozmetikte k\u00fc\u00e7\u00fck peptitlere ayr\u0131lm\u0131\u015f bir protein olarak kullan\u0131l\u0131r ve cilt ile sa\u00e7 taraf\u0131ndan daha kolay emilir. Serumlar, k\u0131r\u0131\u015f\u0131kl\u0131k kar\u015f\u0131t\u0131 kremler, y\u00fcz maskeleri, sa\u00e7 \u00fcr\u00fcnleri ve losyonlarda yayg\u0131nd\u0131r. Ciltte elastikiyeti art\u0131r\u0131r, yo\u011fun nem sa\u011flar ve ince \u00e7izgi ile k\u0131r\u0131\u015f\u0131kl\u0131klar\u0131n g\u00f6r\u00fcn\u00fcm\u00fcn\u00fc azaltmaya yard\u0131mc\u0131 olur. Sa\u00e7ta ise yap\u0131y\u0131 g\u00fc\u00e7lendirir, parlakl\u0131k ve yumu\u015fakl\u0131k kazand\u0131r\u0131r. Nem kayb\u0131n\u0131 azaltan ve kurulu\u011fa kar\u015f\u0131 koruyucu bir film tabakas\u0131 olu\u015fturur. Kullan\u0131m oran\u0131 genellikle %1 \u2013 %10 aras\u0131ndad\u0131r. Su faz\u0131nda \u00e7\u00f6z\u00fcl\u00fcr ve etkinli\u011fini korumak i\u00e7in 40\u00b0C\u2019nin alt\u0131ndaki so\u011futma a\u015famas\u0131nda form\u00fclasyona eklenmesi tercih edilir. \u00c7o\u011fu su bazl\u0131 form\u00fcl ile uyumludur ve topikal kullan\u0131m i\u00e7in g\u00fcvenlidir.<\/p>\n<p>&#8212;&#8212;&#8212;&#8212;&#8212;&#8212;&#8212;&#8212;&#8212;&#8212;&#8212;&#8212;&#8212;&#8212;&#8212;&#8212;&#8212;&#8212;&#8212;&#8212;&#8212;&#8212;&#8212;&#8212;&#8212;&#8212;&#8212;&#8212;&#8212;&#8212;&#8212;&#8212;&#8212;&#8212;&#8212;&#8212;&#8212;&#8212;&#8212;&#8211;<\/p>\n<p>Hydrolyzed Collagen is a protein broken down into small peptides, allowing easier absorption by skin and hair. It is widely used in serums, anti-wrinkle creams, face masks, hair care products, and lotions. For skin, it helps improve elasticity, enhance hydration, and reduce the appearance of fine lines and wrinkles. For hair, it strengthens the hair structure and adds shine and softness. It forms a protective film that helps reduce moisture loss and protects against dryness. Typical usage levels range from 1% to 10%. It is dissolved in the water phase and preferably added during the cool-down phase below 40\u00b0C to preserve activity. It is compatible with most water-based formulations and safe for topical use.<\/p>\n","protected":false},"excerpt":{"rendered":"<p>&#8230;<\/p>\n","protected":false},"featured_media":5066,"comment_status":"closed","ping_status":"closed","template":"","meta":[],"etheme_brands":[],"product_brand":[],"product_cat":[67],"product_tag":[],"class_list":{"0":"post-5042","1":"product","2":"type-product","3":"status-publish","4":"has-post-thumbnail","6":"product_cat-raw-materials","8":"first","9":"instock","10":"taxable","11":"shipping-taxable","12":"purchasable","13":"product-type-variable"},"_links":{"self":[{"href":"https:\/\/kimyasalevi.com\/en\/wp-json\/wp\/v2\/product\/5042","targetHints":{"allow":["GET"]}}],"collection":[{"href":"https:\/\/kimyasalevi.com\/en\/wp-json\/wp\/v2\/product"}],"about":[{"href":"https:\/\/kimyasalevi.com\/en\/wp-json\/wp\/v2\/types\/product"}],"replies":[{"embeddable":true,"href":"https:\/\/kimyasalevi.com\/en\/wp-json\/wp\/v2\/comments?post=5042"}],"version-history":[{"count":1,"href":"https:\/\/kimyasalevi.com\/en\/wp-json\/wp\/v2\/product\/5042\/revisions"}],"predecessor-version":[{"id":5081,"href":"https:\/\/kimyasalevi.com\/en\/wp-json\/wp\/v2\/product\/5042\/revisions\/5081"}],"wp:featuredmedia":[{"embeddable":true,"href":"https:\/\/kimyasalevi.com\/en\/wp-json\/wp\/v2\/media\/5066"}],"wp:attachment":[{"href":"https:\/\/kimyasalevi.com\/en\/wp-json\/wp\/v2\/media?parent=5042"}],"wp:term":[{"taxonomy":"brand","embeddable":true,"href":"https:\/\/kimyasalevi.com\/en\/wp-json\/wp\/v2\/etheme_brands?post=5042"},{"taxonomy":"product_brand","embeddable":true,"href":"https:\/\/kimyasalevi.com\/en\/wp-json\/wp\/v2\/product_brand?post=5042"},{"taxonomy":"product_cat","embeddable":true,"href":"https:\/\/kimyasalevi.com\/en\/wp-json\/wp\/v2\/product_cat?post=5042"},{"taxonomy":"product_tag","embeddable":true,"href":"https:\/\/kimyasalevi.com\/en\/wp-json\/wp\/v2\/product_tag?post=5042"}],"curies":[{"name":"wp","href":"https:\/\/api.w.org\/{rel}","templated":true}]}}