{"id":5598,"date":"2026-02-16T06:00:06","date_gmt":"2026-02-16T06:00:06","guid":{"rendered":"https:\/\/kimyasalevi.com\/?post_type=product&#038;p=5598"},"modified":"2026-03-24T11:30:41","modified_gmt":"2026-03-24T11:30:41","slug":"061-gliserol-monostearat-gms-glycerol-monostearate","status":"publish","type":"product","link":"https:\/\/kimyasalevi.com\/en\/product\/061-gliserol-monostearat-gms-glycerol-monostearate\/","title":{"rendered":"061 Gliserol Monostearat &#8211; GMS glycerol monostearate"},"content":{"rendered":"<p>Glycerol Monostearate (GMS), kozmetik form\u00fclasyonlarda em\u00fclgat\u00f6r ve k\u0131vam art\u0131r\u0131c\u0131\/stabilizat\u00f6r olarak yayg\u0131n \u015fekilde kullan\u0131l\u0131r. Kremler, losyonlar, merhemler ve v\u00fccut bak\u0131m \u00fcr\u00fcnlerinde su ve ya\u011f faz\u0131n\u0131 birle\u015ftirerek homojen ve stabil bir yap\u0131 olu\u015fturur. \u00dcr\u00fcne p\u00fcr\u00fczs\u00fcz, yumu\u015fak ve dolgun bir doku kazand\u0131r\u0131r. Em\u00fclsiyonun ayr\u0131lmas\u0131n\u0131 \u00f6nler, aktif maddelerin \u00fcr\u00fcn i\u00e7inde e\u015fit da\u011f\u0131lmas\u0131na yard\u0131mc\u0131 olur. Kullan\u0131m oran\u0131 genellikle \u00fcr\u00fcn tipine ba\u011fl\u0131 olarak %1 \u2013 %5 aras\u0131ndad\u0131r; yo\u011fun ve a\u011f\u0131r krem form\u00fcllerinde %10\u2019a kadar \u00e7\u0131kabilir. Form\u00fclasyonda ya\u011f faz\u0131nda \u0131s\u0131t\u0131larak eritilir ve ard\u0131ndan su faz\u0131 ile birle\u015ftirilir, tamamen homojen olana kadar kar\u0131\u015ft\u0131r\u0131l\u0131r. \u00c7o\u011fu ya\u011f ve di\u011fer em\u00fclgat\u00f6rlerle uyumludur ve topikal kullan\u0131m i\u00e7in g\u00fcvenlidir.<\/p>\n<p>&#8212;&#8212;&#8212;&#8212;&#8212;&#8212;&#8212;&#8212;&#8212;&#8212;&#8212;&#8212;&#8212;&#8212;&#8212;&#8212;&#8212;&#8212;&#8212;&#8212;&#8212;&#8212;&#8212;&#8212;&#8212;&#8212;&#8212;&#8212;&#8212;&#8212;&#8212;&#8212;&#8212;&#8212;&#8212;&#8212;&#8212;&#8212;&#8212;&#8211;<\/p>\n<p>Glycerol Monostearate (GMS) is widely used in cosmetic formulations as an emulsifier and thickener\/stabilizer. It is commonly found in creams, lotions, ointments, and body care products, where it helps combine the oil and water phases to form a stable and homogeneous emulsion. GMS provides a smooth, soft, and rich texture, prevents phase separation, and supports the even distribution of active ingredients throughout the product. Typical usage levels range from 1% to 5% depending on the formulation, and may reach up to 10% in heavy or rich creams. It is melted in the oil phase during heating and then combined with the aqueous phase, mixing until a uniform consistency is achieved. GMS is compatible with most oils and other emulsifiers and is considered safe for topical cosmetic use.<\/p>\n","protected":false},"excerpt":{"rendered":"<p>&#8230;<\/p>\n","protected":false},"featured_media":5615,"comment_status":"closed","ping_status":"closed","template":"","meta":[],"etheme_brands":[],"product_brand":[],"product_cat":[67],"product_tag":[],"class_list":{"0":"post-5598","1":"product","2":"type-product","3":"status-publish","4":"has-post-thumbnail","6":"product_cat-raw-materials","8":"first","9":"instock","10":"taxable","11":"shipping-taxable","12":"purchasable","13":"product-type-variable"},"_links":{"self":[{"href":"https:\/\/kimyasalevi.com\/en\/wp-json\/wp\/v2\/product\/5598","targetHints":{"allow":["GET"]}}],"collection":[{"href":"https:\/\/kimyasalevi.com\/en\/wp-json\/wp\/v2\/product"}],"about":[{"href":"https:\/\/kimyasalevi.com\/en\/wp-json\/wp\/v2\/types\/product"}],"replies":[{"embeddable":true,"href":"https:\/\/kimyasalevi.com\/en\/wp-json\/wp\/v2\/comments?post=5598"}],"version-history":[{"count":2,"href":"https:\/\/kimyasalevi.com\/en\/wp-json\/wp\/v2\/product\/5598\/revisions"}],"predecessor-version":[{"id":6203,"href":"https:\/\/kimyasalevi.com\/en\/wp-json\/wp\/v2\/product\/5598\/revisions\/6203"}],"wp:featuredmedia":[{"embeddable":true,"href":"https:\/\/kimyasalevi.com\/en\/wp-json\/wp\/v2\/media\/5615"}],"wp:attachment":[{"href":"https:\/\/kimyasalevi.com\/en\/wp-json\/wp\/v2\/media?parent=5598"}],"wp:term":[{"taxonomy":"brand","embeddable":true,"href":"https:\/\/kimyasalevi.com\/en\/wp-json\/wp\/v2\/etheme_brands?post=5598"},{"taxonomy":"product_brand","embeddable":true,"href":"https:\/\/kimyasalevi.com\/en\/wp-json\/wp\/v2\/product_brand?post=5598"},{"taxonomy":"product_cat","embeddable":true,"href":"https:\/\/kimyasalevi.com\/en\/wp-json\/wp\/v2\/product_cat?post=5598"},{"taxonomy":"product_tag","embeddable":true,"href":"https:\/\/kimyasalevi.com\/en\/wp-json\/wp\/v2\/product_tag?post=5598"}],"curies":[{"name":"wp","href":"https:\/\/api.w.org\/{rel}","templated":true}]}}