{"id":5702,"date":"2026-02-16T06:20:17","date_gmt":"2026-02-16T06:20:17","guid":{"rendered":"https:\/\/kimyasalevi.com\/?post_type=product&#038;p=5702"},"modified":"2026-03-24T11:30:46","modified_gmt":"2026-03-24T11:30:46","slug":"064-sodyum-hiyaluronat-sodium-hyaluronate","status":"publish","type":"product","link":"https:\/\/kimyasalevi.com\/en\/product\/064-sodyum-hiyaluronat-sodium-hyaluronate\/","title":{"rendered":"064 Sodyum hiyal\u00fcronat &#8211; Sodium hyaluronate"},"content":{"rendered":"<p>Sodium Hyaluronate kozmetikte g\u00fc\u00e7l\u00fc bir nemlendirici (humectant) olarak kullan\u0131l\u0131r ve kremler, serumlar, losyonlar ile cilt bak\u0131m \u00fcr\u00fcnlerinde yayg\u0131n \u015fekilde yer al\u0131r. Ciltte nemi \u00e7ekip tutarak uzun s\u00fcreli hidrasyon sa\u011flar. Ayn\u0131 zamanda sa\u00e7 bak\u0131m \u00fcr\u00fcnlerinde kullan\u0131larak sa\u00e7a nem, yumu\u015fakl\u0131k ve esneklik kazand\u0131r\u0131r. Cildi derinlemesine nemlendirir, elastikiyetini art\u0131r\u0131r, ince \u00e7izgi ve kuruluk g\u00f6r\u00fcn\u00fcm\u00fcn\u00fc azalt\u0131r ve cilde dolgun, canl\u0131 bir g\u00f6r\u00fcn\u00fcm verir. Sa\u00e7ta nem dengesini korur ve elektriklenmeyi azalt\u0131r. Kullan\u0131m oran\u0131 genellikle \u00fcr\u00fcn tipine ve molek\u00fcl a\u011f\u0131rl\u0131\u011f\u0131na ba\u011fl\u0131 olarak %0.1 \u2013 %2 aras\u0131ndad\u0131r. Su faz\u0131nda \u00e7\u00f6z\u00fclerek form\u00fclasyona eklenir ve homojen da\u011f\u0131l\u0131m sa\u011flanana kadar kar\u0131\u015ft\u0131r\u0131l\u0131r. \u00c7o\u011fu aktif madde ile uyumludur ve topikal kullan\u0131m i\u00e7in olduk\u00e7a g\u00fcvenli olup hassas ciltler i\u00e7in de uygundur.<\/p>\n<p>&#8212;&#8212;&#8212;&#8212;&#8212;&#8212;&#8212;&#8212;&#8212;&#8212;&#8212;&#8212;&#8212;&#8212;&#8212;&#8212;&#8212;&#8212;&#8212;&#8212;&#8212;&#8212;&#8212;&#8212;&#8212;&#8212;&#8212;&#8212;&#8212;&#8212;&#8212;&#8212;&#8212;&#8212;&#8212;&#8212;&#8212;&#8212;&#8212;&#8211;<\/p>\n<p>Sodium Hyaluronate Sodium Hyaluronate is widely used in cosmetic formulations as a powerful humectant in creams, serums, lotions, and skin care products. It attracts and retains moisture within the skin, providing long-lasting hydration. It is also used in hair care products to add moisture, softness, and improved manageability. Sodium Hyaluronate deeply hydrates the skin, enhances elasticity, reduces the appearance of fine lines and dryness, and gives the skin a plump, healthy appearance. In hair products, it helps maintain moisture balance and reduce frizz. Typical usage levels range from 0.1% to 2% depending on the formulation and molecular weight. It is dissolved in the aqueous phase and mixed thoroughly to ensure even distribution. Compatible with most cosmetic actives and considered very safe for topical use, including for sensitive skin.<\/p>\n","protected":false},"excerpt":{"rendered":"<p>&#8230;<\/p>\n","protected":false},"featured_media":5721,"comment_status":"closed","ping_status":"closed","template":"","meta":[],"etheme_brands":[],"product_brand":[],"product_cat":[67],"product_tag":[],"class_list":{"0":"post-5702","1":"product","2":"type-product","3":"status-publish","4":"has-post-thumbnail","6":"product_cat-raw-materials","8":"first","9":"instock","10":"taxable","11":"shipping-taxable","12":"purchasable","13":"product-type-variable"},"_links":{"self":[{"href":"https:\/\/kimyasalevi.com\/en\/wp-json\/wp\/v2\/product\/5702","targetHints":{"allow":["GET"]}}],"collection":[{"href":"https:\/\/kimyasalevi.com\/en\/wp-json\/wp\/v2\/product"}],"about":[{"href":"https:\/\/kimyasalevi.com\/en\/wp-json\/wp\/v2\/types\/product"}],"replies":[{"embeddable":true,"href":"https:\/\/kimyasalevi.com\/en\/wp-json\/wp\/v2\/comments?post=5702"}],"version-history":[{"count":2,"href":"https:\/\/kimyasalevi.com\/en\/wp-json\/wp\/v2\/product\/5702\/revisions"}],"predecessor-version":[{"id":6200,"href":"https:\/\/kimyasalevi.com\/en\/wp-json\/wp\/v2\/product\/5702\/revisions\/6200"}],"wp:featuredmedia":[{"embeddable":true,"href":"https:\/\/kimyasalevi.com\/en\/wp-json\/wp\/v2\/media\/5721"}],"wp:attachment":[{"href":"https:\/\/kimyasalevi.com\/en\/wp-json\/wp\/v2\/media?parent=5702"}],"wp:term":[{"taxonomy":"brand","embeddable":true,"href":"https:\/\/kimyasalevi.com\/en\/wp-json\/wp\/v2\/etheme_brands?post=5702"},{"taxonomy":"product_brand","embeddable":true,"href":"https:\/\/kimyasalevi.com\/en\/wp-json\/wp\/v2\/product_brand?post=5702"},{"taxonomy":"product_cat","embeddable":true,"href":"https:\/\/kimyasalevi.com\/en\/wp-json\/wp\/v2\/product_cat?post=5702"},{"taxonomy":"product_tag","embeddable":true,"href":"https:\/\/kimyasalevi.com\/en\/wp-json\/wp\/v2\/product_tag?post=5702"}],"curies":[{"name":"wp","href":"https:\/\/api.w.org\/{rel}","templated":true}]}}