{"id":5737,"date":"2026-02-16T06:34:02","date_gmt":"2026-02-16T06:34:02","guid":{"rendered":"https:\/\/kimyasalevi.com\/?post_type=product&#038;p=5737"},"modified":"2026-03-24T11:30:46","modified_gmt":"2026-03-24T11:30:46","slug":"066-stearik-asit-1845-stearic-acid","status":"publish","type":"product","link":"https:\/\/kimyasalevi.com\/en\/product\/066-stearik-asit-1845-stearic-acid\/","title":{"rendered":"066 STEAR\u0130K AS\u0130T 1845 &#8211; Stearic acid"},"content":{"rendered":"<p>Stearic Acid kozmetik form\u00fclasyonlarda em\u00fclsifiye edici ve k\u0131vam art\u0131r\u0131c\u0131\/stabilizat\u00f6r olarak yayg\u0131n \u015fekilde kullan\u0131l\u0131r. Su ve ya\u011f faz\u0131n\u0131n bir araya gelmesine yard\u0131mc\u0131 olur ve kremler, losyonlar, merhemler ile sabunlarda \u00fcr\u00fcn\u00fcn daha stabil ve homojen olmas\u0131n\u0131 sa\u011flar. Sabun \u00fcretiminde ya\u011flarla alkali reaksiyona girerek sabunla\u015fmay\u0131 sa\u011flayan \u00f6nemli bir bile\u015fendir. \u00dcr\u00fcne yumu\u015fak, kremsi ve dolgun bir doku kazand\u0131r\u0131r. Em\u00fclsiyonlar\u0131 stabilize eder, ya\u011f ve suyun ayr\u0131lmas\u0131n\u0131 \u00f6nler, \u00fcr\u00fcn\u00fcn k\u0131vam\u0131n\u0131 ve p\u00fcr\u00fczs\u00fczl\u00fc\u011f\u00fcn\u00fc art\u0131r\u0131r. Dolayl\u0131 olarak cildin nemlenmesine katk\u0131 sa\u011flar ve sabunlarda sertlik ile d\u00fczg\u00fcn bir yap\u0131 olu\u015fturur. Kullan\u0131m oran\u0131 genellikle \u00fcr\u00fcn tipine ba\u011fl\u0131 olarak %2 \u2013 %8 aras\u0131ndad\u0131r, sabun form\u00fcllerinde ise %20\u2019ye kadar \u00e7\u0131kabilir. Ya\u011f faz\u0131nda \u0131s\u0131t\u0131larak eritilir ve em\u00fclsiyon a\u015famas\u0131nda su faz\u0131 ile kar\u0131\u015ft\u0131r\u0131l\u0131r. \u00c7o\u011fu ya\u011f ve em\u00fclgat\u00f6rle uyumludur ve \u00f6nerilen konsantrasyonlarda topikal kullan\u0131m i\u00e7in g\u00fcvenlidir.<\/p>\n<p>&#8212;&#8212;&#8212;&#8212;&#8212;&#8212;&#8212;&#8212;&#8212;&#8212;&#8212;&#8212;&#8212;&#8212;&#8212;&#8212;&#8212;&#8212;&#8212;&#8212;&#8212;&#8212;&#8212;&#8212;&#8212;&#8212;&#8212;&#8212;&#8212;&#8212;&#8212;&#8212;&#8212;&#8212;&#8212;&#8212;&#8212;&#8212;&#8212;&#8211;<\/p>\n<p>Stearic Acid Stearic Acid is widely used in cosmetic formulations as an emulsifier and thickener\/stabilizer. It helps combine the oil and water phases, providing stable and homogeneous creams, lotions, ointments, and soaps. In soap making, it acts as a saponification agent by reacting with alkalis. Stearic Acid gives products a rich, creamy texture, stabilizes emulsions, prevents phase separation, and improves product consistency and smoothness. It indirectly supports skin moisturization by enhancing the texture of the formulation and increases hardness and smoothness in soaps. Typical usage levels range from 2% to 8% depending on the product, and can reach up to 20% in soap formulations. It is melted in the oil phase during heating and combined with the aqueous phase during emulsification. Stearic Acid is compatible with most oils and emulsifiers and is considered safe for topical use at recommended concentrations.<\/p>\n","protected":false},"excerpt":{"rendered":"<p>&#8230;<\/p>\n","protected":false},"featured_media":5754,"comment_status":"closed","ping_status":"closed","template":"","meta":[],"etheme_brands":[],"product_brand":[],"product_cat":[67],"product_tag":[],"class_list":{"0":"post-5737","1":"product","2":"type-product","3":"status-publish","4":"has-post-thumbnail","6":"product_cat-raw-materials","8":"first","9":"instock","10":"taxable","11":"shipping-taxable","12":"purchasable","13":"product-type-variable"},"_links":{"self":[{"href":"https:\/\/kimyasalevi.com\/en\/wp-json\/wp\/v2\/product\/5737","targetHints":{"allow":["GET"]}}],"collection":[{"href":"https:\/\/kimyasalevi.com\/en\/wp-json\/wp\/v2\/product"}],"about":[{"href":"https:\/\/kimyasalevi.com\/en\/wp-json\/wp\/v2\/types\/product"}],"replies":[{"embeddable":true,"href":"https:\/\/kimyasalevi.com\/en\/wp-json\/wp\/v2\/comments?post=5737"}],"version-history":[{"count":2,"href":"https:\/\/kimyasalevi.com\/en\/wp-json\/wp\/v2\/product\/5737\/revisions"}],"predecessor-version":[{"id":6199,"href":"https:\/\/kimyasalevi.com\/en\/wp-json\/wp\/v2\/product\/5737\/revisions\/6199"}],"wp:featuredmedia":[{"embeddable":true,"href":"https:\/\/kimyasalevi.com\/en\/wp-json\/wp\/v2\/media\/5754"}],"wp:attachment":[{"href":"https:\/\/kimyasalevi.com\/en\/wp-json\/wp\/v2\/media?parent=5737"}],"wp:term":[{"taxonomy":"brand","embeddable":true,"href":"https:\/\/kimyasalevi.com\/en\/wp-json\/wp\/v2\/etheme_brands?post=5737"},{"taxonomy":"product_brand","embeddable":true,"href":"https:\/\/kimyasalevi.com\/en\/wp-json\/wp\/v2\/product_brand?post=5737"},{"taxonomy":"product_cat","embeddable":true,"href":"https:\/\/kimyasalevi.com\/en\/wp-json\/wp\/v2\/product_cat?post=5737"},{"taxonomy":"product_tag","embeddable":true,"href":"https:\/\/kimyasalevi.com\/en\/wp-json\/wp\/v2\/product_tag?post=5737"}],"curies":[{"name":"wp","href":"https:\/\/api.w.org\/{rel}","templated":true}]}}