{"id":5770,"date":"2026-02-16T06:50:22","date_gmt":"2026-02-16T06:50:22","guid":{"rendered":"https:\/\/kimyasalevi.com\/?post_type=product&#038;p=5770"},"modified":"2026-03-24T11:30:46","modified_gmt":"2026-03-24T11:30:46","slug":"067-labsa96","status":"publish","type":"product","link":"https:\/\/kimyasalevi.com\/en\/product\/067-labsa96\/","title":{"rendered":"067 LABSA %96"},"content":{"rendered":"<p>LABSA %96 kozmetik ve temizlik \u00fcr\u00fcnlerinde g\u00fc\u00e7l\u00fc bir anyonik y\u00fczey aktif madde olarak kullan\u0131l\u0131r. \u015eampuan, du\u015f jeli, s\u0131v\u0131 sabun, \u00e7ama\u015f\u0131r ve bula\u015f\u0131k deterjanlar\u0131n\u0131n temel hammaddelerinden biridir. Y\u00fcksek asidik yap\u0131s\u0131 nedeniyle do\u011frudan kullan\u0131lmaz; genellikle NaOH veya TEA ile n\u00f6tralize edilerek daha yumu\u015fak ve kullan\u0131ma uygun olan LABSNa formuna d\u00f6n\u00fc\u015ft\u00fcr\u00fcl\u00fcr. Y\u00fcksek k\u00f6p\u00fcrme kapasitesi ve g\u00fc\u00e7l\u00fc temizleme etkisi sayesinde ya\u011f ve kirleri h\u0131zl\u0131 \u015fekilde uzakla\u015ft\u0131r\u0131r. Kozmetik \u00fcr\u00fcnlerde n\u00f6tralizasyondan sonra genellikle %1 \u2013 %5 oran\u0131nda kullan\u0131l\u0131rken, evsel ve end\u00fcstriyel deterjan form\u00fcllerinde bu oran %10 \u2013 %18\u2019e kadar \u00e7\u0131kabilir. Form\u00fclasyonda \u00f6nce dikkatli \u015fekilde n\u00f6tralize edilir, ard\u0131ndan su faz\u0131na eklenerek tamamen \u00e7\u00f6z\u00fcnene kadar kar\u0131\u015ft\u0131r\u0131l\u0131r. Konsantre hali cilt ve g\u00f6z i\u00e7in tahri\u015f edici oldu\u011fundan direkt temas edilmemelidir; ancak do\u011fru \u015fekilde n\u00f6tralize edildi\u011finde \u015fampuan ve hafif temizleyicilerde g\u00fcvenle kullan\u0131labilir.<\/p>\n<p>&#8212;&#8212;&#8212;&#8212;&#8212;&#8212;&#8212;&#8212;&#8212;&#8212;&#8212;&#8212;&#8212;&#8212;&#8212;&#8212;&#8212;&#8212;&#8212;&#8212;&#8212;&#8212;&#8212;&#8212;&#8212;&#8212;&#8212;&#8212;&#8212;&#8212;&#8212;&#8212;&#8212;&#8212;&#8212;&#8212;&#8212;&#8212;&#8212;&#8211;<\/p>\n<p>LABSA 96% is a strong anionic surfactant widely used in cosmetic and cleaning formulations. It is a key ingredient in shampoos, shower gels, liquid soaps, laundry detergents, and dishwashing liquids. Due to its highly acidic nature, it is not used directly; it must first be neutralized with alkalis such as sodium hydroxide or TEA to form the milder LABSNa salt suitable for human use. LABSA provides high foaming capacity and excellent cleaning power, effectively removing oils and dirt. In cosmetic applications, it is typically used at 1%\u20135% after neutralization, while in household and industrial detergents the level may reach 10%\u201318% depending on the formulation. It is added after neutralization to the aqueous phase and mixed until fully dissolved. In its concentrated form, LABSA 96% is highly irritating to skin and eyes and should not be used directly, but once properly neutralized, it is safe and effective for shampoos and mild cleaning products.<\/p>\n","protected":false},"excerpt":{"rendered":"<p>&#8230;<\/p>\n","protected":false},"featured_media":5786,"comment_status":"closed","ping_status":"closed","template":"","meta":[],"etheme_brands":[],"product_brand":[],"product_cat":[67],"product_tag":[],"class_list":{"0":"post-5770","1":"product","2":"type-product","3":"status-publish","4":"has-post-thumbnail","6":"product_cat-raw-materials","8":"first","9":"instock","10":"taxable","11":"shipping-taxable","12":"purchasable","13":"product-type-variable"},"_links":{"self":[{"href":"https:\/\/kimyasalevi.com\/en\/wp-json\/wp\/v2\/product\/5770","targetHints":{"allow":["GET"]}}],"collection":[{"href":"https:\/\/kimyasalevi.com\/en\/wp-json\/wp\/v2\/product"}],"about":[{"href":"https:\/\/kimyasalevi.com\/en\/wp-json\/wp\/v2\/types\/product"}],"replies":[{"embeddable":true,"href":"https:\/\/kimyasalevi.com\/en\/wp-json\/wp\/v2\/comments?post=5770"}],"version-history":[{"count":1,"href":"https:\/\/kimyasalevi.com\/en\/wp-json\/wp\/v2\/product\/5770\/revisions"}],"predecessor-version":[{"id":5799,"href":"https:\/\/kimyasalevi.com\/en\/wp-json\/wp\/v2\/product\/5770\/revisions\/5799"}],"wp:featuredmedia":[{"embeddable":true,"href":"https:\/\/kimyasalevi.com\/en\/wp-json\/wp\/v2\/media\/5786"}],"wp:attachment":[{"href":"https:\/\/kimyasalevi.com\/en\/wp-json\/wp\/v2\/media?parent=5770"}],"wp:term":[{"taxonomy":"brand","embeddable":true,"href":"https:\/\/kimyasalevi.com\/en\/wp-json\/wp\/v2\/etheme_brands?post=5770"},{"taxonomy":"product_brand","embeddable":true,"href":"https:\/\/kimyasalevi.com\/en\/wp-json\/wp\/v2\/product_brand?post=5770"},{"taxonomy":"product_cat","embeddable":true,"href":"https:\/\/kimyasalevi.com\/en\/wp-json\/wp\/v2\/product_cat?post=5770"},{"taxonomy":"product_tag","embeddable":true,"href":"https:\/\/kimyasalevi.com\/en\/wp-json\/wp\/v2\/product_tag?post=5770"}],"curies":[{"name":"wp","href":"https:\/\/api.w.org\/{rel}","templated":true}]}}