{"id":5800,"date":"2026-02-16T07:35:22","date_gmt":"2026-02-16T07:35:22","guid":{"rendered":"https:\/\/kimyasalevi.com\/?post_type=product&#038;p=5800"},"modified":"2026-03-24T11:30:46","modified_gmt":"2026-03-24T11:30:46","slug":"068-asetik-asit-80-sirke-asidi-acetic-acid-80","status":"publish","type":"product","link":"https:\/\/kimyasalevi.com\/en\/product\/068-asetik-asit-80-sirke-asidi-acetic-acid-80\/","title":{"rendered":"068 Asetik Asit (% 80) Sirke Asidi &#8211; ACETIC ACID 80%"},"content":{"rendered":"<p>Acetic Acid %80 kozmetikte ve end\u00fcstriyel uygulamalarda pH d\u00fczenleyici olarak kullan\u0131l\u0131r. Baz\u0131 kozmetik form\u00fclasyonlarda, temizlik \u00fcr\u00fcnlerinde ve s\u0131v\u0131 sabunlarda kontroll\u00fc ve d\u00fc\u015f\u00fck oranlarda yer al\u0131r. Ayn\u0131 zamanda alkali maddelerin n\u00f6tralizasyonu ve \u00e7e\u015fitli kimyasal \u00e7\u00f6zelti haz\u0131rl\u0131klar\u0131nda kullan\u0131l\u0131r. \u00dcr\u00fcn\u00fcn pH dengesini ayarlayarak stabilitesini korur, istenmeyen reaksiyonlar\u0131n \u00f6n\u00fcne ge\u00e7er ve pH\u2019a duyarl\u0131 aktif maddelerin etkinli\u011finin devam etmesine yard\u0131mc\u0131 olur. Kullan\u0131m oran\u0131 genellikle \u00fcr\u00fcn tipine ba\u011fl\u0131 olarak %0.1 \u2013 %2 aras\u0131ndad\u0131r. %80\u2019lik konsantre form do\u011frudan kullan\u0131lmaz, mutlaka su veya su faz\u0131nda seyreltilmelidir. Form\u00fclasyona eklenirken yava\u015f\u00e7a ilave edilir ve kar\u0131\u015ft\u0131rma s\u0131ras\u0131nda pH s\u00fcrekli kontrol edilir. Seyreltilmi\u015f halde \u00e7o\u011fu form\u00fcl ile uyumludur; ancak konsantre %80 \u00e7\u00f6zeltisi cilt ve g\u00f6z i\u00e7in olduk\u00e7a tahri\u015f edici oldu\u011fundan \u00e7al\u0131\u015f\u0131rken eldiven ve g\u00f6zl\u00fck gibi koruyucu ekipman kullan\u0131lmal\u0131d\u0131r.<\/p>\n<p>&#8212;&#8212;&#8212;&#8212;&#8212;&#8212;&#8212;&#8212;&#8212;&#8212;&#8212;&#8212;&#8212;&#8212;&#8212;&#8212;&#8212;&#8212;&#8212;&#8212;&#8212;&#8212;&#8212;&#8212;&#8212;&#8212;&#8212;&#8212;&#8212;&#8212;&#8212;&#8212;&#8212;&#8212;&#8212;&#8212;&#8212;&#8212;&#8212;&#8211;<\/p>\n<p>Acetic Acid 80% is used in cosmetic and industrial applications primarily as a pH adjuster. It is incorporated in controlled, low amounts in certain cosmetic formulations, liquid soaps, and cleaning products, and is also widely used for alkali neutralization and chemical solution preparation. By adjusting and stabilizing the pH, it helps maintain formulation stability, prevent unwanted reactions, and preserve the effectiveness of pH-sensitive active ingredients. Typical usage levels range from 0.1% to 2% depending on the formulation. The 80% concentrated solution must be diluted with water or the aqueous phase before use and added slowly with continuous mixing while monitoring pH. In diluted form, it is compatible with most formulations; however, the concentrated 80% solution is highly acidic and irritating to skin and eyes, and appropriate protective equipment should be used when handling it.<\/p>\n","protected":false},"excerpt":{"rendered":"<p>&#8230;<\/p>\n","protected":false},"featured_media":5816,"comment_status":"closed","ping_status":"closed","template":"","meta":[],"etheme_brands":[],"product_brand":[],"product_cat":[67],"product_tag":[],"class_list":{"0":"post-5800","1":"product","2":"type-product","3":"status-publish","4":"has-post-thumbnail","6":"product_cat-raw-materials","8":"first","9":"instock","10":"taxable","11":"shipping-taxable","12":"purchasable","13":"product-type-variable"},"_links":{"self":[{"href":"https:\/\/kimyasalevi.com\/en\/wp-json\/wp\/v2\/product\/5800","targetHints":{"allow":["GET"]}}],"collection":[{"href":"https:\/\/kimyasalevi.com\/en\/wp-json\/wp\/v2\/product"}],"about":[{"href":"https:\/\/kimyasalevi.com\/en\/wp-json\/wp\/v2\/types\/product"}],"replies":[{"embeddable":true,"href":"https:\/\/kimyasalevi.com\/en\/wp-json\/wp\/v2\/comments?post=5800"}],"version-history":[{"count":2,"href":"https:\/\/kimyasalevi.com\/en\/wp-json\/wp\/v2\/product\/5800\/revisions"}],"predecessor-version":[{"id":6198,"href":"https:\/\/kimyasalevi.com\/en\/wp-json\/wp\/v2\/product\/5800\/revisions\/6198"}],"wp:featuredmedia":[{"embeddable":true,"href":"https:\/\/kimyasalevi.com\/en\/wp-json\/wp\/v2\/media\/5816"}],"wp:attachment":[{"href":"https:\/\/kimyasalevi.com\/en\/wp-json\/wp\/v2\/media?parent=5800"}],"wp:term":[{"taxonomy":"brand","embeddable":true,"href":"https:\/\/kimyasalevi.com\/en\/wp-json\/wp\/v2\/etheme_brands?post=5800"},{"taxonomy":"product_brand","embeddable":true,"href":"https:\/\/kimyasalevi.com\/en\/wp-json\/wp\/v2\/product_brand?post=5800"},{"taxonomy":"product_cat","embeddable":true,"href":"https:\/\/kimyasalevi.com\/en\/wp-json\/wp\/v2\/product_cat?post=5800"},{"taxonomy":"product_tag","embeddable":true,"href":"https:\/\/kimyasalevi.com\/en\/wp-json\/wp\/v2\/product_tag?post=5800"}],"curies":[{"name":"wp","href":"https:\/\/api.w.org\/{rel}","templated":true}]}}