{"id":5830,"date":"2026-02-16T07:40:07","date_gmt":"2026-02-16T07:40:07","guid":{"rendered":"https:\/\/kimyasalevi.com\/?post_type=product&#038;p=5830"},"modified":"2026-03-24T11:30:50","modified_gmt":"2026-03-24T11:30:50","slug":"069-borik-asit-borik-acid","status":"publish","type":"product","link":"https:\/\/kimyasalevi.com\/en\/product\/069-borik-asit-borik-acid\/","title":{"rendered":"069 BOR\u0130K AS\u0130T &#8211; BORIK ACID"},"content":{"rendered":"<p>Boric Acid kozmetikte antiseptik ve antifungal \u00f6zellikleri sayesinde baz\u0131 cilt ve g\u00f6z bak\u0131m \u00fcr\u00fcnlerinde kullan\u0131l\u0131r. G\u00f6z sol\u00fcsyonlar\u0131, cilt y\u0131kama \u00fcr\u00fcnleri ve merhemlerde yer alarak hijyenin korunmas\u0131na yard\u0131mc\u0131 olur. Ayn\u0131 zamanda form\u00fclasyonlarda pH dengeleyici (buffer) olarak g\u00f6rev al\u0131r ve \u00fcr\u00fcn\u00fcn stabilitesini destekler. Ciltte bakteri ve mantar olu\u015fumunu azaltmaya yard\u0131mc\u0131 olur, g\u00f6z bak\u0131m \u00fcr\u00fcnlerinde koruyucu etki sa\u011flar. Kullan\u0131m oran\u0131 genellikle \u00fcr\u00fcn tipine ba\u011fl\u0131 olarak %0.5 \u2013 %2 aras\u0131ndad\u0131r. Form\u00fclasyonda su faz\u0131nda \u00e7\u00f6z\u00fclerek eklenir ve homojen da\u011f\u0131l\u0131m sa\u011flanana kadar kar\u0131\u015ft\u0131r\u0131l\u0131r. Su bazl\u0131 \u00e7o\u011fu bile\u015fenle uyumludur ve \u00f6nerilen konsantrasyonlarda topikal kullan\u0131m i\u00e7in g\u00fcvenlidir; ancak yutulmamal\u0131 ve y\u00fcksek konsantrasyonlarda g\u00f6zle temas\u0131ndan ka\u00e7\u0131n\u0131lmal\u0131d\u0131r.<\/p>\n<p>&#8212;&#8212;&#8212;&#8212;&#8212;&#8212;&#8212;&#8212;&#8212;&#8212;&#8212;&#8212;&#8212;&#8212;&#8212;&#8212;&#8212;&#8212;&#8212;&#8212;&#8212;&#8212;&#8212;&#8212;&#8212;&#8212;&#8212;&#8212;&#8212;&#8212;&#8212;&#8212;&#8212;&#8212;&#8212;&#8212;&#8212;&#8212;&#8212;&#8211;<\/p>\n<p>Boric Acid Boric Acid is used in cosmetic formulations for its antiseptic and antifungal properties, particularly in certain skin and eye care products. It is found in eye solutions, skin cleansers, and ointments, where it helps maintain hygiene and reduce bacterial and fungal growth. It can also function as a pH buffer, supporting formulation stability. Typical usage levels range from 0.5% to 2% depending on the product type. It is dissolved in the aqueous phase before adding other ingredients and mixed until a homogeneous solution is obtained. Boric Acid is compatible with most water-based ingredients and is considered safe for topical use at recommended levels; however, ingestion should be avoided and eye contact at high concentrations should be prevented.<\/p>\n","protected":false},"excerpt":{"rendered":"<p>&#8230;<\/p>\n","protected":false},"featured_media":5847,"comment_status":"closed","ping_status":"closed","template":"","meta":[],"etheme_brands":[],"product_brand":[],"product_cat":[67],"product_tag":[],"class_list":{"0":"post-5830","1":"product","2":"type-product","3":"status-publish","4":"has-post-thumbnail","6":"product_cat-raw-materials","8":"first","9":"instock","10":"taxable","11":"shipping-taxable","12":"purchasable","13":"product-type-variable"},"_links":{"self":[{"href":"https:\/\/kimyasalevi.com\/en\/wp-json\/wp\/v2\/product\/5830","targetHints":{"allow":["GET"]}}],"collection":[{"href":"https:\/\/kimyasalevi.com\/en\/wp-json\/wp\/v2\/product"}],"about":[{"href":"https:\/\/kimyasalevi.com\/en\/wp-json\/wp\/v2\/types\/product"}],"replies":[{"embeddable":true,"href":"https:\/\/kimyasalevi.com\/en\/wp-json\/wp\/v2\/comments?post=5830"}],"version-history":[{"count":1,"href":"https:\/\/kimyasalevi.com\/en\/wp-json\/wp\/v2\/product\/5830\/revisions"}],"predecessor-version":[{"id":5864,"href":"https:\/\/kimyasalevi.com\/en\/wp-json\/wp\/v2\/product\/5830\/revisions\/5864"}],"wp:featuredmedia":[{"embeddable":true,"href":"https:\/\/kimyasalevi.com\/en\/wp-json\/wp\/v2\/media\/5847"}],"wp:attachment":[{"href":"https:\/\/kimyasalevi.com\/en\/wp-json\/wp\/v2\/media?parent=5830"}],"wp:term":[{"taxonomy":"brand","embeddable":true,"href":"https:\/\/kimyasalevi.com\/en\/wp-json\/wp\/v2\/etheme_brands?post=5830"},{"taxonomy":"product_brand","embeddable":true,"href":"https:\/\/kimyasalevi.com\/en\/wp-json\/wp\/v2\/product_brand?post=5830"},{"taxonomy":"product_cat","embeddable":true,"href":"https:\/\/kimyasalevi.com\/en\/wp-json\/wp\/v2\/product_cat?post=5830"},{"taxonomy":"product_tag","embeddable":true,"href":"https:\/\/kimyasalevi.com\/en\/wp-json\/wp\/v2\/product_tag?post=5830"}],"curies":[{"name":"wp","href":"https:\/\/api.w.org\/{rel}","templated":true}]}}