{"id":5865,"date":"2026-02-16T08:05:14","date_gmt":"2026-02-16T08:05:14","guid":{"rendered":"https:\/\/kimyasalevi.com\/?post_type=product&#038;p=5865"},"modified":"2026-03-24T11:30:50","modified_gmt":"2026-03-24T11:30:50","slug":"070-hidrojen-per-oksit-p-oksijenli-su-hydrogen-peroxide-50","status":"publish","type":"product","link":"https:\/\/kimyasalevi.com\/en\/product\/070-hidrojen-per-oksit-p-oksijenli-su-hydrogen-peroxide-50\/","title":{"rendered":"070 Hidrojen Peroksit %50 &#8211; oksijenli Su &#8211; Hydrogen peroxide\u00a050%"},"content":{"rendered":"<p>Hidrojen Peroksit %50 kozmetikte ve end\u00fcstride g\u00fc\u00e7l\u00fc bir oksitleyici ve a\u011fart\u0131c\u0131\/mikrop k\u0131r\u0131c\u0131 olarak kullan\u0131l\u0131r. Sa\u00e7 ve di\u015f beyazlatma \u00fcr\u00fcnlerinde, baz\u0131 t\u0131bbi ve laboratuvar uygulamalar\u0131nda yer al\u0131r; ayr\u0131ca y\u00fcn, ipek ve \u00e7e\u015fitli end\u00fcstriyel \u00fcr\u00fcnlerin beyazlat\u0131lmas\u0131nda kullan\u0131l\u0131r. Bakteri, mantar ve vir\u00fcslere kar\u015f\u0131 etkilidir, koku ve kirlerin n\u00f6tralizasyonuna yard\u0131mc\u0131 olur. %50 konsantre form do\u011frudan kullan\u0131m i\u00e7in uygun de\u011fildir ve mutlaka seyreltilmelidir; genellikle hedef \u00fcr\u00fcne g\u00f6re %3 \u2013 %12 aral\u0131\u011f\u0131na d\u00fc\u015f\u00fcr\u00fcl\u00fcr. Kullan\u0131m \u00f6ncesi uygun \u00e7\u00f6z\u00fcc\u00fcyle seyreltilir, ekleme s\u0131ras\u0131nda konsantrasyon ve pH kontrol\u00fc yap\u0131l\u0131r. G\u00fc\u00e7l\u00fc bir oksitleyici oldu\u011fundan baz\u0131 organik ve metalik maddelerle reaksiyona girebilir; %50 konsantre \u00e7ok tehlikelidir, cilt ve g\u00f6zle temas\u0131ndan ka\u00e7\u0131n\u0131lmal\u0131 ve mutlaka koruyucu ekipman kullan\u0131lmal\u0131d\u0131r.<\/p>\n<p>&#8212;&#8212;&#8212;&#8212;&#8212;&#8212;&#8212;&#8212;&#8212;&#8212;&#8212;&#8212;&#8212;&#8212;&#8212;&#8212;&#8212;&#8212;&#8212;&#8212;&#8212;&#8212;&#8212;&#8212;&#8212;&#8212;&#8212;&#8212;&#8212;&#8212;&#8212;&#8212;&#8212;&#8212;&#8212;&#8212;&#8212;&#8212;&#8212;&#8211;<\/p>\n<p>Hydrogen Peroxide 50% Hydrogen Peroxide 50% is a powerful oxidizing, bleaching, and disinfecting agent used in cosmetic and industrial applications. It is found in hair and teeth whitening products, certain medical and laboratory uses, and in the bleaching of wool, silk, and various industrial materials. It is effective against bacteria, fungi, and viruses and helps neutralize odors and contaminants. The 50% concentrate is not suitable for direct use and must be diluted first, typically to 3%\u201312% depending on the application. It should be diluted with an appropriate medium before addition, with careful control of concentration and pH. As a strong oxidizer, it may react with some organic or metallic substances; the 50% concentrate is highly hazardous, irritating to skin and eyes, and requires the use of protective gloves and eye protection.<\/p>\n","protected":false},"excerpt":{"rendered":"<p>&#8230;<\/p>\n","protected":false},"featured_media":5882,"comment_status":"closed","ping_status":"closed","template":"","meta":[],"etheme_brands":[],"product_brand":[],"product_cat":[67],"product_tag":[],"class_list":{"0":"post-5865","1":"product","2":"type-product","3":"status-publish","4":"has-post-thumbnail","6":"product_cat-raw-materials","8":"first","9":"instock","10":"taxable","11":"shipping-taxable","12":"purchasable","13":"product-type-variable"},"_links":{"self":[{"href":"https:\/\/kimyasalevi.com\/en\/wp-json\/wp\/v2\/product\/5865","targetHints":{"allow":["GET"]}}],"collection":[{"href":"https:\/\/kimyasalevi.com\/en\/wp-json\/wp\/v2\/product"}],"about":[{"href":"https:\/\/kimyasalevi.com\/en\/wp-json\/wp\/v2\/types\/product"}],"replies":[{"embeddable":true,"href":"https:\/\/kimyasalevi.com\/en\/wp-json\/wp\/v2\/comments?post=5865"}],"version-history":[{"count":2,"href":"https:\/\/kimyasalevi.com\/en\/wp-json\/wp\/v2\/product\/5865\/revisions"}],"predecessor-version":[{"id":6197,"href":"https:\/\/kimyasalevi.com\/en\/wp-json\/wp\/v2\/product\/5865\/revisions\/6197"}],"wp:featuredmedia":[{"embeddable":true,"href":"https:\/\/kimyasalevi.com\/en\/wp-json\/wp\/v2\/media\/5882"}],"wp:attachment":[{"href":"https:\/\/kimyasalevi.com\/en\/wp-json\/wp\/v2\/media?parent=5865"}],"wp:term":[{"taxonomy":"brand","embeddable":true,"href":"https:\/\/kimyasalevi.com\/en\/wp-json\/wp\/v2\/etheme_brands?post=5865"},{"taxonomy":"product_brand","embeddable":true,"href":"https:\/\/kimyasalevi.com\/en\/wp-json\/wp\/v2\/product_brand?post=5865"},{"taxonomy":"product_cat","embeddable":true,"href":"https:\/\/kimyasalevi.com\/en\/wp-json\/wp\/v2\/product_cat?post=5865"},{"taxonomy":"product_tag","embeddable":true,"href":"https:\/\/kimyasalevi.com\/en\/wp-json\/wp\/v2\/product_tag?post=5865"}],"curies":[{"name":"wp","href":"https:\/\/api.w.org\/{rel}","templated":true}]}}