{"id":6060,"date":"2026-02-16T09:44:18","date_gmt":"2026-02-16T09:44:18","guid":{"rendered":"https:\/\/kimyasalevi.com\/?post_type=product&#038;p=6060"},"modified":"2026-03-24T11:30:50","modified_gmt":"2026-03-24T11:30:50","slug":"077-oktil-metoksisinnamat-oktinoksat-octyl-methoxycinnamate-omc","status":"publish","type":"product","link":"https:\/\/kimyasalevi.com\/en\/product\/077-oktil-metoksisinnamat-oktinoksat-octyl-methoxycinnamate-omc\/","title":{"rendered":"077 OKT\u0130L METOKS\u0130S\u0130NNAMAT (Oktinoksat) &#8211; Octyl Methoxycinnamate OMC"},"content":{"rendered":"<p>Oktil Metoksisinamat, g\u00fcne\u015f koruyucu \u00fcr\u00fcnlerde UVB \u0131\u015f\u0131nlar\u0131na kar\u015f\u0131 koruma sa\u011flayan aktif bir filtredir. Baz\u0131 form\u00fclasyonlarda Octinoxate ad\u0131yla da bilinir. Kremler, losyonlar ve g\u00fcne\u015f koruyucu \u00fcr\u00fcnlerde yayg\u0131n olarak kullan\u0131l\u0131r. UVB \u0131\u015f\u0131nlar\u0131n\u0131 absorbe ederek g\u00fcne\u015f yan\u0131\u011f\u0131 riskini azalt\u0131r, cildi g\u00fcne\u015fin zararl\u0131 etkilerine kar\u015f\u0131 korur ve erken cilt ya\u015flanmas\u0131n\u0131 \u00f6nlemeye yard\u0131mc\u0131 olur. Kullan\u0131m oran\u0131 genellikle yerel mevzuat ve uluslararas\u0131 standartlara ba\u011fl\u0131 olarak %2 \u2013 %10 aras\u0131ndad\u0131r. Hassas ciltlerde hafif tahri\u015fe neden olabilir; bu nedenle uzun s\u00fcreli g\u00fcne\u015f maruziyeti \u00f6nerilmez ve \u00fcr\u00fcnler kullan\u0131m \u00f6ncesinde a\u015f\u0131r\u0131 \u0131s\u0131 ve do\u011frudan g\u00fcne\u015f \u0131\u015f\u0131\u011f\u0131ndan uzak tutulmal\u0131d\u0131r.<\/p>\n<p>&#8212;&#8212;&#8212;&#8212;&#8212;&#8212;&#8212;&#8212;&#8212;&#8212;&#8212;&#8212;&#8212;&#8212;&#8212;&#8212;&#8212;&#8212;&#8212;&#8212;&#8212;&#8212;&#8212;&#8212;&#8212;&#8212;&#8212;&#8212;&#8212;&#8212;&#8212;&#8212;&#8212;&#8212;&#8212;&#8212;&#8212;&#8212;&#8212;&#8211;<\/p>\n<p>Octyl Methoxycinnamate (Octinoxate) Octyl Methoxycinnamate is an active UVB filter widely used in sunscreen formulations. It is also known as Octinoxate in many cosmetic products and is commonly incorporated into creams, lotions, and sun protection products. It absorbs UVB radiation, helping to reduce the risk of sunburn, protect the skin from direct sun damage, and minimize premature skin aging. Typical usage levels range from 2% to 10%, depending on local regulations and international standards. It may cause mild irritation on sensitive skin, prolonged sun exposure is not recommended even when using sunscreen, and the product should be stored away from excessive heat and direct sunlight prior to use.<\/p>\n","protected":false},"excerpt":{"rendered":"<p>&#8230;<\/p>\n","protected":false},"featured_media":6077,"comment_status":"closed","ping_status":"closed","template":"","meta":[],"etheme_brands":[],"product_brand":[],"product_cat":[67],"product_tag":[],"class_list":{"0":"post-6060","1":"product","2":"type-product","3":"status-publish","4":"has-post-thumbnail","6":"product_cat-raw-materials","8":"first","9":"instock","10":"taxable","11":"shipping-taxable","12":"purchasable","13":"product-type-variable"},"_links":{"self":[{"href":"https:\/\/kimyasalevi.com\/en\/wp-json\/wp\/v2\/product\/6060","targetHints":{"allow":["GET"]}}],"collection":[{"href":"https:\/\/kimyasalevi.com\/en\/wp-json\/wp\/v2\/product"}],"about":[{"href":"https:\/\/kimyasalevi.com\/en\/wp-json\/wp\/v2\/types\/product"}],"replies":[{"embeddable":true,"href":"https:\/\/kimyasalevi.com\/en\/wp-json\/wp\/v2\/comments?post=6060"}],"version-history":[{"count":1,"href":"https:\/\/kimyasalevi.com\/en\/wp-json\/wp\/v2\/product\/6060\/revisions"}],"predecessor-version":[{"id":6094,"href":"https:\/\/kimyasalevi.com\/en\/wp-json\/wp\/v2\/product\/6060\/revisions\/6094"}],"wp:featuredmedia":[{"embeddable":true,"href":"https:\/\/kimyasalevi.com\/en\/wp-json\/wp\/v2\/media\/6077"}],"wp:attachment":[{"href":"https:\/\/kimyasalevi.com\/en\/wp-json\/wp\/v2\/media?parent=6060"}],"wp:term":[{"taxonomy":"brand","embeddable":true,"href":"https:\/\/kimyasalevi.com\/en\/wp-json\/wp\/v2\/etheme_brands?post=6060"},{"taxonomy":"product_brand","embeddable":true,"href":"https:\/\/kimyasalevi.com\/en\/wp-json\/wp\/v2\/product_brand?post=6060"},{"taxonomy":"product_cat","embeddable":true,"href":"https:\/\/kimyasalevi.com\/en\/wp-json\/wp\/v2\/product_cat?post=6060"},{"taxonomy":"product_tag","embeddable":true,"href":"https:\/\/kimyasalevi.com\/en\/wp-json\/wp\/v2\/product_tag?post=6060"}],"curies":[{"name":"wp","href":"https:\/\/api.w.org\/{rel}","templated":true}]}}