{"id":6788,"date":"2026-02-17T08:15:53","date_gmt":"2026-02-17T08:15:53","guid":{"rendered":"https:\/\/kimyasalevi.com\/?post_type=product&#038;p=6788"},"modified":"2026-03-24T11:31:05","modified_gmt":"2026-03-24T11:31:05","slug":"090-gliserinli-sabun-bazi-seffaf-glycerin-soap","status":"publish","type":"product","link":"https:\/\/kimyasalevi.com\/en\/product\/090-gliserinli-sabun-bazi-seffaf-glycerin-soap\/","title":{"rendered":"090 GL\u0130SER\u0130NL\u0130 SABUN BAZI ( \u015feffaf )- GLYCERIN SOAP"},"content":{"rendered":"<p>Gliserin \u015eeffaf Sabun Baz\u0131 (Glycerin Transparent Soap Base), y\u00fcksek gliserin i\u00e7eri\u011fine sahip \u015feffaf bir sabun baz\u0131d\u0131r ve evde ya da ticari sabun \u00fcretiminde kullan\u0131l\u0131r. Renklendirilebilir, koku ve esansiyel ya\u011flar eklenerek ki\u015fiselle\u015ftirilebilir. Hassas ciltler i\u00e7in uygundur ve cildi temizlerken ayn\u0131 zamanda nemlendirir. Cildi nazik\u00e7e temizler, kurutmadan bak\u0131m sa\u011flar ve gliserin sayesinde y\u00fcksek nemlendirme etkisi sunar. Kolay \u015fekil al\u0131r, dekoratif ve aromatik sabun yap\u0131m\u0131na uygundur. T\u00fcm cilt tipleri i\u00e7in uygundur, hassas ciltler dahil. Kullan\u0131m s\u0131ras\u0131nda benmari usul\u00fc (double boiler) ile d\u00fc\u015f\u00fck \u0131s\u0131da eritilir, eritildikten sonra renk, koku ve ya\u011flar eklenir, kal\u0131plara d\u00f6k\u00fclerek so\u011fumaya ve kat\u0131la\u015fmaya b\u0131rak\u0131l\u0131r. Do\u011frudan y\u00fcksek \u0131s\u0131dan ka\u00e7\u0131n\u0131lmal\u0131d\u0131r, \u00f6zelliklerini kaybetmemesi i\u00e7in serin ve kuru ortamda, nemden uzak \u015fekilde muhafaza edilmelidir.<\/p>\n<p>&#8212;&#8212;&#8212;&#8212;&#8212;&#8212;&#8212;&#8212;&#8212;&#8212;&#8212;&#8212;&#8212;&#8212;&#8212;&#8212;&#8212;&#8212;&#8212;&#8212;&#8212;&#8212;&#8212;&#8212;&#8212;&#8212;&#8212;&#8212;&#8212;&#8212;&#8212;&#8212;&#8212;&#8212;&#8212;&#8212;&#8212;&#8212;&#8212;&#8211;<\/p>\n<p>Glycerin Transparent Soap Base is a clear soap base with a high glycerin content, used for home or commercial soap making. It can be customized by adding colors, fragrances, and essential oils. Suitable for sensitive skin, it gently cleanses while moisturizing the skin. It cleans without drying, provides excellent hydration due to its glycerin content, and is easy to mold and decorate for scented or decorative soaps. Suitable for all skin types, including sensitive skin. For use, it is melted gently using a double boiler at low heat, then colors, fragrances, and oils are added after melting, poured into molds, and left to cool and solidify. Avoid direct high heat to preserve its properties, and store in a cool, dry place away from moisture.<\/p>\n","protected":false},"excerpt":{"rendered":"<p>&#8230;<\/p>\n","protected":false},"featured_media":6799,"comment_status":"closed","ping_status":"closed","template":"","meta":[],"etheme_brands":[],"product_brand":[],"product_cat":[67],"product_tag":[],"class_list":{"0":"post-6788","1":"product","2":"type-product","3":"status-publish","4":"has-post-thumbnail","6":"product_cat-raw-materials","8":"first","9":"instock","10":"taxable","11":"shipping-taxable","12":"purchasable","13":"product-type-variable"},"_links":{"self":[{"href":"https:\/\/kimyasalevi.com\/en\/wp-json\/wp\/v2\/product\/6788","targetHints":{"allow":["GET"]}}],"collection":[{"href":"https:\/\/kimyasalevi.com\/en\/wp-json\/wp\/v2\/product"}],"about":[{"href":"https:\/\/kimyasalevi.com\/en\/wp-json\/wp\/v2\/types\/product"}],"replies":[{"embeddable":true,"href":"https:\/\/kimyasalevi.com\/en\/wp-json\/wp\/v2\/comments?post=6788"}],"version-history":[{"count":1,"href":"https:\/\/kimyasalevi.com\/en\/wp-json\/wp\/v2\/product\/6788\/revisions"}],"predecessor-version":[{"id":6813,"href":"https:\/\/kimyasalevi.com\/en\/wp-json\/wp\/v2\/product\/6788\/revisions\/6813"}],"wp:featuredmedia":[{"embeddable":true,"href":"https:\/\/kimyasalevi.com\/en\/wp-json\/wp\/v2\/media\/6799"}],"wp:attachment":[{"href":"https:\/\/kimyasalevi.com\/en\/wp-json\/wp\/v2\/media?parent=6788"}],"wp:term":[{"taxonomy":"brand","embeddable":true,"href":"https:\/\/kimyasalevi.com\/en\/wp-json\/wp\/v2\/etheme_brands?post=6788"},{"taxonomy":"product_brand","embeddable":true,"href":"https:\/\/kimyasalevi.com\/en\/wp-json\/wp\/v2\/product_brand?post=6788"},{"taxonomy":"product_cat","embeddable":true,"href":"https:\/\/kimyasalevi.com\/en\/wp-json\/wp\/v2\/product_cat?post=6788"},{"taxonomy":"product_tag","embeddable":true,"href":"https:\/\/kimyasalevi.com\/en\/wp-json\/wp\/v2\/product_tag?post=6788"}],"curies":[{"name":"wp","href":"https:\/\/api.w.org\/{rel}","templated":true}]}}