{"id":7111,"date":"2026-02-18T16:29:36","date_gmt":"2026-02-18T16:29:36","guid":{"rendered":"https:\/\/kimyasalevi.com\/?post_type=product&#038;p=7111"},"modified":"2026-05-08T11:05:45","modified_gmt":"2026-05-08T11:05:45","slug":"003-d-pantenol-d-panthenol","status":"publish","type":"product","link":"https:\/\/kimyasalevi.com\/en\/product\/003-d-pantenol-d-panthenol\/","title":{"rendered":"003 D-PANTENOL &#8211; D-PANTHENOL"},"content":{"rendered":"<p>D-Panthenol \u2013 Provitamin B5<br \/>\nD-Panthenol, Provitamin B5\u2019in stabil formudur ve nemlendirici ile besleyici \u00f6zellikleri sayesinde cilt ve sa\u00e7 bak\u0131m\u0131nda en \u00e7ok tercih edilen aktiflerden biridir. Cildin nemini koruyarak yumu\u015fakl\u0131k ve esneklik kazand\u0131r\u0131r, kuruluk ve gerginlik hissini azalt\u0131r. Sa\u00e7ta ise k\u0131r\u0131lmay\u0131 ve cans\u0131zl\u0131\u011f\u0131 \u00f6nlemeye yard\u0131mc\u0131 olur ve parlakl\u0131k sa\u011flar. Genellikle %1 \u2013 %5 oran\u0131nda kullan\u0131l\u0131r, yo\u011fun bak\u0131m form\u00fcllerinde %10\u2019a kadar \u00e7\u0131kabilir. Suda \u00e7\u00f6z\u00fcn\u00fcr ve form\u00fcl\u00fcn su faz\u0131na eklenir, 40\u00b0C\u2019nin alt\u0131nda ilave edilmesi tavsiye edilir. T\u00fcm cilt tipleri i\u00e7in g\u00fcvenlidir ve g\u00fcnl\u00fck kullan\u0131ma uygundur.<\/p>\n","protected":false},"excerpt":{"rendered":"<p>&#8230;<\/p>\n","protected":false},"featured_media":7119,"comment_status":"closed","ping_status":"closed","template":"","meta":[],"etheme_brands":[],"product_brand":[],"product_cat":[259],"product_tag":[],"class_list":{"0":"post-7111","1":"product","2":"type-product","3":"status-publish","4":"has-post-thumbnail","6":"product_cat-ham-maddeler","8":"first","9":"instock","10":"taxable","11":"shipping-taxable","12":"purchasable","13":"product-type-variable"},"_links":{"self":[{"href":"https:\/\/kimyasalevi.com\/en\/wp-json\/wp\/v2\/product\/7111","targetHints":{"allow":["GET"]}}],"collection":[{"href":"https:\/\/kimyasalevi.com\/en\/wp-json\/wp\/v2\/product"}],"about":[{"href":"https:\/\/kimyasalevi.com\/en\/wp-json\/wp\/v2\/types\/product"}],"replies":[{"embeddable":true,"href":"https:\/\/kimyasalevi.com\/en\/wp-json\/wp\/v2\/comments?post=7111"}],"version-history":[{"count":1,"href":"https:\/\/kimyasalevi.com\/en\/wp-json\/wp\/v2\/product\/7111\/revisions"}],"predecessor-version":[{"id":7121,"href":"https:\/\/kimyasalevi.com\/en\/wp-json\/wp\/v2\/product\/7111\/revisions\/7121"}],"wp:featuredmedia":[{"embeddable":true,"href":"https:\/\/kimyasalevi.com\/en\/wp-json\/wp\/v2\/media\/7119"}],"wp:attachment":[{"href":"https:\/\/kimyasalevi.com\/en\/wp-json\/wp\/v2\/media?parent=7111"}],"wp:term":[{"taxonomy":"brand","embeddable":true,"href":"https:\/\/kimyasalevi.com\/en\/wp-json\/wp\/v2\/etheme_brands?post=7111"},{"taxonomy":"product_brand","embeddable":true,"href":"https:\/\/kimyasalevi.com\/en\/wp-json\/wp\/v2\/product_brand?post=7111"},{"taxonomy":"product_cat","embeddable":true,"href":"https:\/\/kimyasalevi.com\/en\/wp-json\/wp\/v2\/product_cat?post=7111"},{"taxonomy":"product_tag","embeddable":true,"href":"https:\/\/kimyasalevi.com\/en\/wp-json\/wp\/v2\/product_tag?post=7111"}],"curies":[{"name":"wp","href":"https:\/\/api.w.org\/{rel}","templated":true}]}}