{"id":7170,"date":"2026-02-19T08:21:05","date_gmt":"2026-02-19T08:21:05","guid":{"rendered":"https:\/\/kimyasalevi.com\/?post_type=product&#038;p=7170"},"modified":"2026-04-03T09:36:17","modified_gmt":"2026-04-03T09:36:17","slug":"094-polisorbate-80-polysorbate-80","status":"publish","type":"product","link":"https:\/\/kimyasalevi.com\/en\/product\/094-polisorbate-80-polysorbate-80\/","title":{"rendered":"094 POL\u0130SORBATE 80 &#8211; POLYSORBATE 80"},"content":{"rendered":"<p>Polysorbate 80 (Polisorbat 80) kozmetikte su ve ya\u011f fazlar\u0131n\u0131 bir araya getirmek i\u00e7in yayg\u0131n olarak kullan\u0131lan bir em\u00fclsifiye edici ajand\u0131r. Krem, losyon, y\u00fcz serumlar\u0131 ve aromatik ya\u011flar\u0131n su bazl\u0131 form\u00fclasyonlarda stabil kalmas\u0131na yard\u0131mc\u0131 olur ve ya\u011f-su ayr\u0131lmas\u0131n\u0131 \u00f6nler. Ayn\u0131 zamanda ya\u011fl\u0131 veya aromatik maddelerin suda da\u011f\u0131lmas\u0131n\u0131 kolayla\u015ft\u0131rarak homojen bir yap\u0131 elde edilmesini sa\u011flar. \u00dcr\u00fcne p\u00fcr\u00fczs\u00fcz bir doku kazand\u0131r\u0131r, uygulamay\u0131 kolayla\u015ft\u0131r\u0131r ve aktif bile\u015fenlerin form\u00fcl i\u00e7erisinde e\u015fit \u015fekilde da\u011f\u0131lmas\u0131na katk\u0131 sa\u011flar. Kullan\u0131m oran\u0131 genellikle \u00fcr\u00fcn tipine ve ya\u011f-su oran\u0131na ba\u011fl\u0131 olarak %0,5\u2013%5 aras\u0131ndad\u0131r. Form\u00fclasyonda \u00f6nce ya\u011f faz\u0131 ile kar\u0131\u015ft\u0131r\u0131l\u0131r, ard\u0131ndan su faz\u0131na eklenerek kar\u0131\u015ft\u0131rma i\u015flemiyle homojen bir em\u00fclsiyon elde edilir. Gerekli durumlarda di\u011fer em\u00fclsifiye edici ajanlarla birlikte kullan\u0131labilir. \u00c7o\u011fu su ve ya\u011f bazl\u0131 form\u00fclasyonla uyumludur, topikal kullan\u0131m i\u00e7in g\u00fcvenlidir ve aromatik ya\u011flar ile do\u011fal i\u00e7eriklerde rahatl\u0131kla kullan\u0131labilir.<\/p>\n","protected":false},"excerpt":{"rendered":"<p>&#8230;<\/p>\n","protected":false},"featured_media":7176,"comment_status":"closed","ping_status":"closed","template":"","meta":[],"etheme_brands":[],"product_brand":[],"product_cat":[259],"product_tag":[],"class_list":{"0":"post-7170","1":"product","2":"type-product","3":"status-publish","4":"has-post-thumbnail","6":"product_cat-ham-maddeler","8":"first","9":"instock","10":"taxable","11":"shipping-taxable","12":"purchasable","13":"product-type-variable"},"_links":{"self":[{"href":"https:\/\/kimyasalevi.com\/en\/wp-json\/wp\/v2\/product\/7170","targetHints":{"allow":["GET"]}}],"collection":[{"href":"https:\/\/kimyasalevi.com\/en\/wp-json\/wp\/v2\/product"}],"about":[{"href":"https:\/\/kimyasalevi.com\/en\/wp-json\/wp\/v2\/types\/product"}],"replies":[{"embeddable":true,"href":"https:\/\/kimyasalevi.com\/en\/wp-json\/wp\/v2\/comments?post=7170"}],"version-history":[{"count":1,"href":"https:\/\/kimyasalevi.com\/en\/wp-json\/wp\/v2\/product\/7170\/revisions"}],"predecessor-version":[{"id":7178,"href":"https:\/\/kimyasalevi.com\/en\/wp-json\/wp\/v2\/product\/7170\/revisions\/7178"}],"wp:featuredmedia":[{"embeddable":true,"href":"https:\/\/kimyasalevi.com\/en\/wp-json\/wp\/v2\/media\/7176"}],"wp:attachment":[{"href":"https:\/\/kimyasalevi.com\/en\/wp-json\/wp\/v2\/media?parent=7170"}],"wp:term":[{"taxonomy":"brand","embeddable":true,"href":"https:\/\/kimyasalevi.com\/en\/wp-json\/wp\/v2\/etheme_brands?post=7170"},{"taxonomy":"product_brand","embeddable":true,"href":"https:\/\/kimyasalevi.com\/en\/wp-json\/wp\/v2\/product_brand?post=7170"},{"taxonomy":"product_cat","embeddable":true,"href":"https:\/\/kimyasalevi.com\/en\/wp-json\/wp\/v2\/product_cat?post=7170"},{"taxonomy":"product_tag","embeddable":true,"href":"https:\/\/kimyasalevi.com\/en\/wp-json\/wp\/v2\/product_tag?post=7170"}],"curies":[{"name":"wp","href":"https:\/\/api.w.org\/{rel}","templated":true}]}}