{"id":7179,"date":"2026-02-19T08:28:38","date_gmt":"2026-02-19T08:28:38","guid":{"rendered":"https:\/\/kimyasalevi.com\/?post_type=product&#038;p=7179"},"modified":"2026-04-03T09:37:33","modified_gmt":"2026-04-03T09:37:33","slug":"095-butil-hidroksi-toluen-bht-butyl-hydrox-toluene","status":"publish","type":"product","link":"https:\/\/kimyasalevi.com\/en\/product\/095-butil-hidroksi-toluen-bht-butyl-hydrox-toluene\/","title":{"rendered":"095 BUT\u0130L H\u0130DROKS\u0130 TOLUEN (BHT) &#8211;  BUTYL HYDROX TOLUENE"},"content":{"rendered":"<p>Butylated Hydroxy Toluene (BHT) kozmetikte krem, ya\u011f, sa\u00e7 ve cilt bak\u0131m \u00fcr\u00fcnlerinde yayg\u0131n olarak kullan\u0131lan bir antioksidand\u0131r. Form\u00fclasyondaki ya\u011f ve lipidlerin oksidasyonunu \u00f6nleyerek \u00fcr\u00fcn\u00fcn raf \u00f6mr\u00fcn\u00fc uzat\u0131r, ayn\u0131 zamanda renk ve koku stabilitesinin korunmas\u0131na yard\u0131mc\u0131 olur. Hava, \u0131s\u0131 ve \u0131\u015f\u0131\u011fa ba\u011fl\u0131 bozulmalar\u0131 azalt\u0131r, hassas bile\u015fenlerin etkinli\u011fini korur ve ya\u011flar\u0131n okside olmas\u0131 sonucu olu\u015fabilecek k\u00f6t\u00fc kokular\u0131n \u00f6n\u00fcne ge\u00e7er. Kullan\u0131m oran\u0131 genellikle \u00fcr\u00fcn tipine ve kullan\u0131lan ya\u011flara ba\u011fl\u0131 olarak %0,01\u2013%0,1 aras\u0131ndad\u0131r. Form\u00fclasyona \u00e7o\u011funlukla ya\u011f faz\u0131nda eklenir ve bazen \u0131s\u0131tma a\u015famas\u0131nda ilave edilir, gerekti\u011finde di\u011fer antioksidanlarla birlikte kullan\u0131larak stabilite art\u0131r\u0131labilir. \u00c7o\u011fu su ve ya\u011f bazl\u0131 form\u00fclasyonla uyumludur ve izin verilen s\u0131n\u0131rlar i\u00e7inde topikal kullan\u0131m i\u00e7in g\u00fcvenlidir.<\/p>\n","protected":false},"excerpt":{"rendered":"<p>&#8230;<\/p>\n","protected":false},"featured_media":7185,"comment_status":"closed","ping_status":"closed","template":"","meta":[],"etheme_brands":[],"product_brand":[],"product_cat":[259],"product_tag":[],"class_list":{"0":"post-7179","1":"product","2":"type-product","3":"status-publish","4":"has-post-thumbnail","6":"product_cat-ham-maddeler","8":"first","9":"instock","10":"taxable","11":"shipping-taxable","12":"purchasable","13":"product-type-variable"},"_links":{"self":[{"href":"https:\/\/kimyasalevi.com\/en\/wp-json\/wp\/v2\/product\/7179","targetHints":{"allow":["GET"]}}],"collection":[{"href":"https:\/\/kimyasalevi.com\/en\/wp-json\/wp\/v2\/product"}],"about":[{"href":"https:\/\/kimyasalevi.com\/en\/wp-json\/wp\/v2\/types\/product"}],"replies":[{"embeddable":true,"href":"https:\/\/kimyasalevi.com\/en\/wp-json\/wp\/v2\/comments?post=7179"}],"version-history":[{"count":2,"href":"https:\/\/kimyasalevi.com\/en\/wp-json\/wp\/v2\/product\/7179\/revisions"}],"predecessor-version":[{"id":7806,"href":"https:\/\/kimyasalevi.com\/en\/wp-json\/wp\/v2\/product\/7179\/revisions\/7806"}],"wp:featuredmedia":[{"embeddable":true,"href":"https:\/\/kimyasalevi.com\/en\/wp-json\/wp\/v2\/media\/7185"}],"wp:attachment":[{"href":"https:\/\/kimyasalevi.com\/en\/wp-json\/wp\/v2\/media?parent=7179"}],"wp:term":[{"taxonomy":"brand","embeddable":true,"href":"https:\/\/kimyasalevi.com\/en\/wp-json\/wp\/v2\/etheme_brands?post=7179"},{"taxonomy":"product_brand","embeddable":true,"href":"https:\/\/kimyasalevi.com\/en\/wp-json\/wp\/v2\/product_brand?post=7179"},{"taxonomy":"product_cat","embeddable":true,"href":"https:\/\/kimyasalevi.com\/en\/wp-json\/wp\/v2\/product_cat?post=7179"},{"taxonomy":"product_tag","embeddable":true,"href":"https:\/\/kimyasalevi.com\/en\/wp-json\/wp\/v2\/product_tag?post=7179"}],"curies":[{"name":"wp","href":"https:\/\/api.w.org\/{rel}","templated":true}]}}