{"id":7205,"date":"2026-02-19T08:56:58","date_gmt":"2026-02-19T08:56:58","guid":{"rendered":"https:\/\/kimyasalevi.com\/?post_type=product&#038;p=7205"},"modified":"2026-04-17T07:50:20","modified_gmt":"2026-04-17T07:50:20","slug":"098-beyaz-balmumu-beeswax","status":"publish","type":"product","link":"https:\/\/kimyasalevi.com\/en\/product\/098-beyaz-balmumu-beeswax\/","title":{"rendered":"098 BEYAZ BALMUMU &#8211; BEESWAX"},"content":{"rendered":"<p>Beeswax (Ar\u0131 Mumu) ar\u0131lar\u0131n \u00fcretti\u011fi do\u011fal bir mumdur ve kozmetikte kremler, dudak balsamlar\u0131, cilt bak\u0131m \u00fcr\u00fcnleri ile kat\u0131 \u015fampuan ve sabunlarda yayg\u0131n olarak kullan\u0131l\u0131r. Form\u00fclasyonlarda k\u0131vam artt\u0131r\u0131c\u0131, sertle\u015ftirici ve parlakl\u0131k verici olarak g\u00f6rev yapar. \u00dcr\u00fcne sert veya yar\u0131 sert bir yap\u0131 kazand\u0131r\u0131r, form\u00fclasyonlar\u0131n stabilitesini art\u0131r\u0131r ve cilt \u00fczerinde nem kayb\u0131n\u0131 azaltmaya yard\u0131mc\u0131 olan koruyucu bir tabaka olu\u015fturur. \u00dcr\u00fcne p\u00fcr\u00fczs\u00fcz ve parlak bir doku kazand\u0131r\u0131r, do\u011fal bile\u015fenleri sayesinde cildi yat\u0131\u015ft\u0131rmaya ve nemlendirmeye yard\u0131mc\u0131 olur. Kullan\u0131m oran\u0131 genellikle \u00fcr\u00fcn tipine ve istenen k\u0131vama ba\u011fl\u0131 olarak %1\u2013%10 aras\u0131ndad\u0131r, dudak balsamlar\u0131nda daha sert bir yap\u0131 elde etmek i\u00e7in %15\u201320 oranlar\u0131na \u00e7\u0131k\u0131labilir. Form\u00fclasyona eklenirken \u00f6nce ya\u011f faz\u0131nda d\u00fc\u015f\u00fck \u0131s\u0131da veya benmari y\u00f6ntemiyle eritilir, ard\u0131ndan di\u011fer ya\u011flar ve mumlarla homojen \u015fekilde kar\u0131\u015ft\u0131r\u0131l\u0131r ve em\u00fclsiyon sistemlerinde gerekirse su faz\u0131 ile birle\u015ftirilir. \u00c7o\u011fu ya\u011f bazl\u0131 ve em\u00fclsiyon form\u00fclasyonla uyumludur, topikal kullan\u0131m i\u00e7in g\u00fcvenlidir ve aromatik ya\u011flar ile do\u011fal i\u00e7eriklerle birlikte kullan\u0131labilir.<\/p>\n","protected":false},"excerpt":{"rendered":"<p>&#8230;<\/p>\n","protected":false},"featured_media":7211,"comment_status":"closed","ping_status":"closed","template":"","meta":[],"etheme_brands":[],"product_brand":[],"product_cat":[259],"product_tag":[],"class_list":{"0":"post-7205","1":"product","2":"type-product","3":"status-publish","4":"has-post-thumbnail","6":"product_cat-ham-maddeler","8":"first","9":"instock","10":"taxable","11":"shipping-taxable","12":"purchasable","13":"product-type-variable"},"_links":{"self":[{"href":"https:\/\/kimyasalevi.com\/en\/wp-json\/wp\/v2\/product\/7205","targetHints":{"allow":["GET"]}}],"collection":[{"href":"https:\/\/kimyasalevi.com\/en\/wp-json\/wp\/v2\/product"}],"about":[{"href":"https:\/\/kimyasalevi.com\/en\/wp-json\/wp\/v2\/types\/product"}],"replies":[{"embeddable":true,"href":"https:\/\/kimyasalevi.com\/en\/wp-json\/wp\/v2\/comments?post=7205"}],"version-history":[{"count":1,"href":"https:\/\/kimyasalevi.com\/en\/wp-json\/wp\/v2\/product\/7205\/revisions"}],"predecessor-version":[{"id":7212,"href":"https:\/\/kimyasalevi.com\/en\/wp-json\/wp\/v2\/product\/7205\/revisions\/7212"}],"wp:featuredmedia":[{"embeddable":true,"href":"https:\/\/kimyasalevi.com\/en\/wp-json\/wp\/v2\/media\/7211"}],"wp:attachment":[{"href":"https:\/\/kimyasalevi.com\/en\/wp-json\/wp\/v2\/media?parent=7205"}],"wp:term":[{"taxonomy":"brand","embeddable":true,"href":"https:\/\/kimyasalevi.com\/en\/wp-json\/wp\/v2\/etheme_brands?post=7205"},{"taxonomy":"product_brand","embeddable":true,"href":"https:\/\/kimyasalevi.com\/en\/wp-json\/wp\/v2\/product_brand?post=7205"},{"taxonomy":"product_cat","embeddable":true,"href":"https:\/\/kimyasalevi.com\/en\/wp-json\/wp\/v2\/product_cat?post=7205"},{"taxonomy":"product_tag","embeddable":true,"href":"https:\/\/kimyasalevi.com\/en\/wp-json\/wp\/v2\/product_tag?post=7205"}],"curies":[{"name":"wp","href":"https:\/\/api.w.org\/{rel}","templated":true}]}}