{"id":7308,"date":"2026-02-20T08:28:33","date_gmt":"2026-02-20T08:28:33","guid":{"rendered":"https:\/\/kimyasalevi.com\/?post_type=product&#038;p=7308"},"modified":"2026-04-03T09:47:52","modified_gmt":"2026-04-03T09:47:52","slug":"112-potasyum-tiyoglikolat-potassium-thioglycolate","status":"publish","type":"product","link":"https:\/\/kimyasalevi.com\/en\/product\/112-potasyum-tiyoglikolat-potassium-thioglycolate\/","title":{"rendered":"112 Potasyum Tiyoglikolat &#8211; Potassium Thioglycolate"},"content":{"rendered":"<p>Potassium Thioglycolate kozmetikte \u00f6zellikle t\u00fcy d\u00f6k\u00fcc\u00fc (depilat\u00f6r) \u00fcr\u00fcnlerde kullan\u0131lan aktif bir maddedir. K\u0131l\u0131n yap\u0131s\u0131ndaki keratin ba\u011flar\u0131n\u0131 zay\u0131flatarak t\u00fcylerin cilt y\u00fczeyinden kolayca uzakla\u015ft\u0131r\u0131lmas\u0131n\u0131 sa\u011flar. Genellikle krem ve losyon formundaki t\u00fcy d\u00f6k\u00fcc\u00fc \u00fcr\u00fcnlerde kullan\u0131l\u0131r. Etkili olabilmesi i\u00e7in form\u00fcl\u00fcn bazik pH aral\u0131\u011f\u0131nda olmas\u0131 gerekir. G\u00fc\u00e7l\u00fc bir bile\u015fen oldu\u011fu i\u00e7in temas s\u00fcresi kontroll\u00fc olmal\u0131 ve hassas ciltlerde dikkatli kullan\u0131lmal\u0131d\u0131r.<\/p>\n","protected":false},"excerpt":{"rendered":"<p>&#8230;<\/p>\n","protected":false},"featured_media":7314,"comment_status":"closed","ping_status":"closed","template":"","meta":[],"etheme_brands":[],"product_brand":[],"product_cat":[259],"product_tag":[],"class_list":{"0":"post-7308","1":"product","2":"type-product","3":"status-publish","4":"has-post-thumbnail","6":"product_cat-ham-maddeler","8":"first","9":"instock","10":"taxable","11":"shipping-taxable","12":"purchasable","13":"product-type-variable"},"_links":{"self":[{"href":"https:\/\/kimyasalevi.com\/en\/wp-json\/wp\/v2\/product\/7308","targetHints":{"allow":["GET"]}}],"collection":[{"href":"https:\/\/kimyasalevi.com\/en\/wp-json\/wp\/v2\/product"}],"about":[{"href":"https:\/\/kimyasalevi.com\/en\/wp-json\/wp\/v2\/types\/product"}],"replies":[{"embeddable":true,"href":"https:\/\/kimyasalevi.com\/en\/wp-json\/wp\/v2\/comments?post=7308"}],"version-history":[{"count":2,"href":"https:\/\/kimyasalevi.com\/en\/wp-json\/wp\/v2\/product\/7308\/revisions"}],"predecessor-version":[{"id":7808,"href":"https:\/\/kimyasalevi.com\/en\/wp-json\/wp\/v2\/product\/7308\/revisions\/7808"}],"wp:featuredmedia":[{"embeddable":true,"href":"https:\/\/kimyasalevi.com\/en\/wp-json\/wp\/v2\/media\/7314"}],"wp:attachment":[{"href":"https:\/\/kimyasalevi.com\/en\/wp-json\/wp\/v2\/media?parent=7308"}],"wp:term":[{"taxonomy":"brand","embeddable":true,"href":"https:\/\/kimyasalevi.com\/en\/wp-json\/wp\/v2\/etheme_brands?post=7308"},{"taxonomy":"product_brand","embeddable":true,"href":"https:\/\/kimyasalevi.com\/en\/wp-json\/wp\/v2\/product_brand?post=7308"},{"taxonomy":"product_cat","embeddable":true,"href":"https:\/\/kimyasalevi.com\/en\/wp-json\/wp\/v2\/product_cat?post=7308"},{"taxonomy":"product_tag","embeddable":true,"href":"https:\/\/kimyasalevi.com\/en\/wp-json\/wp\/v2\/product_tag?post=7308"}],"curies":[{"name":"wp","href":"https:\/\/api.w.org\/{rel}","templated":true}]}}