{"id":7317,"date":"2026-02-20T08:40:07","date_gmt":"2026-02-20T08:40:07","guid":{"rendered":"https:\/\/kimyasalevi.com\/?post_type=product&#038;p=7317"},"modified":"2026-04-03T09:48:13","modified_gmt":"2026-04-03T09:48:13","slug":"117-sodium-methyl-paraben","status":"publish","type":"product","link":"https:\/\/kimyasalevi.com\/en\/product\/117-sodium-methyl-paraben\/","title":{"rendered":"117 SODIUM METHYL PARABEN"},"content":{"rendered":"<div class=\"flex flex-col text-sm pb-25\">\n<article class=\"text-token-text-primary w-full focus:outline-none [--shadow-height:45px] has-data-writing-block:pointer-events-none has-data-writing-block:-mt-(--shadow-height) has-data-writing-block:pt-(--shadow-height) [&amp;:has([data-writing-block])&gt;*]:pointer-events-auto scroll-mt-[calc(var(--header-height)+min(200px,max(70px,20svh)))]\" dir=\"auto\" tabindex=\"-1\" data-turn-id=\"request-WEB:cd7e2ed8-5d0f-4a4e-a9b4-e2380e080061-3\" data-testid=\"conversation-turn-8\" data-scroll-anchor=\"true\" data-turn=\"assistant\">\n<div class=\"text-base my-auto mx-auto pb-10 [--thread-content-margin:--spacing(4)] @w-sm\/main:[--thread-content-margin:--spacing(6)] @w-lg\/main:[--thread-content-margin:--spacing(16)] px-(--thread-content-margin)\">\n<div class=\"[--thread-content-max-width:40rem] @w-lg\/main:[--thread-content-max-width:48rem] mx-auto max-w-(--thread-content-max-width) flex-1 group\/turn-messages focus-visible:outline-hidden relative flex w-full min-w-0 flex-col agent-turn\" tabindex=\"-1\">\n<div class=\"flex max-w-full flex-col grow\">\n<div class=\"min-h-8 text-message relative flex w-full flex-col items-end gap-2 text-start break-words whitespace-normal [.text-message+&amp;]:mt-1\" dir=\"auto\" data-message-author-role=\"assistant\" data-message-id=\"4502b94e-9180-4799-844d-fd3a560c4f44\" data-message-model-slug=\"gpt-5-2\">\n<div class=\"flex w-full flex-col gap-1 empty:hidden first:pt-[1px]\">\n<div class=\"markdown prose dark:prose-invert w-full wrap-break-word light markdown-new-styling\">\n<p data-start=\"0\" data-end=\"2182\" data-is-last-node=\"\" data-is-only-node=\"\">\u00a0Sodium Methylparaben kozmetik ve cilt bak\u0131m \u00fcr\u00fcnlerinde yayg\u0131n olarak kullan\u0131lan bir koruyucudur. Y\u00fcz kremleri, losyonlar, \u015fampuanlar, serumlar ve di\u011fer bak\u0131m \u00fcr\u00fcnlerinde bakteri ve mantar olu\u015fumunu \u00f6nleyerek \u00fcr\u00fcn\u00fcn raf \u00f6mr\u00fcn\u00fc uzat\u0131r. Su bazl\u0131 ve ya\u011fl\u0131 em\u00fclsiyon form\u00fcllerinde kullan\u0131labilir. \u00dcr\u00fcn\u00fcn mikrobiyal bozulmas\u0131n\u0131 engeller, stabilitesini destekler ve renk de\u011fi\u015fimi veya tortu olu\u015fumunu azalt\u0131r. Genellikle %0.05\u20130.2 oran\u0131nda kullan\u0131l\u0131r ve form\u00fclasyona su faz\u0131nda, oda s\u0131cakl\u0131\u011f\u0131nda veya hafif \u0131l\u0131k a\u015famada eklenir. Homojen da\u011f\u0131lmas\u0131 i\u00e7in iyi kar\u0131\u015ft\u0131r\u0131lmal\u0131d\u0131r. \u0130zin verilen konsantrasyonlarda topikal kullan\u0131m i\u00e7in g\u00fcvenlidir, ancak hassasiyet riskine kar\u015f\u0131 belirlenen limitler a\u015f\u0131lmamal\u0131d\u0131r.<\/p>\n<\/div>\n<\/div>\n<\/div>\n<\/div>\n<\/div>\n<\/div>\n<\/article>\n<\/div>\n<div class=\"pointer-events-none h-px w-px absolute bottom-0\" aria-hidden=\"true\" data-edge=\"true\"><\/div>\n","protected":false},"excerpt":{"rendered":"<p>&#8230;<\/p>\n","protected":false},"featured_media":7322,"comment_status":"closed","ping_status":"closed","template":"","meta":[],"etheme_brands":[],"product_brand":[],"product_cat":[259],"product_tag":[],"class_list":{"0":"post-7317","1":"product","2":"type-product","3":"status-publish","4":"has-post-thumbnail","6":"product_cat-ham-maddeler","8":"first","9":"instock","10":"taxable","11":"shipping-taxable","12":"purchasable","13":"product-type-variable"},"_links":{"self":[{"href":"https:\/\/kimyasalevi.com\/en\/wp-json\/wp\/v2\/product\/7317","targetHints":{"allow":["GET"]}}],"collection":[{"href":"https:\/\/kimyasalevi.com\/en\/wp-json\/wp\/v2\/product"}],"about":[{"href":"https:\/\/kimyasalevi.com\/en\/wp-json\/wp\/v2\/types\/product"}],"replies":[{"embeddable":true,"href":"https:\/\/kimyasalevi.com\/en\/wp-json\/wp\/v2\/comments?post=7317"}],"version-history":[{"count":1,"href":"https:\/\/kimyasalevi.com\/en\/wp-json\/wp\/v2\/product\/7317\/revisions"}],"predecessor-version":[{"id":7323,"href":"https:\/\/kimyasalevi.com\/en\/wp-json\/wp\/v2\/product\/7317\/revisions\/7323"}],"wp:featuredmedia":[{"embeddable":true,"href":"https:\/\/kimyasalevi.com\/en\/wp-json\/wp\/v2\/media\/7322"}],"wp:attachment":[{"href":"https:\/\/kimyasalevi.com\/en\/wp-json\/wp\/v2\/media?parent=7317"}],"wp:term":[{"taxonomy":"brand","embeddable":true,"href":"https:\/\/kimyasalevi.com\/en\/wp-json\/wp\/v2\/etheme_brands?post=7317"},{"taxonomy":"product_brand","embeddable":true,"href":"https:\/\/kimyasalevi.com\/en\/wp-json\/wp\/v2\/product_brand?post=7317"},{"taxonomy":"product_cat","embeddable":true,"href":"https:\/\/kimyasalevi.com\/en\/wp-json\/wp\/v2\/product_cat?post=7317"},{"taxonomy":"product_tag","embeddable":true,"href":"https:\/\/kimyasalevi.com\/en\/wp-json\/wp\/v2\/product_tag?post=7317"}],"curies":[{"name":"wp","href":"https:\/\/api.w.org\/{rel}","templated":true}]}}