{"id":7355,"date":"2026-02-21T11:40:08","date_gmt":"2026-02-21T11:40:08","guid":{"rendered":"https:\/\/kimyasalevi.com\/?post_type=product&#038;p=7355"},"modified":"2026-04-03T09:50:43","modified_gmt":"2026-04-03T09:50:43","slug":"125-procapil-sac-buyumesini-destekleyen-aktif-kompleks","status":"publish","type":"product","link":"https:\/\/kimyasalevi.com\/en\/product\/125-procapil-sac-buyumesini-destekleyen-aktif-kompleks\/","title":{"rendered":"125 Procapil \u2013 Sa\u00e7 B\u00fcy\u00fcmesini Destekleyen Aktif Kompleks"},"content":{"rendered":"<p>Procapil kozmetikte ve sa\u00e7 bak\u0131m\u0131nda kullan\u0131lan aktif bir sa\u00e7 d\u00f6k\u00fclmesi kar\u015f\u0131t\u0131 komplekstir, em\u00fclgat\u00f6r veya k\u0131vam verici de\u011fildir, i\u00e7eri\u011fi Oleanolic Acid, Apigenin ve Biotinyl-GHK\u2019dan olu\u015fur, sa\u00e7 k\u00f6klerini g\u00fc\u00e7lendirmeye, DHT\u2019nin sa\u00e7 k\u00f6k\u00fc \u00fczerindeki olumsuz etkisini azaltmaya ve sa\u00e7\u0131n anajen (b\u00fcy\u00fcme) faz\u0131n\u0131 desteklemeye yard\u0131mc\u0131 olur, \u015fampuan, sa\u00e7 serumu, tonik ve ampullerde aktif madde olarak kullan\u0131l\u0131r, tipik kullan\u0131m oran\u0131 %0,5 \u2013 %3 aras\u0131ndad\u0131r ve \u00e7o\u011funlukla %1 \u2013 %3 tercih edilir, form\u00fclasyona genellikle so\u011fuk fazda eklenir, ya\u011f ve suyu birle\u015ftirme \u00f6zelli\u011fi yoktur ve \u00fcr\u00fcn stabilitesini tek ba\u015f\u0131na sa\u011flamaz, bu nedenle mutlaka uygun bir em\u00fclgat\u00f6r veya solubilizan i\u00e7eren haz\u0131r bir form\u00fclasyon i\u00e7inde kullan\u0131lmal\u0131d\u0131r.<\/p>\n","protected":false},"excerpt":{"rendered":"<p>&#8230;<\/p>\n","protected":false},"featured_media":7360,"comment_status":"closed","ping_status":"closed","template":"","meta":[],"etheme_brands":[],"product_brand":[],"product_cat":[259],"product_tag":[],"class_list":{"0":"post-7355","1":"product","2":"type-product","3":"status-publish","4":"has-post-thumbnail","6":"product_cat-ham-maddeler","8":"first","9":"instock","10":"taxable","11":"shipping-taxable","12":"purchasable","13":"product-type-variable"},"_links":{"self":[{"href":"https:\/\/kimyasalevi.com\/en\/wp-json\/wp\/v2\/product\/7355","targetHints":{"allow":["GET"]}}],"collection":[{"href":"https:\/\/kimyasalevi.com\/en\/wp-json\/wp\/v2\/product"}],"about":[{"href":"https:\/\/kimyasalevi.com\/en\/wp-json\/wp\/v2\/types\/product"}],"replies":[{"embeddable":true,"href":"https:\/\/kimyasalevi.com\/en\/wp-json\/wp\/v2\/comments?post=7355"}],"version-history":[{"count":1,"href":"https:\/\/kimyasalevi.com\/en\/wp-json\/wp\/v2\/product\/7355\/revisions"}],"predecessor-version":[{"id":7361,"href":"https:\/\/kimyasalevi.com\/en\/wp-json\/wp\/v2\/product\/7355\/revisions\/7361"}],"wp:featuredmedia":[{"embeddable":true,"href":"https:\/\/kimyasalevi.com\/en\/wp-json\/wp\/v2\/media\/7360"}],"wp:attachment":[{"href":"https:\/\/kimyasalevi.com\/en\/wp-json\/wp\/v2\/media?parent=7355"}],"wp:term":[{"taxonomy":"brand","embeddable":true,"href":"https:\/\/kimyasalevi.com\/en\/wp-json\/wp\/v2\/etheme_brands?post=7355"},{"taxonomy":"product_brand","embeddable":true,"href":"https:\/\/kimyasalevi.com\/en\/wp-json\/wp\/v2\/product_brand?post=7355"},{"taxonomy":"product_cat","embeddable":true,"href":"https:\/\/kimyasalevi.com\/en\/wp-json\/wp\/v2\/product_cat?post=7355"},{"taxonomy":"product_tag","embeddable":true,"href":"https:\/\/kimyasalevi.com\/en\/wp-json\/wp\/v2\/product_tag?post=7355"}],"curies":[{"name":"wp","href":"https:\/\/api.w.org\/{rel}","templated":true}]}}