{"id":7370,"date":"2026-02-21T17:37:26","date_gmt":"2026-02-21T17:37:26","guid":{"rendered":"https:\/\/kimyasalevi.com\/?post_type=product&#038;p=7370"},"modified":"2026-05-08T11:28:34","modified_gmt":"2026-05-08T11:28:34","slug":"126-l-arjinin-hcl-l-arginine-hcl","status":"publish","type":"product","link":"https:\/\/kimyasalevi.com\/en\/product\/126-l-arjinin-hcl-l-arginine-hcl\/","title":{"rendered":"126  L-ARJ\u0130N\u0130N HCL &#8211;  L- ARGININE HCL"},"content":{"rendered":"<p>L-Arginine HCl kozmetikte ve cilt\/sa\u00e7 bak\u0131m\u0131nda kremler, serumlar ve \u015fampuanlarda kullan\u0131lan bir amino asittir, cilt ve sa\u00e7 h\u00fccrelerinin beslenmesine yard\u0131mc\u0131 olur ve kan dola\u015f\u0131m\u0131n\u0131 destekleyici etkisiyle bilinir, \u00f6zellikle sa\u00e7 d\u00f6k\u00fclmesine kar\u015f\u0131 ve sa\u00e7 b\u00fcy\u00fcmesini destekleyici \u00fcr\u00fcnlerde tercih edilir, Nitric Oxide \u00fcretimini destekleyerek ciltte ve sa\u00e7 derisinde kan ak\u0131\u015f\u0131n\u0131 art\u0131r\u0131r, nemlendirme sa\u011flar ve elastikiyeti art\u0131r\u0131r, h\u00fccre yenilenmesini destekleyerek cilt ve sa\u00e7 g\u00f6r\u00fcn\u00fcm\u00fcn\u00fc iyile\u015ftirir, kullan\u0131m oran\u0131 genellikle \u00fcr\u00fcn tipine ve form\u00fclasyona ba\u011fl\u0131 olarak %0,5 \u2013 3 aras\u0131ndad\u0131r, form\u00fclasyonda su faz\u0131nda kolayca \u00e7\u00f6z\u00fcl\u00fcr ve iyice kar\u0131\u015ft\u0131r\u0131l\u0131r, so\u011fuk veya \u0131l\u0131k fazda eklenebilir ve etkinli\u011fini korumak i\u00e7in y\u00fcksek \u0131s\u0131ya ihtiya\u00e7 duymaz, \u00e7o\u011fu su bazl\u0131 ve em\u00fclsiyon \u00fcr\u00fcnleriyle uyumludur, izin verilen konsantrasyonlarda topikal kullan\u0131m i\u00e7in g\u00fcvenlidir ve hassas ciltlerde kullan\u0131m \u00f6ncesi test \u00f6nerilir.<\/p>\n","protected":false},"excerpt":{"rendered":"<p>&#8230;<\/p>\n","protected":false},"featured_media":7376,"comment_status":"closed","ping_status":"closed","template":"","meta":[],"etheme_brands":[],"product_brand":[],"product_cat":[259],"product_tag":[],"class_list":{"0":"post-7370","1":"product","2":"type-product","3":"status-publish","4":"has-post-thumbnail","6":"product_cat-ham-maddeler","8":"first","9":"instock","10":"taxable","11":"shipping-taxable","12":"purchasable","13":"product-type-variable"},"_links":{"self":[{"href":"https:\/\/kimyasalevi.com\/en\/wp-json\/wp\/v2\/product\/7370","targetHints":{"allow":["GET"]}}],"collection":[{"href":"https:\/\/kimyasalevi.com\/en\/wp-json\/wp\/v2\/product"}],"about":[{"href":"https:\/\/kimyasalevi.com\/en\/wp-json\/wp\/v2\/types\/product"}],"replies":[{"embeddable":true,"href":"https:\/\/kimyasalevi.com\/en\/wp-json\/wp\/v2\/comments?post=7370"}],"version-history":[{"count":1,"href":"https:\/\/kimyasalevi.com\/en\/wp-json\/wp\/v2\/product\/7370\/revisions"}],"predecessor-version":[{"id":7377,"href":"https:\/\/kimyasalevi.com\/en\/wp-json\/wp\/v2\/product\/7370\/revisions\/7377"}],"wp:featuredmedia":[{"embeddable":true,"href":"https:\/\/kimyasalevi.com\/en\/wp-json\/wp\/v2\/media\/7376"}],"wp:attachment":[{"href":"https:\/\/kimyasalevi.com\/en\/wp-json\/wp\/v2\/media?parent=7370"}],"wp:term":[{"taxonomy":"brand","embeddable":true,"href":"https:\/\/kimyasalevi.com\/en\/wp-json\/wp\/v2\/etheme_brands?post=7370"},{"taxonomy":"product_brand","embeddable":true,"href":"https:\/\/kimyasalevi.com\/en\/wp-json\/wp\/v2\/product_brand?post=7370"},{"taxonomy":"product_cat","embeddable":true,"href":"https:\/\/kimyasalevi.com\/en\/wp-json\/wp\/v2\/product_cat?post=7370"},{"taxonomy":"product_tag","embeddable":true,"href":"https:\/\/kimyasalevi.com\/en\/wp-json\/wp\/v2\/product_tag?post=7370"}],"curies":[{"name":"wp","href":"https:\/\/api.w.org\/{rel}","templated":true}]}}