{"id":7384,"date":"2026-02-23T06:16:21","date_gmt":"2026-02-23T06:16:21","guid":{"rendered":"https:\/\/kimyasalevi.com\/?post_type=product&#038;p=7384"},"modified":"2026-04-03T09:52:38","modified_gmt":"2026-04-03T09:52:38","slug":"130-silika-hidrat-hydrated-silica-precipitated-silicon-dioxide-230","status":"publish","type":"product","link":"https:\/\/kimyasalevi.com\/en\/product\/130-silika-hidrat-hydrated-silica-precipitated-silicon-dioxide-230\/","title":{"rendered":"130 S\u0130L\u0130KA H\u0130DRAT &#8211; HYDRATED S\u0130L\u0130CA \/ PREC\u0130P\u0130TATED S\u0130L\u0130CON D\u0130OX\u0130DE 230"},"content":{"rendered":"<p>Hydrated Silica 230, kozmetik ve a\u011f\u0131z bak\u0131m form\u00fclasyonlar\u0131nda yayg\u0131n olarak kullan\u0131lan, nazik a\u015f\u0131nd\u0131r\u0131c\u0131 \u00f6zellikte hidrate edilmi\u015f bir silikad\u0131r. Di\u015f macunlar\u0131nda y\u00fczey lekelerinin mineye zarar vermeden uzakla\u015ft\u0131r\u0131lmas\u0131na yard\u0131mc\u0131 olurken, baz\u0131 cilt bak\u0131m ve peeling \u00fcr\u00fcnlerinde hafif eksfoliasyon sa\u011flar. Ayr\u0131ca krem ve \u00e7e\u015fitli kozmetik form\u00fclasyonlarda k\u0131vam d\u00fczenleyici ve stabilite art\u0131r\u0131c\u0131 olarak g\u00f6rev al\u0131r. \u00dcr\u00fcn\u00fcn dokusunu iyile\u015ftirir, tortu olu\u015fumunu azalt\u0131r ve kullan\u0131m s\u0131ras\u0131nda homojen bir his sa\u011flar. Kozmetik \u00fcr\u00fcnlerde genellikle %1\u20135 oran\u0131nda, di\u015f macunlar\u0131nda ise form\u00fclasyona ba\u011fl\u0131 olarak %10\u201320 seviyelerinde kullan\u0131l\u0131r. Toz veya kat\u0131 fazda ya da uygun \u015fekilde su faz\u0131na disperse edilerek form\u00fclasyona eklenir ve topikal kullan\u0131m i\u00e7in izin verilen konsantrasyonlarda g\u00fcvenli kabul edilir.<\/p>\n","protected":false},"excerpt":{"rendered":"<p>&#8230;<\/p>\n","protected":false},"featured_media":7389,"comment_status":"closed","ping_status":"closed","template":"","meta":[],"etheme_brands":[],"product_brand":[],"product_cat":[259],"product_tag":[],"class_list":{"0":"post-7384","1":"product","2":"type-product","3":"status-publish","4":"has-post-thumbnail","6":"product_cat-ham-maddeler","8":"first","9":"instock","10":"taxable","11":"shipping-taxable","12":"purchasable","13":"product-type-variable"},"_links":{"self":[{"href":"https:\/\/kimyasalevi.com\/en\/wp-json\/wp\/v2\/product\/7384","targetHints":{"allow":["GET"]}}],"collection":[{"href":"https:\/\/kimyasalevi.com\/en\/wp-json\/wp\/v2\/product"}],"about":[{"href":"https:\/\/kimyasalevi.com\/en\/wp-json\/wp\/v2\/types\/product"}],"replies":[{"embeddable":true,"href":"https:\/\/kimyasalevi.com\/en\/wp-json\/wp\/v2\/comments?post=7384"}],"version-history":[{"count":1,"href":"https:\/\/kimyasalevi.com\/en\/wp-json\/wp\/v2\/product\/7384\/revisions"}],"predecessor-version":[{"id":7390,"href":"https:\/\/kimyasalevi.com\/en\/wp-json\/wp\/v2\/product\/7384\/revisions\/7390"}],"wp:featuredmedia":[{"embeddable":true,"href":"https:\/\/kimyasalevi.com\/en\/wp-json\/wp\/v2\/media\/7389"}],"wp:attachment":[{"href":"https:\/\/kimyasalevi.com\/en\/wp-json\/wp\/v2\/media?parent=7384"}],"wp:term":[{"taxonomy":"brand","embeddable":true,"href":"https:\/\/kimyasalevi.com\/en\/wp-json\/wp\/v2\/etheme_brands?post=7384"},{"taxonomy":"product_brand","embeddable":true,"href":"https:\/\/kimyasalevi.com\/en\/wp-json\/wp\/v2\/product_brand?post=7384"},{"taxonomy":"product_cat","embeddable":true,"href":"https:\/\/kimyasalevi.com\/en\/wp-json\/wp\/v2\/product_cat?post=7384"},{"taxonomy":"product_tag","embeddable":true,"href":"https:\/\/kimyasalevi.com\/en\/wp-json\/wp\/v2\/product_tag?post=7384"}],"curies":[{"name":"wp","href":"https:\/\/api.w.org\/{rel}","templated":true}]}}