{"id":7458,"date":"2026-02-24T05:44:30","date_gmt":"2026-02-24T05:44:30","guid":{"rendered":"https:\/\/kimyasalevi.com\/?post_type=product&#038;p=7458"},"modified":"2026-05-08T11:51:48","modified_gmt":"2026-05-08T11:51:48","slug":"143-silika-hidrat-hydrated-silica-precipitated-silicon-dioxide-100","status":"publish","type":"product","link":"https:\/\/kimyasalevi.com\/en\/product\/143-silika-hidrat-hydrated-silica-precipitated-silicon-dioxide-100\/","title":{"rendered":"143 S\u0130L\u0130KA H\u0130DRAT- HYDRATED S\u0130L\u0130CA\/PREC\u0130P\u0130TATED S\u0130L\u0130CON D\u0130OX\u0130DE 100"},"content":{"rendered":"<p>Hydrated Silica 100 (Hidrate Silika 100) kozmetikte ve cilt\/sa\u00e7 bak\u0131m \u00fcr\u00fcnlerinde hafif a\u015f\u0131nd\u0131r\u0131c\u0131 olarak kullan\u0131l\u0131r; \u00f6zellikle di\u015f macunlar\u0131nda ve baz\u0131 peeling \u00fcr\u00fcnlerinde nazik temizlik sa\u011flamak amac\u0131yla tercih edilir. Kremler ve kozmetik form\u00fclasyonlarda k\u0131vam\u0131 ve dokuyu iyile\u015ftirmek i\u00e7in de eklenebilir, \u00fcr\u00fcn stabilitesini art\u0131r\u0131r ve tortu olu\u015fumunu \u00f6nler. Di\u015f y\u00fczeyindeki lekeleri mineye zarar vermeden nazik\u00e7e temizler ve uygulama s\u0131ras\u0131nda p\u00fcr\u00fczs\u00fcz bir his sa\u011flar. Kullan\u0131m oran\u0131 kozmetik \u00fcr\u00fcnlerde genellikle %1 \u2013 5, di\u015f macunlar\u0131nda ise \u00fcr\u00fcn tipine ba\u011fl\u0131 olarak %10 \u2013 20 aras\u0131ndad\u0131r. Kat\u0131 faza veya su\/ya\u011f faz\u0131na eklenerek iyi kar\u0131\u015ft\u0131r\u0131l\u0131r, homojen da\u011f\u0131l\u0131m sa\u011flanmal\u0131 ve topaklanma \u00f6nlenmelidir; etkinli\u011fi i\u00e7in y\u00fcksek \u0131s\u0131 gerekmez. \u00c7o\u011fu su bazl\u0131 ve em\u00fclsiyon sistemle uyumludur, izin verilen konsantrasyonlarda topikal kullan\u0131m i\u00e7in g\u00fcvenlidir ancak \u00fcretim s\u0131ras\u0131nda tozun solunmamas\u0131na dikkat edilmelidir.<\/p>\n","protected":false},"excerpt":{"rendered":"<p>&#8230;<\/p>\n","protected":false},"featured_media":7464,"comment_status":"closed","ping_status":"closed","template":"","meta":[],"etheme_brands":[],"product_brand":[],"product_cat":[259],"product_tag":[],"class_list":{"0":"post-7458","1":"product","2":"type-product","3":"status-publish","4":"has-post-thumbnail","6":"product_cat-ham-maddeler","8":"first","9":"instock","10":"taxable","11":"shipping-taxable","12":"purchasable","13":"product-type-variable"},"_links":{"self":[{"href":"https:\/\/kimyasalevi.com\/en\/wp-json\/wp\/v2\/product\/7458","targetHints":{"allow":["GET"]}}],"collection":[{"href":"https:\/\/kimyasalevi.com\/en\/wp-json\/wp\/v2\/product"}],"about":[{"href":"https:\/\/kimyasalevi.com\/en\/wp-json\/wp\/v2\/types\/product"}],"replies":[{"embeddable":true,"href":"https:\/\/kimyasalevi.com\/en\/wp-json\/wp\/v2\/comments?post=7458"}],"version-history":[{"count":1,"href":"https:\/\/kimyasalevi.com\/en\/wp-json\/wp\/v2\/product\/7458\/revisions"}],"predecessor-version":[{"id":7465,"href":"https:\/\/kimyasalevi.com\/en\/wp-json\/wp\/v2\/product\/7458\/revisions\/7465"}],"wp:featuredmedia":[{"embeddable":true,"href":"https:\/\/kimyasalevi.com\/en\/wp-json\/wp\/v2\/media\/7464"}],"wp:attachment":[{"href":"https:\/\/kimyasalevi.com\/en\/wp-json\/wp\/v2\/media?parent=7458"}],"wp:term":[{"taxonomy":"brand","embeddable":true,"href":"https:\/\/kimyasalevi.com\/en\/wp-json\/wp\/v2\/etheme_brands?post=7458"},{"taxonomy":"product_brand","embeddable":true,"href":"https:\/\/kimyasalevi.com\/en\/wp-json\/wp\/v2\/product_brand?post=7458"},{"taxonomy":"product_cat","embeddable":true,"href":"https:\/\/kimyasalevi.com\/en\/wp-json\/wp\/v2\/product_cat?post=7458"},{"taxonomy":"product_tag","embeddable":true,"href":"https:\/\/kimyasalevi.com\/en\/wp-json\/wp\/v2\/product_tag?post=7458"}],"curies":[{"name":"wp","href":"https:\/\/api.w.org\/{rel}","templated":true}]}}