{"id":7466,"date":"2026-02-24T05:58:48","date_gmt":"2026-02-24T05:58:48","guid":{"rendered":"https:\/\/kimyasalevi.com\/?post_type=product&#038;p=7466"},"modified":"2026-05-08T12:06:47","modified_gmt":"2026-05-08T12:06:47","slug":"144-isopropyl-alcohol-izopropil-alkol","status":"publish","type":"product","link":"https:\/\/kimyasalevi.com\/en\/product\/144-isopropyl-alcohol-izopropil-alkol\/","title":{"rendered":"144 ISOPROPYL ALCOHOL  &#8211; \u0130zopropil Alkol"},"content":{"rendered":"<div class=\"flex flex-col text-sm pb-25\">\n<article class=\"text-token-text-primary w-full focus:outline-none [--shadow-height:45px] has-data-writing-block:pointer-events-none has-data-writing-block:-mt-(--shadow-height) has-data-writing-block:pt-(--shadow-height) [&amp;:has([data-writing-block])&gt;*]:pointer-events-auto scroll-mt-[calc(var(--header-height)+min(200px,max(70px,20svh)))]\" dir=\"auto\" tabindex=\"-1\" data-turn-id=\"request-WEB:abdc7cae-784f-4ca1-99fb-1babe2938a5d-3\" data-testid=\"conversation-turn-8\" data-scroll-anchor=\"true\" data-turn=\"assistant\">\n<div class=\"text-base my-auto mx-auto pb-10 [--thread-content-margin:--spacing(4)] @w-sm\/main:[--thread-content-margin:--spacing(6)] @w-lg\/main:[--thread-content-margin:--spacing(16)] px-(--thread-content-margin)\">\n<div class=\"[--thread-content-max-width:40rem] @w-lg\/main:[--thread-content-max-width:48rem] mx-auto max-w-(--thread-content-max-width) flex-1 group\/turn-messages focus-visible:outline-hidden relative flex w-full min-w-0 flex-col agent-turn\" tabindex=\"-1\">\n<div class=\"flex max-w-full flex-col grow\">\n<div class=\"min-h-8 text-message relative flex w-full flex-col items-end gap-2 text-start break-words whitespace-normal [.text-message+&amp;]:mt-1\" dir=\"auto\" data-message-author-role=\"assistant\" data-message-id=\"636ffcdb-0211-455c-9f01-b3b5f95e356a\" data-message-model-slug=\"gpt-5-2\">\n<div class=\"flex w-full flex-col gap-1 empty:hidden first:pt-[1px]\">\n<div class=\"markdown prose dark:prose-invert w-full wrap-break-word dark markdown-new-styling\">\n<p data-start=\"0\" data-end=\"2505\" data-is-last-node=\"\" data-is-only-node=\"\">Isopropyl Alcohol 99.9% (\u0130zopropil Alkol 99.9%) kozmetikte ve cilt\/sa\u00e7 bak\u0131m \u00fcr\u00fcnlerinde \u00e7\u00f6z\u00fcc\u00fc ve dezenfektan olarak kullan\u0131l\u0131r; el antiseptikleri, dezenfektanlar ve \u00e7e\u015fitli form\u00fclasyonlarda aktif maddelerin \u00e7\u00f6z\u00fcnmesini kolayla\u015ft\u0131r\u0131r, form\u00fclasyon stabilitesini destekler ve h\u0131zl\u0131 kuruma sa\u011flar. Uygulama \u00f6ncesinde cildi veya y\u00fczeyleri temizlemek amac\u0131yla da tercih edilir. Bir\u00e7ok alkolde \u00e7\u00f6z\u00fcnen madde i\u00e7in g\u00fc\u00e7l\u00fc bir \u00e7\u00f6z\u00fcc\u00fcd\u00fcr ve dezenfektan etki sunar. Kullan\u0131m oran\u0131 \u00fcr\u00fcne g\u00f6re de\u011fi\u015fir; dezenfektanlarda %70\u201399, kozmetik \u00fcr\u00fcnlerde \u00e7\u00f6z\u00fcc\u00fc olarak genellikle %1 \u2013 10\u2019dur. Alkol veya su faz\u0131na eklenir, bile\u015fenler tamamen \u00e7\u00f6z\u00fcnene kadar iyi kar\u0131\u015ft\u0131r\u0131l\u0131r ve kullan\u0131m s\u0131ras\u0131nda y\u00fcksek \u0131s\u0131dan ve a\u00e7\u0131k alevden uzak tutulmal\u0131d\u0131r. \u00c7o\u011fu su bazl\u0131 ve em\u00fclsiyon sistemle uyumludur, ancak son derece yan\u0131c\u0131 oldu\u011fundan iyi havaland\u0131r\u0131lan alanlarda kullan\u0131lmal\u0131, do\u011frudan solunmamal\u0131 ve yutulmamal\u0131d\u0131r.<\/p>\n<\/div>\n<\/div>\n<\/div>\n<\/div>\n<div class=\"mt-3 w-full empty:hidden\">\n<div class=\"text-center\"><\/div>\n<\/div>\n<\/div>\n<\/div>\n<\/article>\n<\/div>\n<div class=\"pointer-events-none h-px w-px absolute bottom-0\" aria-hidden=\"true\" data-edge=\"true\"><\/div>\n","protected":false},"excerpt":{"rendered":"<p>&#8230;<\/p>\n","protected":false},"featured_media":7472,"comment_status":"closed","ping_status":"closed","template":"","meta":[],"etheme_brands":[],"product_brand":[],"product_cat":[259],"product_tag":[],"class_list":{"0":"post-7466","1":"product","2":"type-product","3":"status-publish","4":"has-post-thumbnail","6":"product_cat-ham-maddeler","8":"first","9":"instock","10":"taxable","11":"shipping-taxable","12":"purchasable","13":"product-type-variable"},"_links":{"self":[{"href":"https:\/\/kimyasalevi.com\/en\/wp-json\/wp\/v2\/product\/7466","targetHints":{"allow":["GET"]}}],"collection":[{"href":"https:\/\/kimyasalevi.com\/en\/wp-json\/wp\/v2\/product"}],"about":[{"href":"https:\/\/kimyasalevi.com\/en\/wp-json\/wp\/v2\/types\/product"}],"replies":[{"embeddable":true,"href":"https:\/\/kimyasalevi.com\/en\/wp-json\/wp\/v2\/comments?post=7466"}],"version-history":[{"count":1,"href":"https:\/\/kimyasalevi.com\/en\/wp-json\/wp\/v2\/product\/7466\/revisions"}],"predecessor-version":[{"id":7473,"href":"https:\/\/kimyasalevi.com\/en\/wp-json\/wp\/v2\/product\/7466\/revisions\/7473"}],"wp:featuredmedia":[{"embeddable":true,"href":"https:\/\/kimyasalevi.com\/en\/wp-json\/wp\/v2\/media\/7472"}],"wp:attachment":[{"href":"https:\/\/kimyasalevi.com\/en\/wp-json\/wp\/v2\/media?parent=7466"}],"wp:term":[{"taxonomy":"brand","embeddable":true,"href":"https:\/\/kimyasalevi.com\/en\/wp-json\/wp\/v2\/etheme_brands?post=7466"},{"taxonomy":"product_brand","embeddable":true,"href":"https:\/\/kimyasalevi.com\/en\/wp-json\/wp\/v2\/product_brand?post=7466"},{"taxonomy":"product_cat","embeddable":true,"href":"https:\/\/kimyasalevi.com\/en\/wp-json\/wp\/v2\/product_cat?post=7466"},{"taxonomy":"product_tag","embeddable":true,"href":"https:\/\/kimyasalevi.com\/en\/wp-json\/wp\/v2\/product_tag?post=7466"}],"curies":[{"name":"wp","href":"https:\/\/api.w.org\/{rel}","templated":true}]}}