{"id":7486,"date":"2026-02-24T06:40:42","date_gmt":"2026-02-24T06:40:42","guid":{"rendered":"https:\/\/kimyasalevi.com\/?post_type=product&#038;p=7486"},"modified":"2026-05-08T12:22:12","modified_gmt":"2026-05-08T12:22:12","slug":"150-white-soap-sabun-bazi-opak-beyaz","status":"publish","type":"product","link":"https:\/\/kimyasalevi.com\/en\/product\/150-white-soap-sabun-bazi-opak-beyaz\/","title":{"rendered":"150 WHITE SOAP &#8211; Sabun Baz\u0131 Opak Beyaz"},"content":{"rendered":"<div class=\"flex flex-col text-sm pb-25\">\n<article class=\"text-token-text-primary w-full focus:outline-none [--shadow-height:45px] has-data-writing-block:pointer-events-none has-data-writing-block:-mt-(--shadow-height) has-data-writing-block:pt-(--shadow-height) [&amp;:has([data-writing-block])&gt;*]:pointer-events-auto scroll-mt-[calc(var(--header-height)+min(200px,max(70px,20svh)))]\" dir=\"auto\" tabindex=\"-1\" data-turn-id=\"request-WEB:abdc7cae-784f-4ca1-99fb-1babe2938a5d-3\" data-testid=\"conversation-turn-8\" data-scroll-anchor=\"true\" data-turn=\"assistant\">\n<div class=\"text-base my-auto mx-auto pb-10 [--thread-content-margin:--spacing(4)] @w-sm\/main:[--thread-content-margin:--spacing(6)] @w-lg\/main:[--thread-content-margin:--spacing(16)] px-(--thread-content-margin)\">\n<div class=\"[--thread-content-max-width:40rem] @w-lg\/main:[--thread-content-max-width:48rem] mx-auto max-w-(--thread-content-max-width) flex-1 group\/turn-messages focus-visible:outline-hidden relative flex w-full min-w-0 flex-col agent-turn\" tabindex=\"-1\">\n<div class=\"flex max-w-full flex-col grow\">\n<div class=\"min-h-8 text-message relative flex w-full flex-col items-end gap-2 text-start break-words whitespace-normal [.text-message+&amp;]:mt-1\" dir=\"auto\" data-message-author-role=\"assistant\" data-message-id=\"636ffcdb-0211-455c-9f01-b3b5f95e356a\" data-message-model-slug=\"gpt-5-2\">\n<div class=\"flex w-full flex-col gap-1 empty:hidden first:pt-[1px]\">\n<div class=\"markdown prose dark:prose-invert w-full wrap-break-word dark markdown-new-styling\">\n<p data-start=\"0\" data-end=\"2505\" data-is-last-node=\"\" data-is-only-node=\"\">Glycerin White Soap Base (Gliserin Beyaz Sabun Baz\u0131) kozmetikte ve cilt bak\u0131m\u0131nda kullan\u0131lan, gliserin i\u00e7eren haz\u0131r bir sabun baz\u0131d\u0131r; beyaz veya yar\u0131 \u015feffaf sabun \u00fcretimi i\u00e7in idealdir ve aromalar, bitkiler ile renklendiriciler eklenerek kolayca ki\u015fiselle\u015ftirilebilir. Banyo s\u0131ras\u0131nda cildi nemlendirir ve kurulu\u011fu \u00f6nlemeye yard\u0131mc\u0131 olur. Gliserin sayesinde cilde yo\u011fun nem sa\u011flar, kolay eritilip yeniden \u015fekillendirilebildi\u011fi i\u00e7in ev tipi veya ticari sabun \u00fcretimine uygundur, sabuna yumu\u015fak bir doku ve temiz bir beyaz g\u00f6r\u00fcn\u00fcm kazand\u0131r\u0131r ve hassas ciltler dahil t\u00fcm cilt tipleri i\u00e7in uygundur. Kullan\u0131m\u0131nda baz d\u00fc\u015f\u00fck \u0131s\u0131da benmari usul\u00fc eritilir, istenen esans, renk veya do\u011fal katk\u0131lar eklenir ve kal\u0131plara d\u00f6k\u00fcl\u00fcr; so\u011fuyup sertle\u015ftikten sonra kal\u0131ptan \u00e7\u0131kar\u0131l\u0131r. \u00c7o\u011fu aroma, renk ve do\u011fal i\u00e7erik ile uyumludur, topikal kullan\u0131m i\u00e7in g\u00fcvenlidir ve \u00f6zelliklerini korumas\u0131 i\u00e7in y\u00fcksek \u0131s\u0131ya ihtiya\u00e7 duymaz.<\/p>\n<\/div>\n<\/div>\n<\/div>\n<\/div>\n<\/div>\n<\/div>\n<\/article>\n<\/div>\n","protected":false},"excerpt":{"rendered":"<p>&#8230;<\/p>\n","protected":false},"featured_media":7491,"comment_status":"closed","ping_status":"closed","template":"","meta":[],"etheme_brands":[],"product_brand":[],"product_cat":[259],"product_tag":[],"class_list":{"0":"post-7486","1":"product","2":"type-product","3":"status-publish","4":"has-post-thumbnail","6":"product_cat-ham-maddeler","8":"first","9":"instock","10":"taxable","11":"shipping-taxable","12":"purchasable","13":"product-type-variable"},"_links":{"self":[{"href":"https:\/\/kimyasalevi.com\/en\/wp-json\/wp\/v2\/product\/7486","targetHints":{"allow":["GET"]}}],"collection":[{"href":"https:\/\/kimyasalevi.com\/en\/wp-json\/wp\/v2\/product"}],"about":[{"href":"https:\/\/kimyasalevi.com\/en\/wp-json\/wp\/v2\/types\/product"}],"replies":[{"embeddable":true,"href":"https:\/\/kimyasalevi.com\/en\/wp-json\/wp\/v2\/comments?post=7486"}],"version-history":[{"count":1,"href":"https:\/\/kimyasalevi.com\/en\/wp-json\/wp\/v2\/product\/7486\/revisions"}],"predecessor-version":[{"id":7493,"href":"https:\/\/kimyasalevi.com\/en\/wp-json\/wp\/v2\/product\/7486\/revisions\/7493"}],"wp:featuredmedia":[{"embeddable":true,"href":"https:\/\/kimyasalevi.com\/en\/wp-json\/wp\/v2\/media\/7491"}],"wp:attachment":[{"href":"https:\/\/kimyasalevi.com\/en\/wp-json\/wp\/v2\/media?parent=7486"}],"wp:term":[{"taxonomy":"brand","embeddable":true,"href":"https:\/\/kimyasalevi.com\/en\/wp-json\/wp\/v2\/etheme_brands?post=7486"},{"taxonomy":"product_brand","embeddable":true,"href":"https:\/\/kimyasalevi.com\/en\/wp-json\/wp\/v2\/product_brand?post=7486"},{"taxonomy":"product_cat","embeddable":true,"href":"https:\/\/kimyasalevi.com\/en\/wp-json\/wp\/v2\/product_cat?post=7486"},{"taxonomy":"product_tag","embeddable":true,"href":"https:\/\/kimyasalevi.com\/en\/wp-json\/wp\/v2\/product_tag?post=7486"}],"curies":[{"name":"wp","href":"https:\/\/api.w.org\/{rel}","templated":true}]}}