{"id":7495,"date":"2026-02-24T12:08:56","date_gmt":"2026-02-24T12:08:56","guid":{"rendered":"https:\/\/kimyasalevi.com\/?post_type=product&#038;p=7495"},"modified":"2026-05-08T12:24:32","modified_gmt":"2026-05-08T12:24:32","slug":"152-azelaic-acid-azelaik-asit","status":"publish","type":"product","link":"https:\/\/kimyasalevi.com\/en\/product\/152-azelaic-acid-azelaik-asit\/","title":{"rendered":"152  Azelaic Acid &#8211; Azelaik Asit"},"content":{"rendered":"<div class=\"flex flex-col text-sm pb-25\">\n<article class=\"text-token-text-primary w-full focus:outline-none [--shadow-height:45px] has-data-writing-block:pointer-events-none has-data-writing-block:-mt-(--shadow-height) has-data-writing-block:pt-(--shadow-height) [&amp;:has([data-writing-block])&gt;*]:pointer-events-auto scroll-mt-[calc(var(--header-height)+min(200px,max(70px,20svh)))]\" dir=\"auto\" tabindex=\"-1\" data-turn-id=\"request-WEB:abdc7cae-784f-4ca1-99fb-1babe2938a5d-3\" data-testid=\"conversation-turn-8\" data-scroll-anchor=\"true\" data-turn=\"assistant\">\n<div class=\"text-base my-auto mx-auto pb-10 [--thread-content-margin:--spacing(4)] @w-sm\/main:[--thread-content-margin:--spacing(6)] @w-lg\/main:[--thread-content-margin:--spacing(16)] px-(--thread-content-margin)\">\n<div class=\"[--thread-content-max-width:40rem] @w-lg\/main:[--thread-content-max-width:48rem] mx-auto max-w-(--thread-content-max-width) flex-1 group\/turn-messages focus-visible:outline-hidden relative flex w-full min-w-0 flex-col agent-turn\" tabindex=\"-1\">\n<div class=\"flex max-w-full flex-col grow\">\n<div class=\"min-h-8 text-message relative flex w-full flex-col items-end gap-2 text-start break-words whitespace-normal [.text-message+&amp;]:mt-1\" dir=\"auto\" data-message-author-role=\"assistant\" data-message-id=\"636ffcdb-0211-455c-9f01-b3b5f95e356a\" data-message-model-slug=\"gpt-5-2\">\n<div class=\"flex w-full flex-col gap-1 empty:hidden first:pt-[1px]\">\n<div class=\"markdown prose dark:prose-invert w-full wrap-break-word dark markdown-new-styling\">\n<p data-start=\"0\" data-end=\"2505\" data-is-last-node=\"\" data-is-only-node=\"\">Azelaic Acid (Azelaik Asit) kozmetikte ve cilt bak\u0131m \u00fcr\u00fcnlerinde sivilce, hiperpigmentasyon ve koyu leke problemlerine y\u00f6nelik serum ve kremlerde kullan\u0131l\u0131r; g\u00f6zenekleri temizlemeye yard\u0131mc\u0131 olur, sivilceye neden olan bakterileri azalt\u0131r ve cilt tonunun dengelenmesini destekler. Antibakteriyel yap\u0131s\u0131 sayesinde akne tedavisinde etkilidir, g\u00fcne\u015f veya hormonal nedenlerle olu\u015fan lekelerin g\u00f6r\u00fcn\u00fcm\u00fcn\u00fc azalt\u0131r, k\u0131zar\u0131kl\u0131\u011f\u0131 hafifletir ve hassas cildi yat\u0131\u015ft\u0131r\u0131r. \u00d6nerilen konsantrasyonlarda t\u00fcm cilt tipleri i\u00e7in uygundur. Kullan\u0131m oran\u0131 \u00fcr\u00fcn tipine ve cilt ihtiyac\u0131na ba\u011fl\u0131 olarak genellikle %10 \u2013 20 aras\u0131ndad\u0131r. Su faz\u0131nda veya cilde uygun bir form\u00fclasyonda \u00e7\u00f6z\u00fclerek so\u011fuk ya da \u0131l\u0131k fazda eklenir ve homojen kar\u0131\u015f\u0131m elde edilene kadar kar\u0131\u015ft\u0131r\u0131l\u0131r. Topikal kullan\u0131mda g\u00fcvenlidir, kullan\u0131m s\u00fcresince a\u015f\u0131r\u0131 g\u00fcne\u015f maruziyetinden ka\u00e7\u0131n\u0131lmas\u0131 ve g\u00fcne\u015f koruyucu kullan\u0131lmas\u0131 \u00f6nerilir, hassas ciltlerde ilk uygulamada hafif tahri\u015f g\u00f6r\u00fclebilir.<\/p>\n<\/div>\n<\/div>\n<\/div>\n<\/div>\n<\/div>\n<\/div>\n<\/article>\n<\/div>\n","protected":false},"excerpt":{"rendered":"<p>&#8230;<\/p>\n","protected":false},"featured_media":7500,"comment_status":"closed","ping_status":"closed","template":"","meta":[],"etheme_brands":[],"product_brand":[],"product_cat":[259],"product_tag":[],"class_list":{"0":"post-7495","1":"product","2":"type-product","3":"status-publish","4":"has-post-thumbnail","6":"product_cat-ham-maddeler","8":"first","9":"instock","10":"taxable","11":"shipping-taxable","12":"purchasable","13":"product-type-variable"},"_links":{"self":[{"href":"https:\/\/kimyasalevi.com\/en\/wp-json\/wp\/v2\/product\/7495","targetHints":{"allow":["GET"]}}],"collection":[{"href":"https:\/\/kimyasalevi.com\/en\/wp-json\/wp\/v2\/product"}],"about":[{"href":"https:\/\/kimyasalevi.com\/en\/wp-json\/wp\/v2\/types\/product"}],"replies":[{"embeddable":true,"href":"https:\/\/kimyasalevi.com\/en\/wp-json\/wp\/v2\/comments?post=7495"}],"version-history":[{"count":1,"href":"https:\/\/kimyasalevi.com\/en\/wp-json\/wp\/v2\/product\/7495\/revisions"}],"predecessor-version":[{"id":7502,"href":"https:\/\/kimyasalevi.com\/en\/wp-json\/wp\/v2\/product\/7495\/revisions\/7502"}],"wp:featuredmedia":[{"embeddable":true,"href":"https:\/\/kimyasalevi.com\/en\/wp-json\/wp\/v2\/media\/7500"}],"wp:attachment":[{"href":"https:\/\/kimyasalevi.com\/en\/wp-json\/wp\/v2\/media?parent=7495"}],"wp:term":[{"taxonomy":"brand","embeddable":true,"href":"https:\/\/kimyasalevi.com\/en\/wp-json\/wp\/v2\/etheme_brands?post=7495"},{"taxonomy":"product_brand","embeddable":true,"href":"https:\/\/kimyasalevi.com\/en\/wp-json\/wp\/v2\/product_brand?post=7495"},{"taxonomy":"product_cat","embeddable":true,"href":"https:\/\/kimyasalevi.com\/en\/wp-json\/wp\/v2\/product_cat?post=7495"},{"taxonomy":"product_tag","embeddable":true,"href":"https:\/\/kimyasalevi.com\/en\/wp-json\/wp\/v2\/product_tag?post=7495"}],"curies":[{"name":"wp","href":"https:\/\/api.w.org\/{rel}","templated":true}]}}