{"id":7522,"date":"2026-02-25T05:03:40","date_gmt":"2026-02-25T05:03:40","guid":{"rendered":"https:\/\/kimyasalevi.com\/?post_type=product&#038;p=7522"},"modified":"2026-04-03T10:02:59","modified_gmt":"2026-04-03T10:02:59","slug":"153-zinc-sulfate-cinko-sulfat","status":"publish","type":"product","link":"https:\/\/kimyasalevi.com\/en\/product\/153-zinc-sulfate-cinko-sulfat\/","title":{"rendered":"153 Zinc Sulfate &#8211; \u00c7inko S\u00fclfat"},"content":{"rendered":"<div class=\"flex flex-col text-sm pb-25\">\n<article class=\"text-token-text-primary w-full focus:outline-none [--shadow-height:45px] has-data-writing-block:pointer-events-none has-data-writing-block:-mt-(--shadow-height) has-data-writing-block:pt-(--shadow-height) [&amp;:has([data-writing-block])&gt;*]:pointer-events-auto scroll-mt-[calc(var(--header-height)+min(200px,max(70px,20svh)))]\" dir=\"auto\" tabindex=\"-1\" data-turn-id=\"request-WEB:abdc7cae-784f-4ca1-99fb-1babe2938a5d-3\" data-testid=\"conversation-turn-8\" data-scroll-anchor=\"true\" data-turn=\"assistant\">\n<div class=\"text-base my-auto mx-auto pb-10 [--thread-content-margin:--spacing(4)] @w-sm\/main:[--thread-content-margin:--spacing(6)] @w-lg\/main:[--thread-content-margin:--spacing(16)] px-(--thread-content-margin)\">\n<div class=\"[--thread-content-max-width:40rem] @w-lg\/main:[--thread-content-max-width:48rem] mx-auto max-w-(--thread-content-max-width) flex-1 group\/turn-messages focus-visible:outline-hidden relative flex w-full min-w-0 flex-col agent-turn\" tabindex=\"-1\">\n<div class=\"flex max-w-full flex-col grow\">\n<div class=\"min-h-8 text-message relative flex w-full flex-col items-end gap-2 text-start break-words whitespace-normal [.text-message+&amp;]:mt-1\" dir=\"auto\" data-message-author-role=\"assistant\" data-message-id=\"636ffcdb-0211-455c-9f01-b3b5f95e356a\" data-message-model-slug=\"gpt-5-2\">\n<div class=\"flex w-full flex-col gap-1 empty:hidden first:pt-[1px]\">\n<div class=\"markdown prose dark:prose-invert w-full wrap-break-word dark markdown-new-styling\">\n<p data-start=\"0\" data-end=\"2505\" data-is-last-node=\"\" data-is-only-node=\"\">Zinc Sulfate (\u00c7inko S\u00fclfat) kozmetikte ve cilt\/sa\u00e7 bak\u0131m \u00fcr\u00fcnlerinde \u00e7inko kayna\u011f\u0131 olarak serumlar, kremler ve \u015fampuanlarda kullan\u0131l\u0131r; sebum \u00fcretimini d\u00fczenlemeye yard\u0131mc\u0131 olur, antibakteriyel etki g\u00f6sterir ve cilt ile sa\u00e7 sa\u011fl\u0131\u011f\u0131n\u0131 destekler. \u00d6zellikle hafif akne problemleri, ya\u011fl\u0131 sa\u00e7 derisi, kepek ve hafif cilt iltihaplar\u0131nda tercih edilir. Fazla ya\u011flanmay\u0131 azalt\u0131r, sivilce ve kepek olu\u015fumunu bask\u0131lar, cilt iyile\u015fmesini ve yenilenmesini desteklerken sa\u00e7 sa\u011fl\u0131\u011f\u0131 ve b\u00fcy\u00fcmesine katk\u0131 sa\u011flar. Kullan\u0131m oran\u0131 \u00fcr\u00fcn tipine ve hedefe ba\u011fl\u0131 olarak genellikle %0.5 \u2013 2 aras\u0131ndad\u0131r. Su faz\u0131nda tamamen \u00e7\u00f6z\u00fclerek form\u00fclasyona eklenir, so\u011fuk veya \u0131l\u0131k fazda kullan\u0131labilir ve homojen da\u011f\u0131l\u0131m sa\u011flanana kadar iyi kar\u0131\u015ft\u0131r\u0131lmal\u0131d\u0131r. \u00d6nerilen konsantrasyonlarda topikal kullan\u0131m i\u00e7in g\u00fcvenlidir, hassas ciltlerde hafif tahri\u015f yapabilir ve \u00fcr\u00fcn kalitesini korumak i\u00e7in nemden ve y\u00fcksek \u0131s\u0131dan uzak saklanmal\u0131d\u0131r.<\/p>\n<\/div>\n<\/div>\n<\/div>\n<\/div>\n<\/div>\n<\/div>\n<\/article>\n<\/div>\n","protected":false},"excerpt":{"rendered":"<p>&#8230;<\/p>\n","protected":false},"featured_media":7527,"comment_status":"closed","ping_status":"closed","template":"","meta":[],"etheme_brands":[],"product_brand":[],"product_cat":[259],"product_tag":[],"class_list":{"0":"post-7522","1":"product","2":"type-product","3":"status-publish","4":"has-post-thumbnail","6":"product_cat-ham-maddeler","8":"first","9":"instock","10":"taxable","11":"shipping-taxable","12":"purchasable","13":"product-type-variable"},"_links":{"self":[{"href":"https:\/\/kimyasalevi.com\/en\/wp-json\/wp\/v2\/product\/7522","targetHints":{"allow":["GET"]}}],"collection":[{"href":"https:\/\/kimyasalevi.com\/en\/wp-json\/wp\/v2\/product"}],"about":[{"href":"https:\/\/kimyasalevi.com\/en\/wp-json\/wp\/v2\/types\/product"}],"replies":[{"embeddable":true,"href":"https:\/\/kimyasalevi.com\/en\/wp-json\/wp\/v2\/comments?post=7522"}],"version-history":[{"count":1,"href":"https:\/\/kimyasalevi.com\/en\/wp-json\/wp\/v2\/product\/7522\/revisions"}],"predecessor-version":[{"id":7528,"href":"https:\/\/kimyasalevi.com\/en\/wp-json\/wp\/v2\/product\/7522\/revisions\/7528"}],"wp:featuredmedia":[{"embeddable":true,"href":"https:\/\/kimyasalevi.com\/en\/wp-json\/wp\/v2\/media\/7527"}],"wp:attachment":[{"href":"https:\/\/kimyasalevi.com\/en\/wp-json\/wp\/v2\/media?parent=7522"}],"wp:term":[{"taxonomy":"brand","embeddable":true,"href":"https:\/\/kimyasalevi.com\/en\/wp-json\/wp\/v2\/etheme_brands?post=7522"},{"taxonomy":"product_brand","embeddable":true,"href":"https:\/\/kimyasalevi.com\/en\/wp-json\/wp\/v2\/product_brand?post=7522"},{"taxonomy":"product_cat","embeddable":true,"href":"https:\/\/kimyasalevi.com\/en\/wp-json\/wp\/v2\/product_cat?post=7522"},{"taxonomy":"product_tag","embeddable":true,"href":"https:\/\/kimyasalevi.com\/en\/wp-json\/wp\/v2\/product_tag?post=7522"}],"curies":[{"name":"wp","href":"https:\/\/api.w.org\/{rel}","templated":true}]}}