{"id":7592,"date":"2026-03-06T11:19:35","date_gmt":"2026-03-06T11:19:35","guid":{"rendered":"https:\/\/kimyasalevi.com\/?post_type=product&#038;p=7592"},"modified":"2026-04-03T10:04:08","modified_gmt":"2026-04-03T10:04:08","slug":"rosemary-extract-biberiye-ozu","status":"publish","type":"product","link":"https:\/\/kimyasalevi.com\/en\/product\/rosemary-extract-biberiye-ozu\/","title":{"rendered":"Rosemary extract \u2014 Biberiye \u00f6z\u00fc"},"content":{"rendered":"<p>Biberiye Ekstresi (Rosemary Extract) kozmetik ve ki\u015fisel bak\u0131m \u00fcr\u00fcnlerinde s\u0131kl\u0131kla kullan\u0131lan aromatik bitki \u00f6zlerinden biridir. Antioksidan \u00f6zellikleri sayesinde cildi serbest radikallere kar\u015f\u0131 korumaya yard\u0131mc\u0131 olur ve cilt bak\u0131m \u00fcr\u00fcnlerinde ya\u015flanma kar\u015f\u0131t\u0131 destekleyici bir bile\u015fen olarak tercih edilir. Ayn\u0131 zamanda cildi canland\u0131rmaya ve daha sa\u011fl\u0131kl\u0131 bir g\u00f6r\u00fcn\u00fcm kazanmas\u0131na katk\u0131 sa\u011flar. Sa\u00e7 bak\u0131m \u00fcr\u00fcnlerinde ise \u00f6zellikle sa\u00e7 derisini destekleyici etkisiyle bilinir. Sa\u00e7 k\u00f6klerini uyararak sa\u00e7\u0131n daha g\u00fc\u00e7l\u00fc ve canl\u0131 g\u00f6r\u00fcnmesine yard\u0131mc\u0131 olabilir. Bu nedenle \u015fampuanlar, sa\u00e7 tonikleri, sa\u00e7 serumlar\u0131 ve sa\u00e7 d\u00f6k\u00fclmesine kar\u015f\u0131 geli\u015ftirilen \u00fcr\u00fcnlerde yayg\u0131n \u015fekilde kullan\u0131l\u0131r. Kozmetik form\u00fclasyonlarda ayr\u0131ca y\u00fcz tonikleri, temizleyiciler, kremler ve do\u011fal bak\u0131m \u00fcr\u00fcnlerinde de yer al\u0131r. \u00dcr\u00fcne hafif bitkisel bir aroma katmas\u0131n\u0131n yan\u0131 s\u0131ra form\u00fcl\u00fcn stabilitesine katk\u0131da bulunabilen do\u011fal antioksidan bile\u015fenler i\u00e7erir.<\/p>\n","protected":false},"excerpt":{"rendered":"<p>&#8230;<\/p>\n","protected":false},"featured_media":7583,"comment_status":"closed","ping_status":"closed","template":"","meta":[],"etheme_brands":[],"product_brand":[],"product_cat":[275],"product_tag":[],"class_list":{"0":"post-7592","1":"product","2":"type-product","3":"status-publish","4":"has-post-thumbnail","6":"product_cat-bitkisel-ekstraktlar","8":"first","9":"instock","10":"taxable","11":"shipping-taxable","12":"purchasable","13":"product-type-variable","14":"has-default-attributes"},"_links":{"self":[{"href":"https:\/\/kimyasalevi.com\/en\/wp-json\/wp\/v2\/product\/7592","targetHints":{"allow":["GET"]}}],"collection":[{"href":"https:\/\/kimyasalevi.com\/en\/wp-json\/wp\/v2\/product"}],"about":[{"href":"https:\/\/kimyasalevi.com\/en\/wp-json\/wp\/v2\/types\/product"}],"replies":[{"embeddable":true,"href":"https:\/\/kimyasalevi.com\/en\/wp-json\/wp\/v2\/comments?post=7592"}],"version-history":[{"count":1,"href":"https:\/\/kimyasalevi.com\/en\/wp-json\/wp\/v2\/product\/7592\/revisions"}],"predecessor-version":[{"id":7595,"href":"https:\/\/kimyasalevi.com\/en\/wp-json\/wp\/v2\/product\/7592\/revisions\/7595"}],"wp:featuredmedia":[{"embeddable":true,"href":"https:\/\/kimyasalevi.com\/en\/wp-json\/wp\/v2\/media\/7583"}],"wp:attachment":[{"href":"https:\/\/kimyasalevi.com\/en\/wp-json\/wp\/v2\/media?parent=7592"}],"wp:term":[{"taxonomy":"brand","embeddable":true,"href":"https:\/\/kimyasalevi.com\/en\/wp-json\/wp\/v2\/etheme_brands?post=7592"},{"taxonomy":"product_brand","embeddable":true,"href":"https:\/\/kimyasalevi.com\/en\/wp-json\/wp\/v2\/product_brand?post=7592"},{"taxonomy":"product_cat","embeddable":true,"href":"https:\/\/kimyasalevi.com\/en\/wp-json\/wp\/v2\/product_cat?post=7592"},{"taxonomy":"product_tag","embeddable":true,"href":"https:\/\/kimyasalevi.com\/en\/wp-json\/wp\/v2\/product_tag?post=7592"}],"curies":[{"name":"wp","href":"https:\/\/api.w.org\/{rel}","templated":true}]}}