{"id":7600,"date":"2026-03-06T11:33:49","date_gmt":"2026-03-06T11:33:49","guid":{"rendered":"https:\/\/kimyasalevi.com\/?post_type=product&#038;p=7600"},"modified":"2026-04-03T10:04:34","modified_gmt":"2026-04-03T10:04:34","slug":"lemon-extract-limon-ozu","status":"publish","type":"product","link":"https:\/\/kimyasalevi.com\/en\/product\/lemon-extract-limon-ozu\/","title":{"rendered":"Lemon extract \u2014 Limon \u00f6z\u00fc"},"content":{"rendered":"<p>Limon Ekstresi kozmetik ve ki\u015fisel bak\u0131m \u00fcr\u00fcnlerinde s\u0131k kullan\u0131lan do\u011fal bitki \u00f6zlerinden biridir. \u0130\u00e7eri\u011finde bulunan do\u011fal meyve asitleri ve antioksidan bile\u015fenler sayesinde cildi canland\u0131rmaya, ayd\u0131nlatmaya ve daha taze bir g\u00f6r\u00fcn\u00fcm kazand\u0131rmaya yard\u0131mc\u0131 olur. \u00d6zellikle ya\u011fl\u0131 ve karma ciltler i\u00e7in geli\u015ftirilen \u00fcr\u00fcnlerde tercih edilir \u00e7\u00fcnk\u00fc ciltteki fazla ya\u011f\u0131 dengelemeye ve g\u00f6zeneklerin daha temiz g\u00f6r\u00fcnmesine katk\u0131 sa\u011flayabilir. Limon ekstrakt\u0131 ayn\u0131 zamanda cilt tonunu e\u015fitlemeye yard\u0131mc\u0131 olabilecek \u00f6zelliklere sahiptir ve bu nedenle ayd\u0131nlat\u0131c\u0131 serumlar, tonikler, peeling \u00fcr\u00fcnleri ve y\u00fcz temizleyicilerinde s\u0131kl\u0131kla kullan\u0131l\u0131r. Kozmetik form\u00fclasyonlarda ayr\u0131ca v\u00fccut bak\u0131m \u00fcr\u00fcnleri, sabunlar ve do\u011fal bak\u0131m \u00fcr\u00fcnlerinde de yer al\u0131r. Sa\u00e7 bak\u0131m \u00fcr\u00fcnlerinde ise sa\u00e7 derisini ferahlatmaya yard\u0131mc\u0131 olabilir ve sa\u00e7\u0131n daha parlak g\u00f6r\u00fcnmesine katk\u0131 sa\u011flayabilir. Ayn\u0131 zamanda \u00fcr\u00fcne hafif ve taze bir narenciye aromas\u0131 kazand\u0131r\u0131r.<\/p>\n","protected":false},"excerpt":{"rendered":"<p>&#8230;<\/p>\n","protected":false},"featured_media":7581,"comment_status":"closed","ping_status":"closed","template":"","meta":[],"etheme_brands":[],"product_brand":[],"product_cat":[275],"product_tag":[],"class_list":{"0":"post-7600","1":"product","2":"type-product","3":"status-publish","4":"has-post-thumbnail","6":"product_cat-bitkisel-ekstraktlar","8":"first","9":"instock","10":"taxable","11":"shipping-taxable","12":"purchasable","13":"product-type-variable","14":"has-default-attributes"},"_links":{"self":[{"href":"https:\/\/kimyasalevi.com\/en\/wp-json\/wp\/v2\/product\/7600","targetHints":{"allow":["GET"]}}],"collection":[{"href":"https:\/\/kimyasalevi.com\/en\/wp-json\/wp\/v2\/product"}],"about":[{"href":"https:\/\/kimyasalevi.com\/en\/wp-json\/wp\/v2\/types\/product"}],"replies":[{"embeddable":true,"href":"https:\/\/kimyasalevi.com\/en\/wp-json\/wp\/v2\/comments?post=7600"}],"version-history":[{"count":1,"href":"https:\/\/kimyasalevi.com\/en\/wp-json\/wp\/v2\/product\/7600\/revisions"}],"predecessor-version":[{"id":7602,"href":"https:\/\/kimyasalevi.com\/en\/wp-json\/wp\/v2\/product\/7600\/revisions\/7602"}],"wp:featuredmedia":[{"embeddable":true,"href":"https:\/\/kimyasalevi.com\/en\/wp-json\/wp\/v2\/media\/7581"}],"wp:attachment":[{"href":"https:\/\/kimyasalevi.com\/en\/wp-json\/wp\/v2\/media?parent=7600"}],"wp:term":[{"taxonomy":"brand","embeddable":true,"href":"https:\/\/kimyasalevi.com\/en\/wp-json\/wp\/v2\/etheme_brands?post=7600"},{"taxonomy":"product_brand","embeddable":true,"href":"https:\/\/kimyasalevi.com\/en\/wp-json\/wp\/v2\/product_brand?post=7600"},{"taxonomy":"product_cat","embeddable":true,"href":"https:\/\/kimyasalevi.com\/en\/wp-json\/wp\/v2\/product_cat?post=7600"},{"taxonomy":"product_tag","embeddable":true,"href":"https:\/\/kimyasalevi.com\/en\/wp-json\/wp\/v2\/product_tag?post=7600"}],"curies":[{"name":"wp","href":"https:\/\/api.w.org\/{rel}","templated":true}]}}