{"id":7606,"date":"2026-03-06T11:43:22","date_gmt":"2026-03-06T11:43:22","guid":{"rendered":"https:\/\/kimyasalevi.com\/?post_type=product&#038;p=7606"},"modified":"2026-04-03T10:04:34","modified_gmt":"2026-04-03T10:04:34","slug":"green-tea-extract-yesil-cay-ozu","status":"publish","type":"product","link":"https:\/\/kimyasalevi.com\/en\/product\/green-tea-extract-yesil-cay-ozu\/","title":{"rendered":"Green tea extract \u2014 Ye\u015fil \u00e7ay \u00f6z\u00fc"},"content":{"rendered":"<p>Ye\u015fil \u00c7ay Ekstresi kozmetik ve ki\u015fisel bak\u0131m \u00fcr\u00fcnlerinde olduk\u00e7a de\u011ferli bir bitkisel bile\u015fen olarak kullan\u0131l\u0131r. G\u00fc\u00e7l\u00fc antioksidan i\u00e7eri\u011fi sayesinde cildi serbest radikallere kar\u015f\u0131 korumaya yard\u0131mc\u0131 olur ve cilt bak\u0131m \u00fcr\u00fcnlerinde ya\u015flanma kar\u015f\u0131t\u0131 destekleyici bir i\u00e7erik olarak tercih edilir. \u0130\u00e7eri\u011finde bulunan polifenoller ve do\u011fal aktif maddeler cildin daha canl\u0131 ve sa\u011fl\u0131kl\u0131 g\u00f6r\u00fcnmesine katk\u0131 sa\u011flayabilir. Ayn\u0131 zamanda ciltteki fazla ya\u011f\u0131 dengelemeye yard\u0131mc\u0131 olabilece\u011fi i\u00e7in \u00f6zellikle ya\u011fl\u0131 ve akneye e\u011filimli ciltler i\u00e7in geli\u015ftirilen \u00fcr\u00fcnlerde yayg\u0131n olarak kullan\u0131l\u0131r. G\u00f6zenek g\u00f6r\u00fcn\u00fcm\u00fcn\u00fc iyile\u015ftirmeye ve cildi ar\u0131nd\u0131rmaya destek olabilir. Bu nedenle serumlar, y\u00fcz kremleri, tonikler, maskeler, y\u00fcz temizleyiciler ve g\u00f6z \u00e7evresi bak\u0131m \u00fcr\u00fcnlerinde s\u0131k\u00e7a yer al\u0131r. Sa\u00e7 bak\u0131m \u00fcr\u00fcnlerinde ise sa\u00e7 derisini ferahlatmaya ve sa\u00e7\u0131n daha sa\u011fl\u0131kl\u0131 g\u00f6r\u00fcnmesine yard\u0131mc\u0131 olabilir. Kozmetik form\u00fclasyonlara genellikle bitkisel ekstrakt veya konsantre formda eklenir ve \u00fcr\u00fcn\u00fcn antioksidan ve bak\u0131m etkisini g\u00fc\u00e7lendirmek amac\u0131yla tercih edilir.<\/p>\n","protected":false},"excerpt":{"rendered":"<p>&#8230;<\/p>\n","protected":false},"featured_media":7579,"comment_status":"closed","ping_status":"closed","template":"","meta":[],"etheme_brands":[],"product_brand":[],"product_cat":[275],"product_tag":[],"class_list":{"0":"post-7606","1":"product","2":"type-product","3":"status-publish","4":"has-post-thumbnail","6":"product_cat-bitkisel-ekstraktlar","8":"first","9":"instock","10":"taxable","11":"shipping-taxable","12":"purchasable","13":"product-type-variable"},"_links":{"self":[{"href":"https:\/\/kimyasalevi.com\/en\/wp-json\/wp\/v2\/product\/7606","targetHints":{"allow":["GET"]}}],"collection":[{"href":"https:\/\/kimyasalevi.com\/en\/wp-json\/wp\/v2\/product"}],"about":[{"href":"https:\/\/kimyasalevi.com\/en\/wp-json\/wp\/v2\/types\/product"}],"replies":[{"embeddable":true,"href":"https:\/\/kimyasalevi.com\/en\/wp-json\/wp\/v2\/comments?post=7606"}],"version-history":[{"count":1,"href":"https:\/\/kimyasalevi.com\/en\/wp-json\/wp\/v2\/product\/7606\/revisions"}],"predecessor-version":[{"id":7608,"href":"https:\/\/kimyasalevi.com\/en\/wp-json\/wp\/v2\/product\/7606\/revisions\/7608"}],"wp:featuredmedia":[{"embeddable":true,"href":"https:\/\/kimyasalevi.com\/en\/wp-json\/wp\/v2\/media\/7579"}],"wp:attachment":[{"href":"https:\/\/kimyasalevi.com\/en\/wp-json\/wp\/v2\/media?parent=7606"}],"wp:term":[{"taxonomy":"brand","embeddable":true,"href":"https:\/\/kimyasalevi.com\/en\/wp-json\/wp\/v2\/etheme_brands?post=7606"},{"taxonomy":"product_brand","embeddable":true,"href":"https:\/\/kimyasalevi.com\/en\/wp-json\/wp\/v2\/product_brand?post=7606"},{"taxonomy":"product_cat","embeddable":true,"href":"https:\/\/kimyasalevi.com\/en\/wp-json\/wp\/v2\/product_cat?post=7606"},{"taxonomy":"product_tag","embeddable":true,"href":"https:\/\/kimyasalevi.com\/en\/wp-json\/wp\/v2\/product_tag?post=7606"}],"curies":[{"name":"wp","href":"https:\/\/api.w.org\/{rel}","templated":true}]}}