{"id":7612,"date":"2026-03-06T12:02:39","date_gmt":"2026-03-06T12:02:39","guid":{"rendered":"https:\/\/kimyasalevi.com\/?post_type=product&#038;p=7612"},"modified":"2026-04-03T10:04:56","modified_gmt":"2026-04-03T10:04:56","slug":"corek-otu-yagi-black-seed-oil-nigella-oil","status":"publish","type":"product","link":"https:\/\/kimyasalevi.com\/en\/product\/corek-otu-yagi-black-seed-oil-nigella-oil\/","title":{"rendered":"\u00c7\u00f6rek otu ya\u011f\u0131 \u2014 Black Seed Oil (Nigella Oil)"},"content":{"rendered":"<p>\u00c7\u00f6rek Otu Ya\u011f\u0131 (Nigella Sativa Oil) kozmetik ve ki\u015fisel bak\u0131m \u00fcr\u00fcnlerinde olduk\u00e7a de\u011ferli bir bitkisel ya\u011f olarak kullan\u0131l\u0131r. \u0130\u00e7eri\u011finde bulunan do\u011fal ya\u011f asitleri, vitaminler ve antioksidan bile\u015fenler sayesinde cildi beslemeye ve korumaya yard\u0131mc\u0131 olur. \u00d6zellikle kuru, hassas veya tahri\u015f olmu\u015f ciltler i\u00e7in geli\u015ftirilen \u00fcr\u00fcnlerde tercih edilir \u00e7\u00fcnk\u00fc cildin nem dengesini destekleyebilir ve cildi yumu\u015fatmaya yard\u0131mc\u0131 olabilir. Ayn\u0131 zamanda ciltteki k\u0131zar\u0131kl\u0131k ve tahri\u015fin yat\u0131\u015ft\u0131r\u0131lmas\u0131na katk\u0131 sa\u011flayabilir. Bu nedenle y\u00fcz ya\u011flar\u0131, serumlar, kremler ve do\u011fal bak\u0131m \u00fcr\u00fcnlerinde s\u0131k\u00e7a kullan\u0131l\u0131r. Sa\u00e7 bak\u0131m \u00fcr\u00fcnlerinde ise sa\u00e7 derisini beslemeye yard\u0131mc\u0131 olur ve sa\u00e7\u0131n daha g\u00fc\u00e7l\u00fc, parlak ve sa\u011fl\u0131kl\u0131 g\u00f6r\u00fcnmesine katk\u0131 sa\u011flayabilir. Bu nedenle sa\u00e7 ya\u011flar\u0131, sa\u00e7 serumlar\u0131, maskeler ve bak\u0131m k\u00fcrlerinde yayg\u0131n olarak kullan\u0131l\u0131r. Kozmetik form\u00fclasyonlarda genellikle saf bitkisel ya\u011f veya aromatik ya\u011f formunda eklenerek \u00fcr\u00fcn\u00fcn besleyici ve bak\u0131m etkisini art\u0131rmak amac\u0131yla tercih edilir.<\/p>\n","protected":false},"excerpt":{"rendered":"<p>&#8230;<\/p>\n","protected":false},"featured_media":7644,"comment_status":"closed","ping_status":"closed","template":"","meta":[],"etheme_brands":[],"product_brand":[],"product_cat":[264],"product_tag":[],"class_list":{"0":"post-7612","1":"product","2":"type-product","3":"status-publish","4":"has-post-thumbnail","6":"product_cat-ucucu-yaglar","8":"first","9":"instock","10":"taxable","11":"shipping-taxable","12":"purchasable","13":"product-type-variable","14":"has-default-attributes"},"_links":{"self":[{"href":"https:\/\/kimyasalevi.com\/en\/wp-json\/wp\/v2\/product\/7612","targetHints":{"allow":["GET"]}}],"collection":[{"href":"https:\/\/kimyasalevi.com\/en\/wp-json\/wp\/v2\/product"}],"about":[{"href":"https:\/\/kimyasalevi.com\/en\/wp-json\/wp\/v2\/types\/product"}],"replies":[{"embeddable":true,"href":"https:\/\/kimyasalevi.com\/en\/wp-json\/wp\/v2\/comments?post=7612"}],"version-history":[{"count":1,"href":"https:\/\/kimyasalevi.com\/en\/wp-json\/wp\/v2\/product\/7612\/revisions"}],"predecessor-version":[{"id":7645,"href":"https:\/\/kimyasalevi.com\/en\/wp-json\/wp\/v2\/product\/7612\/revisions\/7645"}],"wp:featuredmedia":[{"embeddable":true,"href":"https:\/\/kimyasalevi.com\/en\/wp-json\/wp\/v2\/media\/7644"}],"wp:attachment":[{"href":"https:\/\/kimyasalevi.com\/en\/wp-json\/wp\/v2\/media?parent=7612"}],"wp:term":[{"taxonomy":"brand","embeddable":true,"href":"https:\/\/kimyasalevi.com\/en\/wp-json\/wp\/v2\/etheme_brands?post=7612"},{"taxonomy":"product_brand","embeddable":true,"href":"https:\/\/kimyasalevi.com\/en\/wp-json\/wp\/v2\/product_brand?post=7612"},{"taxonomy":"product_cat","embeddable":true,"href":"https:\/\/kimyasalevi.com\/en\/wp-json\/wp\/v2\/product_cat?post=7612"},{"taxonomy":"product_tag","embeddable":true,"href":"https:\/\/kimyasalevi.com\/en\/wp-json\/wp\/v2\/product_tag?post=7612"}],"curies":[{"name":"wp","href":"https:\/\/api.w.org\/{rel}","templated":true}]}}