{"id":7646,"date":"2026-03-06T12:10:55","date_gmt":"2026-03-06T12:10:55","guid":{"rendered":"https:\/\/kimyasalevi.com\/?post_type=product&#038;p=7646"},"modified":"2026-04-03T10:04:56","modified_gmt":"2026-04-03T10:04:56","slug":"ceviz-yagi-walnut-oil","status":"publish","type":"product","link":"https:\/\/kimyasalevi.com\/en\/product\/ceviz-yagi-walnut-oil\/","title":{"rendered":"Ceviz ya\u011f\u0131 \u2014 Walnut Oil"},"content":{"rendered":"<p>Ceviz Ya\u011f\u0131 kozmetik ve ki\u015fisel bak\u0131m \u00fcr\u00fcnlerinde kullan\u0131lan besleyici bitkisel ya\u011flardan biridir. \u0130\u00e7eri\u011finde bulunan omega ya\u011f asitleri, vitaminler ve antioksidan bile\u015fenler sayesinde cildi beslemeye ve korumaya yard\u0131mc\u0131 olur. \u00d6zellikle kuru ve y\u0131pranm\u0131\u015f ciltler i\u00e7in geli\u015ftirilen \u00fcr\u00fcnlerde tercih edilir \u00e7\u00fcnk\u00fc cildin nem dengesini destekler ve cilde daha yumu\u015fak bir his kazand\u0131r\u0131r. Ayn\u0131 zamanda cilt bak\u0131m \u00fcr\u00fcnlerinde cildin daha sa\u011fl\u0131kl\u0131 ve canl\u0131 g\u00f6r\u00fcnmesine katk\u0131da bulunabilir. Bu nedenle y\u00fcz ya\u011flar\u0131, nemlendirici kremler, serumlar ve do\u011fal bak\u0131m \u00fcr\u00fcnlerinde s\u0131k\u00e7a kullan\u0131l\u0131r. Sa\u00e7 bak\u0131m \u00fcr\u00fcnlerinde ise sa\u00e7\u0131n beslenmesine yard\u0131mc\u0131 olabilir, sa\u00e7 tellerini g\u00fc\u00e7lendirmeye ve sa\u00e7\u0131n daha parlak g\u00f6r\u00fcnmesine katk\u0131 sa\u011flayabilir. Bu y\u00fczden sa\u00e7 ya\u011flar\u0131, sa\u00e7 maskeleri ve bak\u0131m serumlar\u0131nda da yer al\u0131r. Kozmetik form\u00fclasyonlarda genellikle bitkisel ya\u011f formunda kullan\u0131larak \u00fcr\u00fcn\u00fcn besleyici ve yumu\u015fat\u0131c\u0131 \u00f6zelliklerini art\u0131rmak amac\u0131yla tercih edilir.<\/p>\n","protected":false},"excerpt":{"rendered":"<p>&#8230;<\/p>\n","protected":false},"featured_media":7643,"comment_status":"closed","ping_status":"closed","template":"","meta":[],"etheme_brands":[],"product_brand":[],"product_cat":[264],"product_tag":[],"class_list":{"0":"post-7646","1":"product","2":"type-product","3":"status-publish","4":"has-post-thumbnail","6":"product_cat-ucucu-yaglar","8":"first","9":"instock","10":"taxable","11":"shipping-taxable","12":"purchasable","13":"product-type-variable","14":"has-default-attributes"},"_links":{"self":[{"href":"https:\/\/kimyasalevi.com\/en\/wp-json\/wp\/v2\/product\/7646","targetHints":{"allow":["GET"]}}],"collection":[{"href":"https:\/\/kimyasalevi.com\/en\/wp-json\/wp\/v2\/product"}],"about":[{"href":"https:\/\/kimyasalevi.com\/en\/wp-json\/wp\/v2\/types\/product"}],"replies":[{"embeddable":true,"href":"https:\/\/kimyasalevi.com\/en\/wp-json\/wp\/v2\/comments?post=7646"}],"version-history":[{"count":1,"href":"https:\/\/kimyasalevi.com\/en\/wp-json\/wp\/v2\/product\/7646\/revisions"}],"predecessor-version":[{"id":7648,"href":"https:\/\/kimyasalevi.com\/en\/wp-json\/wp\/v2\/product\/7646\/revisions\/7648"}],"wp:featuredmedia":[{"embeddable":true,"href":"https:\/\/kimyasalevi.com\/en\/wp-json\/wp\/v2\/media\/7643"}],"wp:attachment":[{"href":"https:\/\/kimyasalevi.com\/en\/wp-json\/wp\/v2\/media?parent=7646"}],"wp:term":[{"taxonomy":"brand","embeddable":true,"href":"https:\/\/kimyasalevi.com\/en\/wp-json\/wp\/v2\/etheme_brands?post=7646"},{"taxonomy":"product_brand","embeddable":true,"href":"https:\/\/kimyasalevi.com\/en\/wp-json\/wp\/v2\/product_brand?post=7646"},{"taxonomy":"product_cat","embeddable":true,"href":"https:\/\/kimyasalevi.com\/en\/wp-json\/wp\/v2\/product_cat?post=7646"},{"taxonomy":"product_tag","embeddable":true,"href":"https:\/\/kimyasalevi.com\/en\/wp-json\/wp\/v2\/product_tag?post=7646"}],"curies":[{"name":"wp","href":"https:\/\/api.w.org\/{rel}","templated":true}]}}