{"id":7655,"date":"2026-03-10T05:53:42","date_gmt":"2026-03-10T05:53:42","guid":{"rendered":"https:\/\/kimyasalevi.com\/?post_type=product&#038;p=7655"},"modified":"2026-04-03T10:04:56","modified_gmt":"2026-04-03T10:04:56","slug":"hint-yagi-castor-oil","status":"publish","type":"product","link":"https:\/\/kimyasalevi.com\/en\/product\/hint-yagi-castor-oil\/","title":{"rendered":"Hint ya\u011f\u0131 \u2014 Castor Oil"},"content":{"rendered":"<p>Hint Ya\u011f\u0131 (Castor Oil) kozmetik ve ki\u015fisel bak\u0131m \u00fcr\u00fcnlerinde olduk\u00e7a yayg\u0131n kullan\u0131lan bitkisel ya\u011flardan biridir. \u0130\u00e7eri\u011finde bulunan y\u00fcksek orandaki ricinoleik asit sayesinde g\u00fc\u00e7l\u00fc nemlendirici ve besleyici \u00f6zelliklere sahiptir. Cilt bak\u0131m \u00fcr\u00fcnlerinde cildi yumu\u015fatmaya, nem dengesini desteklemeye ve cildin daha p\u00fcr\u00fczs\u00fcz g\u00f6r\u00fcnmesine yard\u0131mc\u0131 olabilir. Bu nedenle y\u00fcz ya\u011flar\u0131, kremler, dudak bak\u0131m \u00fcr\u00fcnleri, sabunlar ve do\u011fal kozmetik form\u00fclasyonlar\u0131nda s\u0131k\u00e7a kullan\u0131l\u0131r. Ayn\u0131 zamanda kirpik ve ka\u015f bak\u0131m \u00fcr\u00fcnlerinde de tercih edilir \u00e7\u00fcnk\u00fc k\u0131l k\u00f6klerini beslemeye ve daha g\u00fc\u00e7l\u00fc g\u00f6r\u00fcnmelerine katk\u0131 sa\u011flayabilir. Sa\u00e7 bak\u0131m \u00fcr\u00fcnlerinde ise sa\u00e7 tellerini beslemeye yard\u0131mc\u0131 olur, sa\u00e7\u0131n daha parlak ve g\u00fc\u00e7l\u00fc g\u00f6r\u00fcnmesine katk\u0131da bulunabilir. Bu nedenle sa\u00e7 ya\u011flar\u0131, sa\u00e7 maskeleri ve bak\u0131m serumlar\u0131nda yayg\u0131n olarak kullan\u0131l\u0131r. Kozmetik form\u00fclasyonlarda genellikle bitkisel ya\u011f olarak eklenir ve \u00fcr\u00fcn\u00fcn nemlendirici ve yumu\u015fat\u0131c\u0131 \u00f6zelliklerini art\u0131rmak amac\u0131yla tercih edilir.<\/p>\n","protected":false},"excerpt":{"rendered":"<p>&#8230;<\/p>\n","protected":false},"featured_media":7642,"comment_status":"closed","ping_status":"closed","template":"","meta":[],"etheme_brands":[],"product_brand":[],"product_cat":[264],"product_tag":[],"class_list":{"0":"post-7655","1":"product","2":"type-product","3":"status-publish","4":"has-post-thumbnail","6":"product_cat-ucucu-yaglar","8":"first","9":"instock","10":"taxable","11":"shipping-taxable","12":"purchasable","13":"product-type-variable","14":"has-default-attributes"},"_links":{"self":[{"href":"https:\/\/kimyasalevi.com\/en\/wp-json\/wp\/v2\/product\/7655","targetHints":{"allow":["GET"]}}],"collection":[{"href":"https:\/\/kimyasalevi.com\/en\/wp-json\/wp\/v2\/product"}],"about":[{"href":"https:\/\/kimyasalevi.com\/en\/wp-json\/wp\/v2\/types\/product"}],"replies":[{"embeddable":true,"href":"https:\/\/kimyasalevi.com\/en\/wp-json\/wp\/v2\/comments?post=7655"}],"version-history":[{"count":1,"href":"https:\/\/kimyasalevi.com\/en\/wp-json\/wp\/v2\/product\/7655\/revisions"}],"predecessor-version":[{"id":7657,"href":"https:\/\/kimyasalevi.com\/en\/wp-json\/wp\/v2\/product\/7655\/revisions\/7657"}],"wp:featuredmedia":[{"embeddable":true,"href":"https:\/\/kimyasalevi.com\/en\/wp-json\/wp\/v2\/media\/7642"}],"wp:attachment":[{"href":"https:\/\/kimyasalevi.com\/en\/wp-json\/wp\/v2\/media?parent=7655"}],"wp:term":[{"taxonomy":"brand","embeddable":true,"href":"https:\/\/kimyasalevi.com\/en\/wp-json\/wp\/v2\/etheme_brands?post=7655"},{"taxonomy":"product_brand","embeddable":true,"href":"https:\/\/kimyasalevi.com\/en\/wp-json\/wp\/v2\/product_brand?post=7655"},{"taxonomy":"product_cat","embeddable":true,"href":"https:\/\/kimyasalevi.com\/en\/wp-json\/wp\/v2\/product_cat?post=7655"},{"taxonomy":"product_tag","embeddable":true,"href":"https:\/\/kimyasalevi.com\/en\/wp-json\/wp\/v2\/product_tag?post=7655"}],"curies":[{"name":"wp","href":"https:\/\/api.w.org\/{rel}","templated":true}]}}