{"id":7658,"date":"2026-03-10T06:34:19","date_gmt":"2026-03-10T06:34:19","guid":{"rendered":"https:\/\/kimyasalevi.com\/?post_type=product&#038;p=7658"},"modified":"2026-04-03T10:04:56","modified_gmt":"2026-04-03T10:04:56","slug":"tatli-badem-yagi-sweet-almond-oil","status":"publish","type":"product","link":"https:\/\/kimyasalevi.com\/en\/product\/tatli-badem-yagi-sweet-almond-oil\/","title":{"rendered":"Tatl\u0131 badem ya\u011f\u0131 \u2014 Sweet Almond Oil"},"content":{"rendered":"<p>Tatl\u0131 Badem Ya\u011f\u0131 (Sweet Almond Oil) kozmetik ve ki\u015fisel bak\u0131m \u00fcr\u00fcnlerinde en yayg\u0131n kullan\u0131lan bitkisel ya\u011flardan biridir. \u0130\u00e7eri\u011finde bulunan E vitamini, ya\u011f asitleri ve do\u011fal besleyici bile\u015fenler sayesinde cildi nemlendirmeye, yumu\u015fatmaya ve beslemeye yard\u0131mc\u0131 olur. \u00d6zellikle kuru ve hassas ciltler i\u00e7in geli\u015ftirilen \u00fcr\u00fcnlerde tercih edilir \u00e7\u00fcnk\u00fc cildin nem dengesini destekler ve daha p\u00fcr\u00fczs\u00fcz bir g\u00f6r\u00fcn\u00fcm kazanmas\u0131na katk\u0131 sa\u011flar. Cilt bak\u0131m \u00fcr\u00fcnlerinde cildin esnekli\u011fini destekleyebilir ve cilde sa\u011fl\u0131kl\u0131 bir parlakl\u0131k kazand\u0131rabilir. Bu nedenle y\u00fcz ya\u011flar\u0131, v\u00fccut losyonlar\u0131, masaj ya\u011flar\u0131, kremler ve do\u011fal kozmetik \u00fcr\u00fcnlerinde yayg\u0131n olarak kullan\u0131l\u0131r. Sa\u00e7 bak\u0131m \u00fcr\u00fcnlerinde ise sa\u00e7 tellerini beslemeye yard\u0131mc\u0131 olabilir ve sa\u00e7\u0131n daha yumu\u015fak, parlak ve kolay taranabilir olmas\u0131na katk\u0131 sa\u011flayabilir. Bu nedenle sa\u00e7 ya\u011flar\u0131, sa\u00e7 maskeleri ve bak\u0131m serumlar\u0131nda da s\u0131k\u00e7a tercih edilir. Kozmetik form\u00fclasyonlarda genellikle saf bitkisel ya\u011f olarak kullan\u0131l\u0131r ve \u00fcr\u00fcn\u00fcn nemlendirici ve besleyici \u00f6zelliklerini art\u0131rmak amac\u0131yla eklenir.<\/p>\n","protected":false},"excerpt":{"rendered":"<p>&#8230;<\/p>\n","protected":false},"featured_media":7641,"comment_status":"closed","ping_status":"closed","template":"","meta":[],"etheme_brands":[],"product_brand":[],"product_cat":[264],"product_tag":[],"class_list":{"0":"post-7658","1":"product","2":"type-product","3":"status-publish","4":"has-post-thumbnail","6":"product_cat-ucucu-yaglar","8":"first","9":"instock","10":"taxable","11":"shipping-taxable","12":"purchasable","13":"product-type-variable","14":"has-default-attributes"},"_links":{"self":[{"href":"https:\/\/kimyasalevi.com\/en\/wp-json\/wp\/v2\/product\/7658","targetHints":{"allow":["GET"]}}],"collection":[{"href":"https:\/\/kimyasalevi.com\/en\/wp-json\/wp\/v2\/product"}],"about":[{"href":"https:\/\/kimyasalevi.com\/en\/wp-json\/wp\/v2\/types\/product"}],"replies":[{"embeddable":true,"href":"https:\/\/kimyasalevi.com\/en\/wp-json\/wp\/v2\/comments?post=7658"}],"version-history":[{"count":1,"href":"https:\/\/kimyasalevi.com\/en\/wp-json\/wp\/v2\/product\/7658\/revisions"}],"predecessor-version":[{"id":7660,"href":"https:\/\/kimyasalevi.com\/en\/wp-json\/wp\/v2\/product\/7658\/revisions\/7660"}],"wp:featuredmedia":[{"embeddable":true,"href":"https:\/\/kimyasalevi.com\/en\/wp-json\/wp\/v2\/media\/7641"}],"wp:attachment":[{"href":"https:\/\/kimyasalevi.com\/en\/wp-json\/wp\/v2\/media?parent=7658"}],"wp:term":[{"taxonomy":"brand","embeddable":true,"href":"https:\/\/kimyasalevi.com\/en\/wp-json\/wp\/v2\/etheme_brands?post=7658"},{"taxonomy":"product_brand","embeddable":true,"href":"https:\/\/kimyasalevi.com\/en\/wp-json\/wp\/v2\/product_brand?post=7658"},{"taxonomy":"product_cat","embeddable":true,"href":"https:\/\/kimyasalevi.com\/en\/wp-json\/wp\/v2\/product_cat?post=7658"},{"taxonomy":"product_tag","embeddable":true,"href":"https:\/\/kimyasalevi.com\/en\/wp-json\/wp\/v2\/product_tag?post=7658"}],"curies":[{"name":"wp","href":"https:\/\/api.w.org\/{rel}","templated":true}]}}