{"id":7661,"date":"2026-03-10T06:36:42","date_gmt":"2026-03-10T06:36:42","guid":{"rendered":"https:\/\/kimyasalevi.com\/?post_type=product&#038;p=7661"},"modified":"2026-04-03T10:05:21","modified_gmt":"2026-04-03T10:05:21","slug":"aci-badem-yagi-bitter-almond-oil","status":"publish","type":"product","link":"https:\/\/kimyasalevi.com\/en\/product\/aci-badem-yagi-bitter-almond-oil\/","title":{"rendered":"Ac\u0131 badem ya\u011f\u0131 \u2014 Bitter Almond Oil"},"content":{"rendered":"<p>Ac\u0131 Badem Ya\u011f\u0131 (Bitter Almond Oil) kozmetik ve ki\u015fisel bak\u0131m \u00fcr\u00fcnlerinde kullan\u0131lan aromatik bitkisel ya\u011flardan biridir. Kendine \u00f6zg\u00fc ho\u015f ve karakteristik kokusu sayesinde \u00f6zellikle parf\u00fcmeri ve kozmetik \u00fcr\u00fcnlerinde koku verici bile\u015fen olarak tercih edilir. Cilt bak\u0131m \u00fcr\u00fcnlerinde form\u00fclasyonlara ho\u015f bir aroma kazand\u0131rmak amac\u0131yla d\u00fc\u015f\u00fck oranlarda kullan\u0131labilir. Ayr\u0131ca baz\u0131 form\u00fclasyonlarda cildi yumu\u015fatmaya ve bak\u0131m etkisini desteklemeye yard\u0131mc\u0131 olabilir. Bu nedenle sabunlar, losyonlar, kremler, masaj ya\u011flar\u0131 ve baz\u0131 parf\u00fcm i\u00e7eriklerinde yer alabilir. Bununla birlikte ac\u0131 badem ya\u011f\u0131n\u0131n kullan\u0131m\u0131 genellikle kontroll\u00fc ve d\u00fc\u015f\u00fck oranlarda yap\u0131l\u0131r \u00e7\u00fcnk\u00fc y\u00fcksek konsantrasyonlarda g\u00fc\u00e7l\u00fc aktif bile\u015fenler i\u00e7erebilir. Kozmetik form\u00fclasyonlarda \u00e7o\u011funlukla aromatik ya\u011f veya koku bile\u015feni olarak eklenerek \u00fcr\u00fcn\u00fcn duyusal \u00f6zelliklerini geli\u015ftirmek amac\u0131yla tercih edilir.<\/p>\n","protected":false},"excerpt":{"rendered":"<p>&#8230;<\/p>\n","protected":false},"featured_media":7640,"comment_status":"closed","ping_status":"closed","template":"","meta":[],"etheme_brands":[],"product_brand":[],"product_cat":[264],"product_tag":[],"class_list":{"0":"post-7661","1":"product","2":"type-product","3":"status-publish","4":"has-post-thumbnail","6":"product_cat-ucucu-yaglar","8":"first","9":"instock","10":"taxable","11":"shipping-taxable","12":"purchasable","13":"product-type-variable"},"_links":{"self":[{"href":"https:\/\/kimyasalevi.com\/en\/wp-json\/wp\/v2\/product\/7661","targetHints":{"allow":["GET"]}}],"collection":[{"href":"https:\/\/kimyasalevi.com\/en\/wp-json\/wp\/v2\/product"}],"about":[{"href":"https:\/\/kimyasalevi.com\/en\/wp-json\/wp\/v2\/types\/product"}],"replies":[{"embeddable":true,"href":"https:\/\/kimyasalevi.com\/en\/wp-json\/wp\/v2\/comments?post=7661"}],"version-history":[{"count":1,"href":"https:\/\/kimyasalevi.com\/en\/wp-json\/wp\/v2\/product\/7661\/revisions"}],"predecessor-version":[{"id":7663,"href":"https:\/\/kimyasalevi.com\/en\/wp-json\/wp\/v2\/product\/7661\/revisions\/7663"}],"wp:featuredmedia":[{"embeddable":true,"href":"https:\/\/kimyasalevi.com\/en\/wp-json\/wp\/v2\/media\/7640"}],"wp:attachment":[{"href":"https:\/\/kimyasalevi.com\/en\/wp-json\/wp\/v2\/media?parent=7661"}],"wp:term":[{"taxonomy":"brand","embeddable":true,"href":"https:\/\/kimyasalevi.com\/en\/wp-json\/wp\/v2\/etheme_brands?post=7661"},{"taxonomy":"product_brand","embeddable":true,"href":"https:\/\/kimyasalevi.com\/en\/wp-json\/wp\/v2\/product_brand?post=7661"},{"taxonomy":"product_cat","embeddable":true,"href":"https:\/\/kimyasalevi.com\/en\/wp-json\/wp\/v2\/product_cat?post=7661"},{"taxonomy":"product_tag","embeddable":true,"href":"https:\/\/kimyasalevi.com\/en\/wp-json\/wp\/v2\/product_tag?post=7661"}],"curies":[{"name":"wp","href":"https:\/\/api.w.org\/{rel}","templated":true}]}}