{"id":7667,"date":"2026-03-10T06:49:25","date_gmt":"2026-03-10T06:49:25","guid":{"rendered":"https:\/\/kimyasalevi.com\/?post_type=product&#038;p=7667"},"modified":"2026-04-03T10:05:21","modified_gmt":"2026-04-03T10:05:21","slug":"anason-yagi-anise-oil","status":"publish","type":"product","link":"https:\/\/kimyasalevi.com\/en\/product\/anason-yagi-anise-oil\/","title":{"rendered":"Anason ya\u011f\u0131 \u2014 Anise Oil"},"content":{"rendered":"<p>Anason Ya\u011f\u0131 kozmetik ve ki\u015fisel bak\u0131m \u00fcr\u00fcnlerinde kullan\u0131lan aromatik u\u00e7ucu ya\u011flardan biridir. Kendine \u00f6zg\u00fc tatl\u0131 ve baharatl\u0131 aromas\u0131 sayesinde \u00f6zellikle sabunlar, bak\u0131m ya\u011flar\u0131 ve baz\u0131 parf\u00fcmeri \u00fcr\u00fcnlerinde koku verici bile\u015fen olarak tercih edilir. Cilt bak\u0131m \u00fcr\u00fcnlerinde form\u00fclasyona ho\u015f bir koku katmas\u0131n\u0131n yan\u0131nda cildi canland\u0131r\u0131c\u0131 ve ferahlat\u0131c\u0131 bir etki sa\u011flayabilir. Bu nedenle do\u011fal kozmetik \u00fcr\u00fcnlerinde, masaj ya\u011flar\u0131nda ve baz\u0131 cilt bak\u0131m kar\u0131\u015f\u0131mlar\u0131nda d\u00fc\u015f\u00fck oranlarda kullan\u0131labilir. Sa\u00e7 bak\u0131m \u00fcr\u00fcnlerinde ise sa\u00e7 derisine ferahl\u0131k hissi vermeye yard\u0131mc\u0131 olabilir ve \u00fcr\u00fcn\u00fcn aromatik profilini zenginle\u015ftirir. Ayr\u0131ca kozmetik form\u00fclasyonlarda duyusal deneyimi art\u0131rmak amac\u0131yla kullan\u0131l\u0131r. Genellikle u\u00e7ucu ya\u011f formunda ve d\u00fc\u015f\u00fck konsantrasyonlarda eklenerek \u00fcr\u00fcn\u00fcn koku karakterini ve aromatik \u00f6zelliklerini geli\u015ftirmek amac\u0131yla tercih edilir.<\/p>\n","protected":false},"excerpt":{"rendered":"<p>&#8230;<\/p>\n","protected":false},"featured_media":7638,"comment_status":"closed","ping_status":"closed","template":"","meta":[],"etheme_brands":[],"product_brand":[],"product_cat":[264],"product_tag":[],"class_list":{"0":"post-7667","1":"product","2":"type-product","3":"status-publish","4":"has-post-thumbnail","6":"product_cat-ucucu-yaglar","8":"first","9":"instock","10":"taxable","11":"shipping-taxable","12":"purchasable","13":"product-type-variable"},"_links":{"self":[{"href":"https:\/\/kimyasalevi.com\/en\/wp-json\/wp\/v2\/product\/7667","targetHints":{"allow":["GET"]}}],"collection":[{"href":"https:\/\/kimyasalevi.com\/en\/wp-json\/wp\/v2\/product"}],"about":[{"href":"https:\/\/kimyasalevi.com\/en\/wp-json\/wp\/v2\/types\/product"}],"replies":[{"embeddable":true,"href":"https:\/\/kimyasalevi.com\/en\/wp-json\/wp\/v2\/comments?post=7667"}],"version-history":[{"count":1,"href":"https:\/\/kimyasalevi.com\/en\/wp-json\/wp\/v2\/product\/7667\/revisions"}],"predecessor-version":[{"id":7669,"href":"https:\/\/kimyasalevi.com\/en\/wp-json\/wp\/v2\/product\/7667\/revisions\/7669"}],"wp:featuredmedia":[{"embeddable":true,"href":"https:\/\/kimyasalevi.com\/en\/wp-json\/wp\/v2\/media\/7638"}],"wp:attachment":[{"href":"https:\/\/kimyasalevi.com\/en\/wp-json\/wp\/v2\/media?parent=7667"}],"wp:term":[{"taxonomy":"brand","embeddable":true,"href":"https:\/\/kimyasalevi.com\/en\/wp-json\/wp\/v2\/etheme_brands?post=7667"},{"taxonomy":"product_brand","embeddable":true,"href":"https:\/\/kimyasalevi.com\/en\/wp-json\/wp\/v2\/product_brand?post=7667"},{"taxonomy":"product_cat","embeddable":true,"href":"https:\/\/kimyasalevi.com\/en\/wp-json\/wp\/v2\/product_cat?post=7667"},{"taxonomy":"product_tag","embeddable":true,"href":"https:\/\/kimyasalevi.com\/en\/wp-json\/wp\/v2\/product_tag?post=7667"}],"curies":[{"name":"wp","href":"https:\/\/api.w.org\/{rel}","templated":true}]}}