{"id":7680,"date":"2026-03-10T07:24:33","date_gmt":"2026-03-10T07:24:33","guid":{"rendered":"https:\/\/kimyasalevi.com\/?post_type=product&#038;p=7680"},"modified":"2026-04-03T10:05:47","modified_gmt":"2026-04-03T10:05:47","slug":"biberiye-yagi-rosemary-oil","status":"publish","type":"product","link":"https:\/\/kimyasalevi.com\/en\/product\/biberiye-yagi-rosemary-oil\/","title":{"rendered":"Biberiye ya\u011f\u0131 \u2014 Rosemary Oil"},"content":{"rendered":"<p>Biberiye Ya\u011f\u0131 kozmetik ve ki\u015fisel bak\u0131m \u00fcr\u00fcnlerinde yayg\u0131n olarak kullan\u0131lan aromatik u\u00e7ucu ya\u011flardan biridir. \u0130\u00e7eri\u011finde bulunan do\u011fal aktif bile\u015fenler sayesinde \u00f6zellikle sa\u00e7 ve cilt bak\u0131m \u00fcr\u00fcnlerinde tercih edilir. Cilt bak\u0131m\u0131nda cildi canland\u0131rmaya ve daha dengeli bir g\u00f6r\u00fcn\u00fcm kazanmas\u0131na yard\u0131mc\u0131 olabilir. \u00d6zellikle ya\u011fl\u0131 veya problemli ciltler i\u00e7in geli\u015ftirilen \u00fcr\u00fcnlerde kullan\u0131labilir \u00e7\u00fcnk\u00fc cildin daha temiz ve taze g\u00f6r\u00fcnmesine katk\u0131 sa\u011flayabilir. Bu nedenle tonikler, y\u00fcz temizleyiciler, maskeler ve baz\u0131 do\u011fal cilt bak\u0131m ya\u011flar\u0131nda yer alabilir. Sa\u00e7 bak\u0131m \u00fcr\u00fcnlerinde ise sa\u00e7 derisini desteklemeye yard\u0131mc\u0131 olabilir ve sa\u00e7\u0131n daha g\u00fc\u00e7l\u00fc ve sa\u011fl\u0131kl\u0131 g\u00f6r\u00fcnmesine katk\u0131 sa\u011flayabilir. Bu y\u00fczden \u015fampuanlar, sa\u00e7 tonikleri, sa\u00e7 serumlar\u0131 ve sa\u00e7 bak\u0131m ya\u011flar\u0131nda s\u0131k\u00e7a kullan\u0131l\u0131r. Ayr\u0131ca kozmetik \u00fcr\u00fcnlere ferah, bitkisel ve karakteristik bir aroma kazand\u0131r\u0131r. Kozmetik form\u00fclasyonlarda genellikle u\u00e7ucu ya\u011f olarak d\u00fc\u015f\u00fck oranlarda eklenir ve \u00fcr\u00fcn\u00fcn aromatik ve bak\u0131m \u00f6zelliklerini desteklemek amac\u0131yla tercih edilir.<\/p>\n","protected":false},"excerpt":{"rendered":"<p>&#8230;<\/p>\n","protected":false},"featured_media":7634,"comment_status":"closed","ping_status":"closed","template":"","meta":[],"etheme_brands":[],"product_brand":[],"product_cat":[264],"product_tag":[],"class_list":{"0":"post-7680","1":"product","2":"type-product","3":"status-publish","4":"has-post-thumbnail","6":"product_cat-ucucu-yaglar","8":"first","9":"instock","10":"taxable","11":"shipping-taxable","12":"purchasable","13":"product-type-variable"},"_links":{"self":[{"href":"https:\/\/kimyasalevi.com\/en\/wp-json\/wp\/v2\/product\/7680","targetHints":{"allow":["GET"]}}],"collection":[{"href":"https:\/\/kimyasalevi.com\/en\/wp-json\/wp\/v2\/product"}],"about":[{"href":"https:\/\/kimyasalevi.com\/en\/wp-json\/wp\/v2\/types\/product"}],"replies":[{"embeddable":true,"href":"https:\/\/kimyasalevi.com\/en\/wp-json\/wp\/v2\/comments?post=7680"}],"version-history":[{"count":1,"href":"https:\/\/kimyasalevi.com\/en\/wp-json\/wp\/v2\/product\/7680\/revisions"}],"predecessor-version":[{"id":7682,"href":"https:\/\/kimyasalevi.com\/en\/wp-json\/wp\/v2\/product\/7680\/revisions\/7682"}],"wp:featuredmedia":[{"embeddable":true,"href":"https:\/\/kimyasalevi.com\/en\/wp-json\/wp\/v2\/media\/7634"}],"wp:attachment":[{"href":"https:\/\/kimyasalevi.com\/en\/wp-json\/wp\/v2\/media?parent=7680"}],"wp:term":[{"taxonomy":"brand","embeddable":true,"href":"https:\/\/kimyasalevi.com\/en\/wp-json\/wp\/v2\/etheme_brands?post=7680"},{"taxonomy":"product_brand","embeddable":true,"href":"https:\/\/kimyasalevi.com\/en\/wp-json\/wp\/v2\/product_brand?post=7680"},{"taxonomy":"product_cat","embeddable":true,"href":"https:\/\/kimyasalevi.com\/en\/wp-json\/wp\/v2\/product_cat?post=7680"},{"taxonomy":"product_tag","embeddable":true,"href":"https:\/\/kimyasalevi.com\/en\/wp-json\/wp\/v2\/product_tag?post=7680"}],"curies":[{"name":"wp","href":"https:\/\/api.w.org\/{rel}","templated":true}]}}