{"id":7689,"date":"2026-03-10T07:46:26","date_gmt":"2026-03-10T07:46:26","guid":{"rendered":"https:\/\/kimyasalevi.com\/?post_type=product&#038;p=7689"},"modified":"2026-04-03T10:05:47","modified_gmt":"2026-04-03T10:05:47","slug":"karanfil-yagi-clove-oil","status":"publish","type":"product","link":"https:\/\/kimyasalevi.com\/en\/product\/karanfil-yagi-clove-oil\/","title":{"rendered":"Karanfil ya\u011f\u0131 \u2014 Clove Oil"},"content":{"rendered":"<p>Karanfil Ya\u011f\u0131 kozmetik ve ki\u015fisel bak\u0131m \u00fcr\u00fcnlerinde kullan\u0131lan aromatik u\u00e7ucu ya\u011flardan biridir. Kendine \u00f6zg\u00fc s\u0131cak, baharatl\u0131 ve g\u00fc\u00e7l\u00fc aromas\u0131 sayesinde \u00f6zellikle do\u011fal kozmetik \u00fcr\u00fcnlerinde ve aromatik bak\u0131m form\u00fclasyonlar\u0131nda tercih edilir. Cilt bak\u0131m \u00fcr\u00fcnlerinde cilde canland\u0131r\u0131c\u0131 bir his verebilir ve \u00fcr\u00fcn\u00fcn aromatik karakterini g\u00fc\u00e7lendirebilir. Bu nedenle baz\u0131 do\u011fal cilt bak\u0131m kar\u0131\u015f\u0131mlar\u0131nda, sabunlarda ve masaj ya\u011flar\u0131nda d\u00fc\u015f\u00fck oranlarda kullan\u0131labilir. Ayn\u0131 zamanda kozmetik form\u00fclasyonlarda \u00fcr\u00fcn\u00fcn duyusal \u00f6zelliklerini zenginle\u015ftirmek amac\u0131yla tercih edilir. Sa\u00e7 bak\u0131m \u00fcr\u00fcnlerinde ise sa\u00e7 derisine ferahlat\u0131c\u0131 bir his verebilir ve sa\u00e7 bak\u0131m form\u00fclasyonlar\u0131n\u0131n aromatik profilini geli\u015ftirebilir. Bu nedenle \u015fampuanlar, sa\u00e7 tonikleri ve sa\u00e7 bak\u0131m ya\u011flar\u0131nda yer alabilir. Karanfil ya\u011f\u0131 genellikle u\u00e7ucu ya\u011f formunda ve d\u00fc\u015f\u00fck konsantrasyonlarda kullan\u0131l\u0131r \u00e7\u00fcnk\u00fc olduk\u00e7a yo\u011fun ve g\u00fc\u00e7l\u00fc bir aromaya sahiptir.<\/p>\n","protected":false},"excerpt":{"rendered":"<p>&#8230;<\/p>\n","protected":false},"featured_media":7631,"comment_status":"closed","ping_status":"closed","template":"","meta":[],"etheme_brands":[],"product_brand":[],"product_cat":[264],"product_tag":[],"class_list":{"0":"post-7689","1":"product","2":"type-product","3":"status-publish","4":"has-post-thumbnail","6":"product_cat-ucucu-yaglar","8":"first","9":"instock","10":"taxable","11":"shipping-taxable","12":"purchasable","13":"product-type-variable","14":"has-default-attributes"},"_links":{"self":[{"href":"https:\/\/kimyasalevi.com\/en\/wp-json\/wp\/v2\/product\/7689","targetHints":{"allow":["GET"]}}],"collection":[{"href":"https:\/\/kimyasalevi.com\/en\/wp-json\/wp\/v2\/product"}],"about":[{"href":"https:\/\/kimyasalevi.com\/en\/wp-json\/wp\/v2\/types\/product"}],"replies":[{"embeddable":true,"href":"https:\/\/kimyasalevi.com\/en\/wp-json\/wp\/v2\/comments?post=7689"}],"version-history":[{"count":2,"href":"https:\/\/kimyasalevi.com\/en\/wp-json\/wp\/v2\/product\/7689\/revisions"}],"predecessor-version":[{"id":7929,"href":"https:\/\/kimyasalevi.com\/en\/wp-json\/wp\/v2\/product\/7689\/revisions\/7929"}],"wp:featuredmedia":[{"embeddable":true,"href":"https:\/\/kimyasalevi.com\/en\/wp-json\/wp\/v2\/media\/7631"}],"wp:attachment":[{"href":"https:\/\/kimyasalevi.com\/en\/wp-json\/wp\/v2\/media?parent=7689"}],"wp:term":[{"taxonomy":"brand","embeddable":true,"href":"https:\/\/kimyasalevi.com\/en\/wp-json\/wp\/v2\/etheme_brands?post=7689"},{"taxonomy":"product_brand","embeddable":true,"href":"https:\/\/kimyasalevi.com\/en\/wp-json\/wp\/v2\/product_brand?post=7689"},{"taxonomy":"product_cat","embeddable":true,"href":"https:\/\/kimyasalevi.com\/en\/wp-json\/wp\/v2\/product_cat?post=7689"},{"taxonomy":"product_tag","embeddable":true,"href":"https:\/\/kimyasalevi.com\/en\/wp-json\/wp\/v2\/product_tag?post=7689"}],"curies":[{"name":"wp","href":"https:\/\/api.w.org\/{rel}","templated":true}]}}