{"id":7701,"date":"2026-03-10T08:18:55","date_gmt":"2026-03-10T08:18:55","guid":{"rendered":"https:\/\/kimyasalevi.com\/?post_type=product&#038;p=7701"},"modified":"2026-04-01T08:04:34","modified_gmt":"2026-04-01T08:04:34","slug":"hindistancevizi-yagi-coconut-oil","status":"publish","type":"product","link":"https:\/\/kimyasalevi.com\/en\/product\/hindistancevizi-yagi-coconut-oil\/","title":{"rendered":"Hindistancevizi ya\u011f\u0131 \u2014 Coconut Oil"},"content":{"rendered":"<p>Hindistan Cevizi Ya\u011f\u0131 kozmetik ve ki\u015fisel bak\u0131m \u00fcr\u00fcnlerinde en yayg\u0131n kullan\u0131lan bitkisel ya\u011flardan biridir. \u0130\u00e7eri\u011finde bulunan do\u011fal ya\u011f asitleri sayesinde cildi yo\u011fun \u015fekilde beslemeye ve nemlendirmeye yard\u0131mc\u0131 olabilir. \u00d6zellikle kuru ve nemsiz ciltler i\u00e7in geli\u015ftirilen \u00fcr\u00fcnlerde tercih edilir \u00e7\u00fcnk\u00fc cildin nem dengesini destekler ve cilde daha yumu\u015fak bir his kazand\u0131rabilir. Ayn\u0131 zamanda cildin daha p\u00fcr\u00fczs\u00fcz ve sa\u011fl\u0131kl\u0131 g\u00f6r\u00fcnmesine katk\u0131 sa\u011flayabilir. Bu nedenle v\u00fccut losyonlar\u0131, kremler, dudak bak\u0131m \u00fcr\u00fcnleri, sabunlar ve do\u011fal kozmetik form\u00fclasyonlar\u0131nda yayg\u0131n olarak kullan\u0131l\u0131r. Sa\u00e7 bak\u0131m \u00fcr\u00fcnlerinde ise sa\u00e7 tellerini beslemeye yard\u0131mc\u0131 olabilir ve sa\u00e7\u0131n daha parlak ve g\u00fc\u00e7l\u00fc g\u00f6r\u00fcnmesine katk\u0131 sa\u011flayabilir. \u00d6zellikle kuru ve y\u0131pranm\u0131\u015f sa\u00e7lar i\u00e7in haz\u0131rlanan sa\u00e7 maskeleri, sa\u00e7 ya\u011flar\u0131 ve bak\u0131m \u00fcr\u00fcnlerinde s\u0131k\u00e7a tercih edilir. Kozmetik form\u00fclasyonlarda genellikle saf bitkisel ya\u011f olarak kullan\u0131l\u0131r ve \u00fcr\u00fcn\u00fcn besleyici, nemlendirici ve yumu\u015fat\u0131c\u0131 \u00f6zelliklerini art\u0131rmak amac\u0131yla eklenir.<\/p>\n","protected":false},"excerpt":{"rendered":"<p>&#8230;<\/p>\n","protected":false},"featured_media":7626,"comment_status":"closed","ping_status":"closed","template":"","meta":[],"etheme_brands":[],"product_brand":[],"product_cat":[264],"product_tag":[],"class_list":{"0":"post-7701","1":"product","2":"type-product","3":"status-publish","4":"has-post-thumbnail","6":"product_cat-ucucu-yaglar","8":"first","9":"instock","10":"taxable","11":"shipping-taxable","12":"purchasable","13":"product-type-variable"},"_links":{"self":[{"href":"https:\/\/kimyasalevi.com\/en\/wp-json\/wp\/v2\/product\/7701","targetHints":{"allow":["GET"]}}],"collection":[{"href":"https:\/\/kimyasalevi.com\/en\/wp-json\/wp\/v2\/product"}],"about":[{"href":"https:\/\/kimyasalevi.com\/en\/wp-json\/wp\/v2\/types\/product"}],"replies":[{"embeddable":true,"href":"https:\/\/kimyasalevi.com\/en\/wp-json\/wp\/v2\/comments?post=7701"}],"version-history":[{"count":1,"href":"https:\/\/kimyasalevi.com\/en\/wp-json\/wp\/v2\/product\/7701\/revisions"}],"predecessor-version":[{"id":7703,"href":"https:\/\/kimyasalevi.com\/en\/wp-json\/wp\/v2\/product\/7701\/revisions\/7703"}],"wp:featuredmedia":[{"embeddable":true,"href":"https:\/\/kimyasalevi.com\/en\/wp-json\/wp\/v2\/media\/7626"}],"wp:attachment":[{"href":"https:\/\/kimyasalevi.com\/en\/wp-json\/wp\/v2\/media?parent=7701"}],"wp:term":[{"taxonomy":"brand","embeddable":true,"href":"https:\/\/kimyasalevi.com\/en\/wp-json\/wp\/v2\/etheme_brands?post=7701"},{"taxonomy":"product_brand","embeddable":true,"href":"https:\/\/kimyasalevi.com\/en\/wp-json\/wp\/v2\/product_brand?post=7701"},{"taxonomy":"product_cat","embeddable":true,"href":"https:\/\/kimyasalevi.com\/en\/wp-json\/wp\/v2\/product_cat?post=7701"},{"taxonomy":"product_tag","embeddable":true,"href":"https:\/\/kimyasalevi.com\/en\/wp-json\/wp\/v2\/product_tag?post=7701"}],"curies":[{"name":"wp","href":"https:\/\/api.w.org\/{rel}","templated":true}]}}