{"id":7704,"date":"2026-03-10T08:20:41","date_gmt":"2026-03-10T08:20:41","guid":{"rendered":"https:\/\/kimyasalevi.com\/?post_type=product&#038;p=7704"},"modified":"2026-04-01T08:03:47","modified_gmt":"2026-04-01T08:03:47","slug":"hardal-yagi-mustard-oil","status":"publish","type":"product","link":"https:\/\/kimyasalevi.com\/en\/product\/hardal-yagi-mustard-oil\/","title":{"rendered":"Hardal ya\u011f\u0131 \u2014 Mustard Oil"},"content":{"rendered":"<p>Hardal Ya\u011f\u0131 kozmetik ve ki\u015fisel bak\u0131m \u00fcr\u00fcnlerinde kullan\u0131lan bitkisel ya\u011flardan biridir. \u0130\u00e7eri\u011finde bulunan do\u011fal ya\u011f asitleri, vitaminler ve aktif bile\u015fenler sayesinde \u00f6zellikle sa\u00e7 bak\u0131m \u00fcr\u00fcnlerinde tercih edilir. Sa\u00e7 bak\u0131m\u0131nda sa\u00e7 derisini beslemeye ve sa\u00e7 k\u00f6klerini desteklemeye yard\u0131mc\u0131 olabilir. Bu nedenle sa\u00e7\u0131n daha g\u00fc\u00e7l\u00fc, parlak ve canl\u0131 g\u00f6r\u00fcnmesine katk\u0131 sa\u011flayabilir. Hardal ya\u011f\u0131 geleneksel olarak sa\u00e7 bak\u0131m ya\u011flar\u0131, sa\u00e7 maskeleri ve sa\u00e7 bak\u0131m k\u00fcrlerinde kullan\u0131lmaktad\u0131r. Ayn\u0131 zamanda sa\u00e7 derisine hafif bir \u0131s\u0131t\u0131c\u0131 etki verebilir ve sa\u00e7 bak\u0131m \u00fcr\u00fcnlerinde canland\u0131r\u0131c\u0131 bir his olu\u015fturabilir. Cilt bak\u0131m \u00fcr\u00fcnlerinde ise cildi beslemeye ve cilde yumu\u015fakl\u0131k kazand\u0131rmaya yard\u0131mc\u0131 olabilir. Bu nedenle baz\u0131 do\u011fal kozmetik form\u00fclasyonlar\u0131nda, masaj ya\u011flar\u0131nda ve v\u00fccut bak\u0131m \u00fcr\u00fcnlerinde kullan\u0131labilir. Kozmetik form\u00fclasyonlarda genellikle bitkisel ya\u011f olarak d\u00fc\u015f\u00fck veya orta oranlarda kullan\u0131l\u0131r ve \u00fcr\u00fcn\u00fcn besleyici ve bak\u0131m \u00f6zelliklerini art\u0131rmak amac\u0131yla tercih edilir.<\/p>\n","protected":false},"excerpt":{"rendered":"<p>&#8230;<\/p>\n","protected":false},"featured_media":7625,"comment_status":"closed","ping_status":"closed","template":"","meta":[],"etheme_brands":[],"product_brand":[],"product_cat":[264],"product_tag":[],"class_list":{"0":"post-7704","1":"product","2":"type-product","3":"status-publish","4":"has-post-thumbnail","6":"product_cat-ucucu-yaglar","8":"first","9":"instock","10":"taxable","11":"shipping-taxable","12":"purchasable","13":"product-type-variable","14":"has-default-attributes"},"_links":{"self":[{"href":"https:\/\/kimyasalevi.com\/en\/wp-json\/wp\/v2\/product\/7704","targetHints":{"allow":["GET"]}}],"collection":[{"href":"https:\/\/kimyasalevi.com\/en\/wp-json\/wp\/v2\/product"}],"about":[{"href":"https:\/\/kimyasalevi.com\/en\/wp-json\/wp\/v2\/types\/product"}],"replies":[{"embeddable":true,"href":"https:\/\/kimyasalevi.com\/en\/wp-json\/wp\/v2\/comments?post=7704"}],"version-history":[{"count":1,"href":"https:\/\/kimyasalevi.com\/en\/wp-json\/wp\/v2\/product\/7704\/revisions"}],"predecessor-version":[{"id":7706,"href":"https:\/\/kimyasalevi.com\/en\/wp-json\/wp\/v2\/product\/7704\/revisions\/7706"}],"wp:featuredmedia":[{"embeddable":true,"href":"https:\/\/kimyasalevi.com\/en\/wp-json\/wp\/v2\/media\/7625"}],"wp:attachment":[{"href":"https:\/\/kimyasalevi.com\/en\/wp-json\/wp\/v2\/media?parent=7704"}],"wp:term":[{"taxonomy":"brand","embeddable":true,"href":"https:\/\/kimyasalevi.com\/en\/wp-json\/wp\/v2\/etheme_brands?post=7704"},{"taxonomy":"product_brand","embeddable":true,"href":"https:\/\/kimyasalevi.com\/en\/wp-json\/wp\/v2\/product_brand?post=7704"},{"taxonomy":"product_cat","embeddable":true,"href":"https:\/\/kimyasalevi.com\/en\/wp-json\/wp\/v2\/product_cat?post=7704"},{"taxonomy":"product_tag","embeddable":true,"href":"https:\/\/kimyasalevi.com\/en\/wp-json\/wp\/v2\/product_tag?post=7704"}],"curies":[{"name":"wp","href":"https:\/\/api.w.org\/{rel}","templated":true}]}}